{"id":69,"date":"2025-05-19T15:04:28","date_gmt":"2025-05-19T15:04:28","guid":{"rendered":"https:\/\/xiaoxirou.com\/?page_id=69"},"modified":"2025-06-14T08:47:50","modified_gmt":"2025-06-14T08:47:50","slug":"mediacion","status":"publish","type":"page","link":"https:\/\/xiaoxirou.com\/en\/servicios\/mediacion\/","title":{"rendered":"Mediation"},"content":{"rendered":"<div class=\"wp-block-uagb-container uagb-block-f42f1c46 alignfull uagb-is-root-container\"><div class=\"uagb-container-inner-blocks-wrap\">\n<h1 class=\"wp-block-heading\" style=\"margin-top:var(--wp--preset--spacing--80)\"><strong><strong>Intercultural Mediation in art, education and society<\/strong><\/strong><\/h1>\n\n\n\n<p>Mediation is a fundamental pillar of my artistic, educational, and social practices, with a special focus on the Chinese diaspora in Spain and its relationship with society. My work focuses on interculturality, migration, and building bridges between communities.<\/p>\n\n\n\n<p>I am a co-founder of the <strong><a href=\"https:\/\/xiaoxirou.com\/en\/proyectos\/personales\/liwai-accion-intercultural\/\">Liwai Intercultural Action Association<\/a><\/strong> and I have worked as an intercultural mediator in the <strong>social project <em>Integracenter<\/em><\/strong> of the Centro district, as well as in the project of <strong>educational mediation<\/strong> in Usera (Madrid), in addition to collaborating with various public cultural institutions. The lines of work I can offer include:<\/p>\n\n\n\n<ul class=\"wp-block-list\">\n<li><strong>Mediation in museums and art centers<\/strong>, designing inclusive and accessible experiences for diverse audiences.<\/li>\n\n\n\n<li><strong>Development and execution of mediation projects<\/strong> aimed at the Chinese, Asian diaspora and racialized communities, with activities for families, teens and adults.<\/li>\n\n\n\n<li><strong>Mediation and interpretation in the social and socio-educational field<\/strong>, facilitating dialogue and intercultural coexistence.<\/li>\n\n\n\n<li><strong>Creation of teaching materials<\/strong> on intercultural mediation for institutions, educators and professionals.<\/li>\n\n\n\n<li><strong>Research and advice on intercultural mediation<\/strong>, developing specific approaches to education and art.<\/li>\n\n\n\n<li><strong>Training and teaching<\/strong> in intercultural mediation.\u00a0<\/li>\n<\/ul>\n\n\n\n<p>Below, I highlight some of the topics covered in my training initiatives.<\/p>\n\n\n\n<div class=\"wp-block-uagb-container uagb-block-435e0246 alignfull uagb-is-root-container\"><div class=\"uagb-container-inner-blocks-wrap\">\n<div class=\"wp-block-uagb-content-timeline uagb-timeline__outer-wrap uagb-block-a50c08ac uagb-timeline__content-wrap uagb-timeline__center-block  uagb-timeline__arrow-center uagb-timeline servicios\">\n<article class=\"wp-block-uagb-content-timeline-child uagb-timeline__field uagb-timeline-child-470251e5 uagb-timeline__right\"><div class=\"uagb-timeline__marker out-view-uagb-timeline__icon\"><svg xmlns=\"https:\/\/www.w3.org\/2000\/svg\" viewbox=\"0 0 256 512\"><path d=\"M64 448c-8.188 0-16.38-3.125-22.62-9.375c-12.5-12.5-12.5-32.75 0-45.25L178.8 256L41.38 118.6c-12.5-12.5-12.5-32.75 0-45.25s32.75-12.5 45.25 0l160 160c12.5 12.5 12.5 32.75 0 45.25l-160 160C80.38 444.9 72.19 448 64 448z\"><\/path><\/svg><\/div><div class=\"uagb-timeline__day-new uagb-timeline__day-right uagb-timeline__events-inner-new\"><div class=\"uagb-timeline__events-inner--content\"><h4 class=\"uagb-timeline__heading\"><mark style=\"background-color:rgba(0, 0, 0, 0)\" class=\"has-inline-color has-ast-global-color-2-color\"><strong><strong><strong><strong><strong><a href=\"https:\/\/xiaoxirou.com\/en\/proyectos\/personales\/%e5%a4%a9%e9%a9%ac%e8%a1%8c%e7%a9%batian-ma-xing-kong\/\">\u5929\u9a6c\u884c\u7a7a<em>Tian Mu Xing Kong<\/em><\/a><\/strong><\/strong><\/strong><\/strong><\/strong><\/mark><\/h4><p class=\"uagb-timeline-desc-content\">It is a community of Chinese families in Madrid that has been formed through intercultural, artistic and recreational mediation activities in collaboration with various institutions since 2019. It is a collaborative project with the <a href=\"https:\/\/www.condeduquemadrid.es\/actividades\/tianmaxingkong-tian-ma-xing-kong-2021-2022\">Conde Duque Center of Madrid<\/a> (2019-2021), <a href=\"https:\/\/www.museoreinasofia.es\/actividades\/savia-3-edicion-especial-tian-ma-xing-kong\">Reina Sof\u00eda National Art Center Museum<\/a> (2022-2025) and National Museum of Anthropology (2024).<br><br><img loading=\"lazy\" decoding=\"async\" width=\"750\" height=\"500\" class=\"wp-image-2018\" style=\"width: 750px;\" src=\"https:\/\/xiaoxirou.com\/wp-content\/uploads\/2025\/06\/mediacion-1.webp\" alt=\"\" srcset=\"https:\/\/xiaoxirou.com\/wp-content\/uploads\/2025\/06\/mediacion-1.webp 750w, https:\/\/xiaoxirou.com\/wp-content\/uploads\/2025\/06\/mediacion-1-300x200.webp 300w\" sizes=\"auto, (max-width: 750px) 100vw, 750px\" \/><\/p><div class=\"uagb-timeline__arrow\"><\/div><\/div><\/div><div class=\"uagb-timeline__date-new\"><\/div><\/article>\n\n\n\n<article class=\"wp-block-uagb-content-timeline-child uagb-timeline__field uagb-timeline-child-2f227eed uagb-timeline__left\"><div class=\"uagb-timeline__marker out-view-uagb-timeline__icon\"><svg xmlns=\"https:\/\/www.w3.org\/2000\/svg\" viewbox=\"0 0 256 512\"><path d=\"M64 448c-8.188 0-16.38-3.125-22.62-9.375c-12.5-12.5-12.5-32.75 0-45.25L178.8 256L41.38 118.6c-12.5-12.5-12.5-32.75 0-45.25s32.75-12.5 45.25 0l160 160c12.5 12.5 12.5 32.75 0 45.25l-160 160C80.38 444.9 72.19 448 64 448z\"><\/path><\/svg><\/div><div class=\"uagb-timeline__day-new uagb-timeline__day-left uagb-timeline__events-inner-new\"><div class=\"uagb-timeline__events-inner--content\"><h4 class=\"uagb-timeline__heading\"><mark style=\"background-color:rgba(0, 0, 0, 0)\" class=\"has-inline-color has-ast-global-color-2-color\"><strong><strong><strong><strong><strong><strong>Exhibition Coordination Assistant<a href=\"https:\/\/xiaoxirou.com\/en\/proyectos\/colaborativos\/museos\/museo-de-arte-contemporaneo-de-castilla-y-leon\/\"> \u201cAi Weiwei: Don Quixote\u201d<\/a><\/strong><\/strong><\/strong><\/strong><\/strong><\/strong><\/mark><\/h4><p class=\"uagb-timeline-desc-content\">I collaborated as a coordination assistant in the mediation during the assembly and disassembly of this exhibition in the <strong>Museum of Contemporary Art of Castile and Le\u00f3n (MUSAC)<\/strong>My role consisted of facilitating communication and collaboration between the MUSAC team and the Chinese Ai Weiwei Studies team (2024-2025).<br><br><img loading=\"lazy\" decoding=\"async\" width=\"750\" height=\"508\" class=\"wp-image-1605\" style=\"width: 750px;\" src=\"https:\/\/xiaoxirou.com\/wp-content\/uploads\/2025\/06\/museo-de-arte-contemporaneo-de-castilla-y-leon-1.webp\" alt=\"\" srcset=\"https:\/\/xiaoxirou.com\/wp-content\/uploads\/2025\/06\/museo-de-arte-contemporaneo-de-castilla-y-leon-1.webp 1512w, https:\/\/xiaoxirou.com\/wp-content\/uploads\/2025\/06\/museo-de-arte-contemporaneo-de-castilla-y-leon-1-300x203.webp 300w, https:\/\/xiaoxirou.com\/wp-content\/uploads\/2025\/06\/museo-de-arte-contemporaneo-de-castilla-y-leon-1-1024x694.webp 1024w, https:\/\/xiaoxirou.com\/wp-content\/uploads\/2025\/06\/museo-de-arte-contemporaneo-de-castilla-y-leon-1-768x520.webp 768w\" sizes=\"auto, (max-width: 750px) 100vw, 750px\" \/><\/p><div class=\"uagb-timeline__arrow\"><\/div><\/div><\/div><div class=\"uagb-timeline__date-new\"><\/div><\/article>\n\n\n\n<article class=\"wp-block-uagb-content-timeline-child uagb-timeline__field uagb-timeline-child-ba3b9723 uagb-timeline__right\"><div class=\"uagb-timeline__marker out-view-uagb-timeline__icon\"><svg xmlns=\"https:\/\/www.w3.org\/2000\/svg\" viewbox=\"0 0 256 512\"><path d=\"M64 448c-8.188 0-16.38-3.125-22.62-9.375c-12.5-12.5-12.5-32.75 0-45.25L178.8 256L41.38 118.6c-12.5-12.5-12.5-32.75 0-45.25s32.75-12.5 45.25 0l160 160c12.5 12.5 12.5 32.75 0 45.25l-160 160C80.38 444.9 72.19 448 64 448z\"><\/path><\/svg><\/div><div class=\"uagb-timeline__day-new uagb-timeline__day-right uagb-timeline__events-inner-new\"><div class=\"uagb-timeline__events-inner--content\"><h4 class=\"uagb-timeline__heading\"><mark style=\"background-color:rgba(0, 0, 0, 0)\" class=\"has-inline-color has-ast-global-color-2-color\">Storywalker: Stories from Qingtian to Usera with Intermediae<\/mark><\/h4><p class=\"uagb-timeline-desc-content\">I was part of the team for this project, which combines documentary and community theater with new technologies. It revolves around the Chinese community of Usera, with the aim of bringing to light the human stories hidden behind a neighborhood in constant flux and transformation. It primarily captures the stories of those who decided to leave their country and become residents of Usera.\u00a0<br>Director: Fernando S\u00e1nchez-Cabezudo. Dramaturgy: Luc\u00eda Carballal. Actress and intercultural mediator: Xirou Xiao. Sound production: Sandra Vicente and Mariano Garc\u00eda.<br><br><img loading=\"lazy\" decoding=\"async\" width=\"750\" height=\"851\" class=\"wp-image-2024\" style=\"width: 750px;\" src=\"https:\/\/xiaoxirou.com\/wp-content\/uploads\/2025\/06\/mediacion-3.webp\" alt=\"\" srcset=\"https:\/\/xiaoxirou.com\/wp-content\/uploads\/2025\/06\/mediacion-3.webp 750w, https:\/\/xiaoxirou.com\/wp-content\/uploads\/2025\/06\/mediacion-3-264x300.webp 264w\" sizes=\"auto, (max-width: 750px) 100vw, 750px\" \/><\/p><div class=\"uagb-timeline__arrow\"><\/div><\/div><\/div><div class=\"uagb-timeline__date-new\"><\/div><\/article>\n\n\n\n<article class=\"wp-block-uagb-content-timeline-child uagb-timeline__field uagb-timeline-child-1725f8d4 uagb-timeline__left\"><div class=\"uagb-timeline__marker out-view-uagb-timeline__icon\"><svg xmlns=\"https:\/\/www.w3.org\/2000\/svg\" viewbox=\"0 0 256 512\"><path d=\"M64 448c-8.188 0-16.38-3.125-22.62-9.375c-12.5-12.5-12.5-32.75 0-45.25L178.8 256L41.38 118.6c-12.5-12.5-12.5-32.75 0-45.25s32.75-12.5 45.25 0l160 160c12.5 12.5 12.5 32.75 0 45.25l-160 160C80.38 444.9 72.19 448 64 448z\"><\/path><\/svg><\/div><div class=\"uagb-timeline__day-new uagb-timeline__day-left uagb-timeline__events-inner-new\"><div class=\"uagb-timeline__events-inner--content\"><h4 class=\"uagb-timeline__heading\"><mark style=\"background-color:rgba(0, 0, 0, 0)\" class=\"has-inline-color has-ast-global-color-2-color\"><strong><a href=\"https:\/\/xiaoxirou.com\/en\/proyectos\/colaborativos\/artes-vivas-y-cine\/pelicula-chinas\/\">Movie \u201cChinas\u201d<\/a><\/strong><\/mark><\/h4><p class=\"uagb-timeline-desc-content\">I was part of the film crew<em> <a href=\"https:\/\/www.premiosgoya.com\/pelicula\/chinas\/\">Chinese<\/a><\/em> (dir. Arantxa Echevarr\u00eda, 2023) as <strong>casting director and cultural and artistic advisor.<\/strong><br><br><img loading=\"lazy\" decoding=\"async\" width=\"750\" height=\"1072\" class=\"wp-image-1759\" style=\"width: 750px;\" src=\"https:\/\/xiaoxirou.com\/wp-content\/uploads\/2025\/06\/chinas-1.webp\" alt=\"\" srcset=\"https:\/\/xiaoxirou.com\/wp-content\/uploads\/2025\/06\/chinas-1.webp 900w, https:\/\/xiaoxirou.com\/wp-content\/uploads\/2025\/06\/chinas-1-210x300.webp 210w, https:\/\/xiaoxirou.com\/wp-content\/uploads\/2025\/06\/chinas-1-717x1024.webp 717w, https:\/\/xiaoxirou.com\/wp-content\/uploads\/2025\/06\/chinas-1-768x1097.webp 768w\" sizes=\"auto, (max-width: 750px) 100vw, 750px\" \/><\/p><div class=\"uagb-timeline__arrow\"><\/div><\/div><\/div><div class=\"uagb-timeline__date-new\"><\/div><\/article>\n<div class=\"uagb-timeline__line\"><div class=\"uagb-timeline__line__inner\"><\/div><\/div><\/div>\n<\/div><\/div>\n<\/div><\/div>","protected":false},"excerpt":{"rendered":"<p>Mediaci\u00f3n Intercultural en arte, educaci\u00f3n y sociedad La mediaci\u00f3n es un pilar fundamental en mis pr\u00e1cticas art\u00edsticas, educativas y sociales, [&hellip;]<\/p>\n","protected":false},"author":2,"featured_media":0,"parent":63,"menu_order":0,"comment_status":"closed","ping_status":"closed","template":"","meta":{"_uag_custom_page_level_css":"","site-sidebar-layout":"default","site-content-layout":"","ast-site-content-layout":"","site-content-style":"default","site-sidebar-style":"default","ast-global-header-display":"","ast-banner-title-visibility":"","ast-main-header-display":"","ast-hfb-above-header-display":"","ast-hfb-below-header-display":"","ast-hfb-mobile-header-display":"","site-post-title":"disabled","ast-breadcrumbs-content":"","ast-featured-img":"","footer-sml-layout":"","ast-disable-related-posts":"","theme-transparent-header-meta":"","adv-header-id-meta":"","stick-header-meta":"","header-above-stick-meta":"","header-main-stick-meta":"","header-below-stick-meta":"","astra-migrate-meta-layouts":"default","ast-page-background-enabled":"default","ast-page-background-meta":{"desktop":{"background-color":"var(--ast-global-color-5)","background-image":"","background-repeat":"repeat","background-position":"center center","background-size":"auto","background-attachment":"scroll","background-type":"","background-media":"","overlay-type":"","overlay-color":"","overlay-opacity":"","overlay-gradient":""},"tablet":{"background-color":"","background-image":"","background-repeat":"repeat","background-position":"center center","background-size":"auto","background-attachment":"scroll","background-type":"","background-media":"","overlay-type":"","overlay-color":"","overlay-opacity":"","overlay-gradient":""},"mobile":{"background-color":"","background-image":"","background-repeat":"repeat","background-position":"center center","background-size":"auto","background-attachment":"scroll","background-type":"","background-media":"","overlay-type":"","overlay-color":"","overlay-opacity":"","overlay-gradient":""}},"ast-content-background-meta":{"desktop":{"background-color":"var(--ast-global-color-4)","background-image":"","background-repeat":"repeat","background-position":"center center","background-size":"auto","background-attachment":"scroll","background-type":"","background-media":"","overlay-type":"","overlay-color":"","overlay-opacity":"","overlay-gradient":""},"tablet":{"background-color":"var(--ast-global-color-4)","background-image":"","background-repeat":"repeat","background-position":"center center","background-size":"auto","background-attachment":"scroll","background-type":"","background-media":"","overlay-type":"","overlay-color":"","overlay-opacity":"","overlay-gradient":""},"mobile":{"background-color":"var(--ast-global-color-4)","background-image":"","background-repeat":"repeat","background-position":"center center","background-size":"auto","background-attachment":"scroll","background-type":"","background-media":"","overlay-type":"","overlay-color":"","overlay-opacity":"","overlay-gradient":""}},"footnotes":""},"class_list":["post-69","page","type-page","status-publish","hentry"],"yoast_head":"<!-- This site is optimized with the Yoast SEO Premium plugin v20.10 (Yoast SEO v27.4) - https:\/\/yoast.com\/product\/yoast-seo-premium-wordpress\/ -->\n<title>Mediaci\u00f3n - Xiao Xirou<\/title>\n<meta name=\"robots\" content=\"index, follow, max-snippet:-1, max-image-preview:large, max-video-preview:-1\" \/>\n<link rel=\"canonical\" href=\"https:\/\/xiaoxirou-i9lxxjjv2d.live-website.com\/servicios\/mediacion\/\" \/>\n<meta property=\"og:locale\" content=\"en_US\" \/>\n<meta property=\"og:type\" content=\"article\" \/>\n<meta property=\"og:title\" content=\"Mediaci\u00f3n\" \/>\n<meta property=\"og:description\" content=\"Mediaci\u00f3n Intercultural en arte, educaci\u00f3n y sociedad La mediaci\u00f3n es un pilar fundamental en mis pr\u00e1cticas art\u00edsticas, educativas y sociales, [&hellip;]\" \/>\n<meta property=\"og:url\" content=\"https:\/\/xiaoxirou-i9lxxjjv2d.live-website.com\/servicios\/mediacion\/\" \/>\n<meta property=\"og:site_name\" content=\"Xiao Xirou\" \/>\n<meta property=\"article:modified_time\" content=\"2025-06-14T08:47:50+00:00\" \/>\n<meta property=\"og:image\" content=\"https:\/\/xiaoxirou.com\/wp-content\/uploads\/2025\/06\/mediacion-1.webp\" \/>\n\t<meta property=\"og:image:width\" content=\"750\" \/>\n\t<meta property=\"og:image:height\" content=\"500\" \/>\n\t<meta property=\"og:image:type\" content=\"image\/webp\" \/>\n<meta name=\"twitter:card\" content=\"summary_large_image\" \/>\n<meta name=\"twitter:label1\" content=\"Est. reading time\" \/>\n\t<meta name=\"twitter:data1\" content=\"3 minutes\" \/>\n<script type=\"application\/ld+json\" class=\"yoast-schema-graph\">{\"@context\":\"https:\\\/\\\/schema.org\",\"@graph\":[{\"@type\":\"WebPage\",\"@id\":\"https:\\\/\\\/xiaoxirou-i9lxxjjv2d.live-website.com\\\/servicios\\\/mediacion\\\/\",\"url\":\"https:\\\/\\\/xiaoxirou-i9lxxjjv2d.live-website.com\\\/servicios\\\/mediacion\\\/\",\"name\":\"Mediaci\u00f3n - Xiao Xirou\",\"isPartOf\":{\"@id\":\"https:\\\/\\\/xiaoxirou.com\\\/#website\"},\"primaryImageOfPage\":{\"@id\":\"https:\\\/\\\/xiaoxirou-i9lxxjjv2d.live-website.com\\\/servicios\\\/mediacion\\\/#primaryimage\"},\"image\":{\"@id\":\"https:\\\/\\\/xiaoxirou-i9lxxjjv2d.live-website.com\\\/servicios\\\/mediacion\\\/#primaryimage\"},\"thumbnailUrl\":\"https:\\\/\\\/xiaoxirou.com\\\/wp-content\\\/uploads\\\/2025\\\/06\\\/mediacion-1.webp\",\"datePublished\":\"2025-05-19T15:04:28+00:00\",\"dateModified\":\"2025-06-14T08:47:50+00:00\",\"breadcrumb\":{\"@id\":\"https:\\\/\\\/xiaoxirou-i9lxxjjv2d.live-website.com\\\/servicios\\\/mediacion\\\/#breadcrumb\"},\"inLanguage\":\"en-US\",\"potentialAction\":[{\"@type\":\"ReadAction\",\"target\":[\"https:\\\/\\\/xiaoxirou-i9lxxjjv2d.live-website.com\\\/servicios\\\/mediacion\\\/\"]}]},{\"@type\":\"ImageObject\",\"inLanguage\":\"en-US\",\"@id\":\"https:\\\/\\\/xiaoxirou-i9lxxjjv2d.live-website.com\\\/servicios\\\/mediacion\\\/#primaryimage\",\"url\":\"https:\\\/\\\/xiaoxirou.com\\\/wp-content\\\/uploads\\\/2025\\\/06\\\/mediacion-1.webp\",\"contentUrl\":\"https:\\\/\\\/xiaoxirou.com\\\/wp-content\\\/uploads\\\/2025\\\/06\\\/mediacion-1.webp\"},{\"@type\":\"BreadcrumbList\",\"@id\":\"https:\\\/\\\/xiaoxirou-i9lxxjjv2d.live-website.com\\\/servicios\\\/mediacion\\\/#breadcrumb\",\"itemListElement\":[{\"@type\":\"ListItem\",\"position\":1,\"name\":\"Home\",\"item\":\"https:\\\/\\\/xiaoxirou.com\\\/\"},{\"@type\":\"ListItem\",\"position\":2,\"name\":\"Servicios\",\"item\":\"https:\\\/\\\/xiaoxirou-i9lxxjjv2d.live-website.com\\\/servicios\\\/\"},{\"@type\":\"ListItem\",\"position\":3,\"name\":\"Mediaci\u00f3n\"}]},{\"@type\":\"WebSite\",\"@id\":\"https:\\\/\\\/xiaoxirou.com\\\/#website\",\"url\":\"https:\\\/\\\/xiaoxirou.com\\\/\",\"name\":\"Xiao Xirou\",\"description\":\"Just another WordPress site\",\"publisher\":{\"@id\":\"https:\\\/\\\/xiaoxirou.com\\\/#organization\"},\"potentialAction\":[{\"@type\":\"SearchAction\",\"target\":{\"@type\":\"EntryPoint\",\"urlTemplate\":\"https:\\\/\\\/xiaoxirou.com\\\/?s={search_term_string}\"},\"query-input\":{\"@type\":\"PropertyValueSpecification\",\"valueRequired\":true,\"valueName\":\"search_term_string\"}}],\"inLanguage\":\"en-US\"},{\"@type\":\"Organization\",\"@id\":\"https:\\\/\\\/xiaoxirou.com\\\/#organization\",\"name\":\"Xiao Xirou\",\"url\":\"https:\\\/\\\/xiaoxirou.com\\\/\",\"logo\":{\"@type\":\"ImageObject\",\"inLanguage\":\"en-US\",\"@id\":\"https:\\\/\\\/xiaoxirou.com\\\/#\\\/schema\\\/logo\\\/image\\\/\",\"url\":\"https:\\\/\\\/xiaoxirou.com\\\/wp-content\\\/uploads\\\/2025\\\/05\\\/cropped-Xiao-Xirou.png\",\"contentUrl\":\"https:\\\/\\\/xiaoxirou.com\\\/wp-content\\\/uploads\\\/2025\\\/05\\\/cropped-Xiao-Xirou.png\",\"width\":220,\"height\":148,\"caption\":\"Xiao Xirou\"},\"image\":{\"@id\":\"https:\\\/\\\/xiaoxirou.com\\\/#\\\/schema\\\/logo\\\/image\\\/\"}}]}<\/script>\n<!-- \/ Yoast SEO Premium plugin. -->","yoast_head_json":{"title":"Mediaci\u00f3n - Xiao Xirou","robots":{"index":"index","follow":"follow","max-snippet":"max-snippet:-1","max-image-preview":"max-image-preview:large","max-video-preview":"max-video-preview:-1"},"canonical":"https:\/\/xiaoxirou-i9lxxjjv2d.live-website.com\/servicios\/mediacion\/","og_locale":"en_US","og_type":"article","og_title":"Mediaci\u00f3n","og_description":"Mediaci\u00f3n Intercultural en arte, educaci\u00f3n y sociedad La mediaci\u00f3n es un pilar fundamental en mis pr\u00e1cticas art\u00edsticas, educativas y sociales, [&hellip;]","og_url":"https:\/\/xiaoxirou-i9lxxjjv2d.live-website.com\/servicios\/mediacion\/","og_site_name":"Xiao Xirou","article_modified_time":"2025-06-14T08:47:50+00:00","og_image":[{"width":750,"height":500,"url":"https:\/\/xiaoxirou.com\/wp-content\/uploads\/2025\/06\/mediacion-1.webp","type":"image\/webp"}],"twitter_card":"summary_large_image","twitter_misc":{"Est. reading time":"3 minutes"},"schema":{"@context":"https:\/\/schema.org","@graph":[{"@type":"WebPage","@id":"https:\/\/xiaoxirou-i9lxxjjv2d.live-website.com\/servicios\/mediacion\/","url":"https:\/\/xiaoxirou-i9lxxjjv2d.live-website.com\/servicios\/mediacion\/","name":"Mediaci\u00f3n - Xiao Xirou","isPartOf":{"@id":"https:\/\/xiaoxirou.com\/#website"},"primaryImageOfPage":{"@id":"https:\/\/xiaoxirou-i9lxxjjv2d.live-website.com\/servicios\/mediacion\/#primaryimage"},"image":{"@id":"https:\/\/xiaoxirou-i9lxxjjv2d.live-website.com\/servicios\/mediacion\/#primaryimage"},"thumbnailUrl":"https:\/\/xiaoxirou.com\/wp-content\/uploads\/2025\/06\/mediacion-1.webp","datePublished":"2025-05-19T15:04:28+00:00","dateModified":"2025-06-14T08:47:50+00:00","breadcrumb":{"@id":"https:\/\/xiaoxirou-i9lxxjjv2d.live-website.com\/servicios\/mediacion\/#breadcrumb"},"inLanguage":"en-US","potentialAction":[{"@type":"ReadAction","target":["https:\/\/xiaoxirou-i9lxxjjv2d.live-website.com\/servicios\/mediacion\/"]}]},{"@type":"ImageObject","inLanguage":"en-US","@id":"https:\/\/xiaoxirou-i9lxxjjv2d.live-website.com\/servicios\/mediacion\/#primaryimage","url":"https:\/\/xiaoxirou.com\/wp-content\/uploads\/2025\/06\/mediacion-1.webp","contentUrl":"https:\/\/xiaoxirou.com\/wp-content\/uploads\/2025\/06\/mediacion-1.webp"},{"@type":"BreadcrumbList","@id":"https:\/\/xiaoxirou-i9lxxjjv2d.live-website.com\/servicios\/mediacion\/#breadcrumb","itemListElement":[{"@type":"ListItem","position":1,"name":"Home","item":"https:\/\/xiaoxirou.com\/"},{"@type":"ListItem","position":2,"name":"Servicios","item":"https:\/\/xiaoxirou-i9lxxjjv2d.live-website.com\/servicios\/"},{"@type":"ListItem","position":3,"name":"Mediaci\u00f3n"}]},{"@type":"WebSite","@id":"https:\/\/xiaoxirou.com\/#website","url":"https:\/\/xiaoxirou.com\/","name":"Xiao Xirou","description":"Just another WordPress site","publisher":{"@id":"https:\/\/xiaoxirou.com\/#organization"},"potentialAction":[{"@type":"SearchAction","target":{"@type":"EntryPoint","urlTemplate":"https:\/\/xiaoxirou.com\/?s={search_term_string}"},"query-input":{"@type":"PropertyValueSpecification","valueRequired":true,"valueName":"search_term_string"}}],"inLanguage":"en-US"},{"@type":"Organization","@id":"https:\/\/xiaoxirou.com\/#organization","name":"Xiao Xirou","url":"https:\/\/xiaoxirou.com\/","logo":{"@type":"ImageObject","inLanguage":"en-US","@id":"https:\/\/xiaoxirou.com\/#\/schema\/logo\/image\/","url":"https:\/\/xiaoxirou.com\/wp-content\/uploads\/2025\/05\/cropped-Xiao-Xirou.png","contentUrl":"https:\/\/xiaoxirou.com\/wp-content\/uploads\/2025\/05\/cropped-Xiao-Xirou.png","width":220,"height":148,"caption":"Xiao Xirou"},"image":{"@id":"https:\/\/xiaoxirou.com\/#\/schema\/logo\/image\/"}}]}},"uagb_featured_image_src":{"full":false,"thumbnail":false,"medium":false,"medium_large":false,"large":false,"1536x1536":false,"2048x2048":false,"trp-custom-language-flag":false},"uagb_author_info":{"display_name":"Naomi Pastor Flores","author_link":"https:\/\/xiaoxirou.com\/en\/author\/mondo\/"},"uagb_comment_info":0,"uagb_excerpt":"Mediaci\u00f3n Intercultural en arte, educaci\u00f3n y sociedad La mediaci\u00f3n es un pilar fundamental en mis pr\u00e1cticas art\u00edsticas, educativas y sociales, [&hellip;]","_links":{"self":[{"href":"https:\/\/xiaoxirou.com\/en\/wp-json\/wp\/v2\/pages\/69","targetHints":{"allow":["GET"]}}],"collection":[{"href":"https:\/\/xiaoxirou.com\/en\/wp-json\/wp\/v2\/pages"}],"about":[{"href":"https:\/\/xiaoxirou.com\/en\/wp-json\/wp\/v2\/types\/page"}],"author":[{"embeddable":true,"href":"https:\/\/xiaoxirou.com\/en\/wp-json\/wp\/v2\/users\/2"}],"replies":[{"embeddable":true,"href":"https:\/\/xiaoxirou.com\/en\/wp-json\/wp\/v2\/comments?post=69"}],"version-history":[{"count":8,"href":"https:\/\/xiaoxirou.com\/en\/wp-json\/wp\/v2\/pages\/69\/revisions"}],"predecessor-version":[{"id":2029,"href":"https:\/\/xiaoxirou.com\/en\/wp-json\/wp\/v2\/pages\/69\/revisions\/2029"}],"up":[{"embeddable":true,"href":"https:\/\/xiaoxirou.com\/en\/wp-json\/wp\/v2\/pages\/63"}],"wp:attachment":[{"href":"https:\/\/xiaoxirou.com\/en\/wp-json\/wp\/v2\/media?parent=69"}],"curies":[{"name":"wp","href":"https:\/\/api.w.org\/{rel}","templated":true}]}}