{"id":71,"date":"2025-05-19T15:06:01","date_gmt":"2025-05-19T15:06:01","guid":{"rendered":"https:\/\/xiaoxirou.com\/?page_id=71"},"modified":"2025-08-07T05:09:52","modified_gmt":"2025-08-07T05:09:52","slug":"creacion","status":"publish","type":"page","link":"https:\/\/xiaoxirou.com\/en\/servicios\/creacion\/","title":{"rendered":"Creation"},"content":{"rendered":"<div class=\"wp-block-uagb-container uagb-block-f42f1c46 alignfull uagb-is-root-container\"><div class=\"uagb-container-inner-blocks-wrap\">\n<h1 class=\"wp-block-heading\" style=\"margin-top:var(--wp--preset--spacing--80)\"><strong><strong>Artistic and collective creation<\/strong><\/strong><\/h1>\n\n\n\n<p>Artistic creation is one of the pillars of my work, with a special focus on the <strong>collective and community creation<\/strong>In recent years, my practice has been linked not only to the Chinese diaspora, but also to diverse communities, such as the Usera neighborhood of Madrid and the Fort Pienc neighborhood of Barcelona. Throughout my career, I have developed projects focused on the construction of <strong>shared artistic experiences<\/strong>, as <strong>Crab Pro<\/strong> and <strong>Round Table<\/strong>.<\/p>\n\n\n\n<p>Although the <strong>performance art<\/strong> has always been my starting point, my practice expands to other disciplines, such as <strong>community and transdisciplinary stage creation<\/strong>. I have collaborated with <strong>Cultural institutions such as the National Drama Center, Matadero Madrid, and the La Caixa Foundation<\/strong>, exploring new forms of collective artistic expression.<\/p>\n\n\n\n<div class=\"wp-block-uagb-advanced-heading uagb-block-2bbd3423\"><h3 class=\"uagb-heading-text\">Services<\/h3><\/div>\n\n\n\n<ul class=\"wp-block-list\">\n<li><strong>Community and collective artistic creation<\/strong>, encouraging participation and the construction of shared narratives.<\/li>\n\n\n\n<li><strong>Artistic projects with a gender and racial perspective<\/strong>, promoting diversity and heterogeneity.<\/li>\n\n\n\n<li><strong>Direction and coordination of creative projects<\/strong>, from the initial idea to its development and execution.<\/li>\n\n\n\n<li><strong>Research and creative process workshops<\/strong>, combining artistic practice with critical reflection.<\/li>\n\n\n\n<li><strong>Preparation of methodological materials<\/strong> for the design and implementation of collective creative processes.<\/li>\n\n\n\n<li><strong>Collaborations with other agents and projects<\/strong>, generating synergies between different cultural and social spheres.<\/li>\n<\/ul>\n\n\n\n<p>If you&#039;re looking to develop an artistic project based on collective and community creation, I&#039;d be happy to guide you through the process.<\/p>\n\n\n\n<div class=\"wp-block-uagb-container uagb-block-435e0246 alignfull uagb-is-root-container\"><div class=\"uagb-container-inner-blocks-wrap\">\n<div class=\"wp-block-uagb-advanced-heading uagb-block-d6f6f85f\"><h3 class=\"uagb-heading-text\">Projects<\/h3><\/div>\n\n\n\n<div class=\"wp-block-uagb-content-timeline uagb-timeline__outer-wrap uagb-block-a50c08ac uagb-timeline__content-wrap uagb-timeline__center-block  uagb-timeline__arrow-center uagb-timeline servicios\">\n<article class=\"wp-block-uagb-content-timeline-child uagb-timeline__field uagb-timeline-child-a519042e uagb-timeline__right\"><div class=\"uagb-timeline__marker out-view-uagb-timeline__icon\"><svg xmlns=\"https:\/\/www.w3.org\/2000\/svg\" viewbox=\"0 0 256 512\"><path d=\"M64 448c-8.188 0-16.38-3.125-22.62-9.375c-12.5-12.5-12.5-32.75 0-45.25L178.8 256L41.38 118.6c-12.5-12.5-12.5-32.75 0-45.25s32.75-12.5 45.25 0l160 160c12.5 12.5 12.5 32.75 0 45.25l-160 160C80.38 444.9 72.19 448 64 448z\"><\/path><\/svg><\/div><div class=\"uagb-timeline__day-new uagb-timeline__day-right uagb-timeline__events-inner-new\"><div class=\"uagb-timeline__events-inner--content\"><h4 class=\"uagb-timeline__heading\"><mark style=\"background-color:rgba(0, 0, 0, 0)\" class=\"has-inline-color has-ast-global-color-2-color\"><strong><strong><strong><strong><strong><strong><em><a href=\"https:\/\/xiaoxirou.com\/en\/proyectos\/personales\/cangrejo-pro\/#mas-de-barrio:-Usera\">Neighborhood Dramas: Usera<\/a><\/em><\/strong> <a href=\"https:\/\/xiaoxirou.com\/en\/proyectos\/personales\/%e5%a4%a9%e9%a9%ac%e8%a1%8c%e7%a9%batian-ma-xing-kong\/\">(2024)<\/a><\/strong><\/strong><\/strong><\/strong><\/strong><\/mark><\/h4><p class=\"uagb-timeline-desc-content\">(2024). Performance presentation at the Mar\u00eda Guerrero Theater in <strong><a href=\"https:\/\/dramatico.mcu.es\/evento\/dramas-de-barrio-talleres-de-investigacion-en-usera-chueca-y-lavapies\/\">National Drama Center<\/a><\/strong>.<br><br><strong>+Dramas<\/strong> is a #Dram\u00e1tico project that navigates between research and the stage, an open space for communicating with the public and exploring the paths that transform an idea into an aesthetic experience. Our project <strong>Neighborhood Dramas: Usera<\/strong> We offered a wide range of stories, perspectives, and complexities, reflected on the language of the Chinese diaspora, savored memories, and explored the meeting points and streets of Usera.\u00a0<br><br>The presentation of the results of the research workshops took place at the Mar\u00eda Guerrero Theater.<br><br><img loading=\"lazy\" decoding=\"async\" width=\"750\" height=\"675\" class=\"wp-image-456\" style=\"width: 750px;\" src=\"https:\/\/xiaoxirou.com\/wp-content\/uploads\/2025\/05\/dramas-de-barrio-usera-2.webp\" alt=\"\" srcset=\"https:\/\/xiaoxirou.com\/wp-content\/uploads\/2025\/05\/dramas-de-barrio-usera-2.webp 800w, https:\/\/xiaoxirou.com\/wp-content\/uploads\/2025\/05\/dramas-de-barrio-usera-2-300x270.webp 300w, https:\/\/xiaoxirou.com\/wp-content\/uploads\/2025\/05\/dramas-de-barrio-usera-2-768x691.webp 768w\" sizes=\"auto, (max-width: 750px) 100vw, 750px\" \/><\/p><div class=\"uagb-timeline__arrow\"><\/div><\/div><\/div><div class=\"uagb-timeline__date-new\"><\/div><\/article>\n\n\n\n<article class=\"wp-block-uagb-content-timeline-child uagb-timeline__field uagb-timeline-child-0d33f50d uagb-timeline__left\"><div class=\"uagb-timeline__marker out-view-uagb-timeline__icon\"><svg xmlns=\"https:\/\/www.w3.org\/2000\/svg\" viewbox=\"0 0 256 512\"><path d=\"M64 448c-8.188 0-16.38-3.125-22.62-9.375c-12.5-12.5-12.5-32.75 0-45.25L178.8 256L41.38 118.6c-12.5-12.5-12.5-32.75 0-45.25s32.75-12.5 45.25 0l160 160c12.5 12.5 12.5 32.75 0 45.25l-160 160C80.38 444.9 72.19 448 64 448z\"><\/path><\/svg><\/div><div class=\"uagb-timeline__day-new uagb-timeline__day-left uagb-timeline__events-inner-new\"><div class=\"uagb-timeline__events-inner--content\"><h4 class=\"uagb-timeline__heading\"><mark style=\"background-color:rgba(0, 0, 0, 0)\" class=\"has-inline-color has-ast-global-color-2-color\"><strong><strong><strong><strong><strong><strong><a href=\"https:\/\/xiaoxirou.com\/en\/proyectos\/colaborativos\/artes-vivas-y-cine\/creacion-escenica-y-comunitaria-sin-%ef%bd%a5%e6%b2%a1%e6%9c%89-%ef%bd%a5-sense-%ef%bd%a5-%d1%81%d0%b8%d0%bd-cece-aquario-barcelona\/\"><strong>\u201cSIN \uff65\u6ca1\u6709 \uff65 SENSE \uff65 \u0421\u0418\u041d. CEC\u00c9. Aquario Barcelona\u201d with MOVE and COMUart <\/strong>(2018-2019)<\/a><\/strong><\/strong><\/strong><\/strong><\/strong><\/strong><\/mark><\/h4><p class=\"uagb-timeline-desc-content\">I co-directed the project with Elena L\u00f3pez (MOVE). It was a community performance project with Barcelona residents of diverse backgrounds. Funded by Art for Change, Fundaci\u00f3 Bancaixa, Barcelona City Council, and CEC, with the collaboration of Casal Transformadros and CaixaForum.<br><br><img loading=\"lazy\" decoding=\"async\" width=\"750\" height=\"321\" class=\"wp-image-1692\" style=\"width: 750px;\" src=\"https:\/\/xiaoxirou.com\/wp-content\/uploads\/2025\/06\/creacion-escenica-y-comunitaria-1-1.webp\" alt=\"\" srcset=\"https:\/\/xiaoxirou.com\/wp-content\/uploads\/2025\/06\/creacion-escenica-y-comunitaria-1-1.webp 2048w, https:\/\/xiaoxirou.com\/wp-content\/uploads\/2025\/06\/creacion-escenica-y-comunitaria-1-1-300x128.webp 300w, https:\/\/xiaoxirou.com\/wp-content\/uploads\/2025\/06\/creacion-escenica-y-comunitaria-1-1-1024x439.webp 1024w, https:\/\/xiaoxirou.com\/wp-content\/uploads\/2025\/06\/creacion-escenica-y-comunitaria-1-1-768x329.webp 768w, https:\/\/xiaoxirou.com\/wp-content\/uploads\/2025\/06\/creacion-escenica-y-comunitaria-1-1-1536x658.webp 1536w\" sizes=\"auto, (max-width: 750px) 100vw, 750px\" \/><\/p><div class=\"uagb-timeline__arrow\"><\/div><\/div><\/div><div class=\"uagb-timeline__date-new\"><\/div><\/article>\n\n\n\n<article class=\"wp-block-uagb-content-timeline-child uagb-timeline__field uagb-timeline-child-ec334727 uagb-timeline__right\"><div class=\"uagb-timeline__marker out-view-uagb-timeline__icon\"><svg xmlns=\"https:\/\/www.w3.org\/2000\/svg\" viewbox=\"0 0 256 512\"><path d=\"M64 448c-8.188 0-16.38-3.125-22.62-9.375c-12.5-12.5-12.5-32.75 0-45.25L178.8 256L41.38 118.6c-12.5-12.5-12.5-32.75 0-45.25s32.75-12.5 45.25 0l160 160c12.5 12.5 12.5 32.75 0 45.25l-160 160C80.38 444.9 72.19 448 64 448z\"><\/path><\/svg><\/div><div class=\"uagb-timeline__day-new uagb-timeline__day-right uagb-timeline__events-inner-new\"><div class=\"uagb-timeline__events-inner--content\"><h4 class=\"uagb-timeline__heading\"><mark style=\"background-color:rgba(0, 0, 0, 0)\" class=\"has-inline-color has-ast-global-color-2-color\"><strong><strong><strong><strong><strong><strong><strong><a href=\"https:\/\/xiaoxirou.com\/en\/proyectos\/colaborativos\/museos\/museo-nacional-de-prado\/\"><strong>Project Slide: <em>A back-and-forth dance<\/em><\/strong> (2020-2021) in<strong> he<\/strong> <strong>National Prado Museum.<\/strong><\/a><\/strong><\/strong><\/strong><\/strong><\/strong><\/strong><\/strong><\/mark><\/h4><p class=\"uagb-timeline-desc-content\">I am the artist-educator, in my proposal <strong>ethnoeducation and gender<\/strong>, we developed a co-design process for educational resources and digital tools based on the voices and expectations of the seven teachers at IES Vallecas I.\u00a0<br><br>The dynamics of this project is like a <em><a href=\"https:\/\/www.museodelprado.es\/recurso\/proyecto-un-baile-de-vaiven-dentro-y-fuera-de\/7f89ec73-e646-4223-9537-293b01aef237\">back-and-forth dance<\/a><\/em>: making and unmaking identity within and outside the selected works of the Prado Museum and within the school space. School relationships are, ultimately, a coming and going, a giving and receiving, an entering and leaving, a hello and goodbye, a welcome and a farewell\u2026<br><br><a href=\"https:\/\/view.genially.com\/60cce0d8ad54880d4953d12e\"><img loading=\"lazy\" decoding=\"async\" width=\"750\" height=\"405\" class=\"wp-image-2048\" style=\"width: 750px;\" src=\"https:\/\/xiaoxirou.com\/wp-content\/uploads\/2025\/06\/creacion-3.webp\" alt=\"\" srcset=\"https:\/\/xiaoxirou.com\/wp-content\/uploads\/2025\/06\/creacion-3.webp 750w, https:\/\/xiaoxirou.com\/wp-content\/uploads\/2025\/06\/creacion-3-300x162.webp 300w\" sizes=\"auto, (max-width: 750px) 100vw, 750px\" \/><\/a><\/p><div class=\"uagb-timeline__arrow\"><\/div><\/div><\/div><div class=\"uagb-timeline__date-new\"><\/div><\/article>\n<div class=\"uagb-timeline__line\"><div class=\"uagb-timeline__line__inner\"><\/div><\/div><\/div>\n<\/div><\/div>\n\n\n\n<h3 class=\"wp-block-heading\"><\/h3>\n<\/div><\/div>","protected":false},"excerpt":{"rendered":"<p>Creaci\u00f3n art\u00edstica y colectiva La creaci\u00f3n art\u00edstica es uno de los pilares de mi trabajo, con un enfoque especial en [&hellip;]<\/p>\n","protected":false},"author":2,"featured_media":0,"parent":63,"menu_order":0,"comment_status":"closed","ping_status":"closed","template":"","meta":{"_uag_custom_page_level_css":"","site-sidebar-layout":"default","site-content-layout":"","ast-site-content-layout":"","site-content-style":"default","site-sidebar-style":"default","ast-global-header-display":"","ast-banner-title-visibility":"","ast-main-header-display":"","ast-hfb-above-header-display":"","ast-hfb-below-header-display":"","ast-hfb-mobile-header-display":"","site-post-title":"disabled","ast-breadcrumbs-content":"","ast-featured-img":"","footer-sml-layout":"","ast-disable-related-posts":"","theme-transparent-header-meta":"","adv-header-id-meta":"","stick-header-meta":"","header-above-stick-meta":"","header-main-stick-meta":"","header-below-stick-meta":"","astra-migrate-meta-layouts":"default","ast-page-background-enabled":"default","ast-page-background-meta":{"desktop":{"background-color":"var(--ast-global-color-5)","background-image":"","background-repeat":"repeat","background-position":"center center","background-size":"auto","background-attachment":"scroll","background-type":"","background-media":"","overlay-type":"","overlay-color":"","overlay-opacity":"","overlay-gradient":""},"tablet":{"background-color":"","background-image":"","background-repeat":"repeat","background-position":"center center","background-size":"auto","background-attachment":"scroll","background-type":"","background-media":"","overlay-type":"","overlay-color":"","overlay-opacity":"","overlay-gradient":""},"mobile":{"background-color":"","background-image":"","background-repeat":"repeat","background-position":"center center","background-size":"auto","background-attachment":"scroll","background-type":"","background-media":"","overlay-type":"","overlay-color":"","overlay-opacity":"","overlay-gradient":""}},"ast-content-background-meta":{"desktop":{"background-color":"var(--ast-global-color-4)","background-image":"","background-repeat":"repeat","background-position":"center center","background-size":"auto","background-attachment":"scroll","background-type":"","background-media":"","overlay-type":"","overlay-color":"","overlay-opacity":"","overlay-gradient":""},"tablet":{"background-color":"var(--ast-global-color-4)","background-image":"","background-repeat":"repeat","background-position":"center center","background-size":"auto","background-attachment":"scroll","background-type":"","background-media":"","overlay-type":"","overlay-color":"","overlay-opacity":"","overlay-gradient":""},"mobile":{"background-color":"var(--ast-global-color-4)","background-image":"","background-repeat":"repeat","background-position":"center center","background-size":"auto","background-attachment":"scroll","background-type":"","background-media":"","overlay-type":"","overlay-color":"","overlay-opacity":"","overlay-gradient":""}},"footnotes":""},"class_list":["post-71","page","type-page","status-publish","hentry"],"yoast_head":"<!-- This site is optimized with the Yoast SEO Premium plugin v20.10 (Yoast SEO v27.4) - https:\/\/yoast.com\/product\/yoast-seo-premium-wordpress\/ -->\n<title>Creaci\u00f3n - Xiao Xirou<\/title>\n<meta name=\"robots\" content=\"index, follow, max-snippet:-1, max-image-preview:large, max-video-preview:-1\" \/>\n<link rel=\"canonical\" href=\"https:\/\/xiaoxirou.com\/en\/servicios\/creacion\/\" \/>\n<meta property=\"og:locale\" content=\"en_US\" \/>\n<meta property=\"og:type\" content=\"article\" \/>\n<meta property=\"og:title\" content=\"Creaci\u00f3n\" \/>\n<meta property=\"og:description\" content=\"Creaci\u00f3n art\u00edstica y colectiva La creaci\u00f3n art\u00edstica es uno de los pilares de mi trabajo, con un enfoque especial en [&hellip;]\" \/>\n<meta property=\"og:url\" content=\"https:\/\/xiaoxirou.com\/en\/servicios\/creacion\/\" \/>\n<meta property=\"og:site_name\" content=\"Xiao Xirou\" \/>\n<meta property=\"article:modified_time\" content=\"2025-08-07T05:09:52+00:00\" \/>\n<meta property=\"og:image\" content=\"https:\/\/xiaoxirou.com\/wp-content\/uploads\/2025\/05\/dramas-de-barrio-usera-2.webp\" \/>\n\t<meta property=\"og:image:width\" content=\"800\" \/>\n\t<meta property=\"og:image:height\" content=\"720\" \/>\n\t<meta property=\"og:image:type\" content=\"image\/webp\" \/>\n<meta name=\"twitter:card\" content=\"summary_large_image\" \/>\n<meta name=\"twitter:label1\" content=\"Est. reading time\" \/>\n\t<meta name=\"twitter:data1\" content=\"3 minutes\" \/>\n<script type=\"application\/ld+json\" class=\"yoast-schema-graph\">{\"@context\":\"https:\\\/\\\/schema.org\",\"@graph\":[{\"@type\":\"WebPage\",\"@id\":\"https:\\\/\\\/xiaoxirou.com\\\/servicios\\\/creacion\\\/\",\"url\":\"https:\\\/\\\/xiaoxirou.com\\\/servicios\\\/creacion\\\/\",\"name\":\"Creaci\u00f3n - Xiao Xirou\",\"isPartOf\":{\"@id\":\"https:\\\/\\\/xiaoxirou.com\\\/#website\"},\"primaryImageOfPage\":{\"@id\":\"https:\\\/\\\/xiaoxirou.com\\\/servicios\\\/creacion\\\/#primaryimage\"},\"image\":{\"@id\":\"https:\\\/\\\/xiaoxirou.com\\\/servicios\\\/creacion\\\/#primaryimage\"},\"thumbnailUrl\":\"https:\\\/\\\/xiaoxirou.com\\\/wp-content\\\/uploads\\\/2025\\\/05\\\/dramas-de-barrio-usera-2.webp\",\"datePublished\":\"2025-05-19T15:06:01+00:00\",\"dateModified\":\"2025-08-07T05:09:52+00:00\",\"breadcrumb\":{\"@id\":\"https:\\\/\\\/xiaoxirou.com\\\/servicios\\\/creacion\\\/#breadcrumb\"},\"inLanguage\":\"en-US\",\"potentialAction\":[{\"@type\":\"ReadAction\",\"target\":[\"https:\\\/\\\/xiaoxirou.com\\\/servicios\\\/creacion\\\/\"]}]},{\"@type\":\"ImageObject\",\"inLanguage\":\"en-US\",\"@id\":\"https:\\\/\\\/xiaoxirou.com\\\/servicios\\\/creacion\\\/#primaryimage\",\"url\":\"https:\\\/\\\/xiaoxirou.com\\\/wp-content\\\/uploads\\\/2025\\\/05\\\/dramas-de-barrio-usera-2.webp\",\"contentUrl\":\"https:\\\/\\\/xiaoxirou.com\\\/wp-content\\\/uploads\\\/2025\\\/05\\\/dramas-de-barrio-usera-2.webp\"},{\"@type\":\"BreadcrumbList\",\"@id\":\"https:\\\/\\\/xiaoxirou.com\\\/servicios\\\/creacion\\\/#breadcrumb\",\"itemListElement\":[{\"@type\":\"ListItem\",\"position\":1,\"name\":\"Home\",\"item\":\"https:\\\/\\\/xiaoxirou.com\\\/\"},{\"@type\":\"ListItem\",\"position\":2,\"name\":\"Servicios\",\"item\":\"https:\\\/\\\/xiaoxirou-i9lxxjjv2d.live-website.com\\\/servicios\\\/\"},{\"@type\":\"ListItem\",\"position\":3,\"name\":\"Creaci\u00f3n\"}]},{\"@type\":\"WebSite\",\"@id\":\"https:\\\/\\\/xiaoxirou.com\\\/#website\",\"url\":\"https:\\\/\\\/xiaoxirou.com\\\/\",\"name\":\"Xiao Xirou\",\"description\":\"Just another WordPress site\",\"publisher\":{\"@id\":\"https:\\\/\\\/xiaoxirou.com\\\/#organization\"},\"potentialAction\":[{\"@type\":\"SearchAction\",\"target\":{\"@type\":\"EntryPoint\",\"urlTemplate\":\"https:\\\/\\\/xiaoxirou.com\\\/?s={search_term_string}\"},\"query-input\":{\"@type\":\"PropertyValueSpecification\",\"valueRequired\":true,\"valueName\":\"search_term_string\"}}],\"inLanguage\":\"en-US\"},{\"@type\":\"Organization\",\"@id\":\"https:\\\/\\\/xiaoxirou.com\\\/#organization\",\"name\":\"Xiao Xirou\",\"url\":\"https:\\\/\\\/xiaoxirou.com\\\/\",\"logo\":{\"@type\":\"ImageObject\",\"inLanguage\":\"en-US\",\"@id\":\"https:\\\/\\\/xiaoxirou.com\\\/#\\\/schema\\\/logo\\\/image\\\/\",\"url\":\"https:\\\/\\\/xiaoxirou.com\\\/wp-content\\\/uploads\\\/2025\\\/05\\\/cropped-Xiao-Xirou.png\",\"contentUrl\":\"https:\\\/\\\/xiaoxirou.com\\\/wp-content\\\/uploads\\\/2025\\\/05\\\/cropped-Xiao-Xirou.png\",\"width\":220,\"height\":148,\"caption\":\"Xiao Xirou\"},\"image\":{\"@id\":\"https:\\\/\\\/xiaoxirou.com\\\/#\\\/schema\\\/logo\\\/image\\\/\"}}]}<\/script>\n<!-- \/ Yoast SEO Premium plugin. -->","yoast_head_json":{"title":"Creaci\u00f3n - Xiao Xirou","robots":{"index":"index","follow":"follow","max-snippet":"max-snippet:-1","max-image-preview":"max-image-preview:large","max-video-preview":"max-video-preview:-1"},"canonical":"https:\/\/xiaoxirou.com\/en\/servicios\/creacion\/","og_locale":"en_US","og_type":"article","og_title":"Creaci\u00f3n","og_description":"Creaci\u00f3n art\u00edstica y colectiva La creaci\u00f3n art\u00edstica es uno de los pilares de mi trabajo, con un enfoque especial en [&hellip;]","og_url":"https:\/\/xiaoxirou.com\/en\/servicios\/creacion\/","og_site_name":"Xiao Xirou","article_modified_time":"2025-08-07T05:09:52+00:00","og_image":[{"width":800,"height":720,"url":"https:\/\/xiaoxirou.com\/wp-content\/uploads\/2025\/05\/dramas-de-barrio-usera-2.webp","type":"image\/webp"}],"twitter_card":"summary_large_image","twitter_misc":{"Est. reading time":"3 minutes"},"schema":{"@context":"https:\/\/schema.org","@graph":[{"@type":"WebPage","@id":"https:\/\/xiaoxirou.com\/servicios\/creacion\/","url":"https:\/\/xiaoxirou.com\/servicios\/creacion\/","name":"Creaci\u00f3n - Xiao Xirou","isPartOf":{"@id":"https:\/\/xiaoxirou.com\/#website"},"primaryImageOfPage":{"@id":"https:\/\/xiaoxirou.com\/servicios\/creacion\/#primaryimage"},"image":{"@id":"https:\/\/xiaoxirou.com\/servicios\/creacion\/#primaryimage"},"thumbnailUrl":"https:\/\/xiaoxirou.com\/wp-content\/uploads\/2025\/05\/dramas-de-barrio-usera-2.webp","datePublished":"2025-05-19T15:06:01+00:00","dateModified":"2025-08-07T05:09:52+00:00","breadcrumb":{"@id":"https:\/\/xiaoxirou.com\/servicios\/creacion\/#breadcrumb"},"inLanguage":"en-US","potentialAction":[{"@type":"ReadAction","target":["https:\/\/xiaoxirou.com\/servicios\/creacion\/"]}]},{"@type":"ImageObject","inLanguage":"en-US","@id":"https:\/\/xiaoxirou.com\/servicios\/creacion\/#primaryimage","url":"https:\/\/xiaoxirou.com\/wp-content\/uploads\/2025\/05\/dramas-de-barrio-usera-2.webp","contentUrl":"https:\/\/xiaoxirou.com\/wp-content\/uploads\/2025\/05\/dramas-de-barrio-usera-2.webp"},{"@type":"BreadcrumbList","@id":"https:\/\/xiaoxirou.com\/servicios\/creacion\/#breadcrumb","itemListElement":[{"@type":"ListItem","position":1,"name":"Home","item":"https:\/\/xiaoxirou.com\/"},{"@type":"ListItem","position":2,"name":"Servicios","item":"https:\/\/xiaoxirou-i9lxxjjv2d.live-website.com\/servicios\/"},{"@type":"ListItem","position":3,"name":"Creaci\u00f3n"}]},{"@type":"WebSite","@id":"https:\/\/xiaoxirou.com\/#website","url":"https:\/\/xiaoxirou.com\/","name":"Xiao Xirou","description":"Just another WordPress site","publisher":{"@id":"https:\/\/xiaoxirou.com\/#organization"},"potentialAction":[{"@type":"SearchAction","target":{"@type":"EntryPoint","urlTemplate":"https:\/\/xiaoxirou.com\/?s={search_term_string}"},"query-input":{"@type":"PropertyValueSpecification","valueRequired":true,"valueName":"search_term_string"}}],"inLanguage":"en-US"},{"@type":"Organization","@id":"https:\/\/xiaoxirou.com\/#organization","name":"Xiao Xirou","url":"https:\/\/xiaoxirou.com\/","logo":{"@type":"ImageObject","inLanguage":"en-US","@id":"https:\/\/xiaoxirou.com\/#\/schema\/logo\/image\/","url":"https:\/\/xiaoxirou.com\/wp-content\/uploads\/2025\/05\/cropped-Xiao-Xirou.png","contentUrl":"https:\/\/xiaoxirou.com\/wp-content\/uploads\/2025\/05\/cropped-Xiao-Xirou.png","width":220,"height":148,"caption":"Xiao Xirou"},"image":{"@id":"https:\/\/xiaoxirou.com\/#\/schema\/logo\/image\/"}}]}},"uagb_featured_image_src":{"full":false,"thumbnail":false,"medium":false,"medium_large":false,"large":false,"1536x1536":false,"2048x2048":false,"trp-custom-language-flag":false},"uagb_author_info":{"display_name":"Naomi Pastor Flores","author_link":"https:\/\/xiaoxirou.com\/en\/author\/mondo\/"},"uagb_comment_info":0,"uagb_excerpt":"Creaci\u00f3n art\u00edstica y colectiva La creaci\u00f3n art\u00edstica es uno de los pilares de mi trabajo, con un enfoque especial en [&hellip;]","_links":{"self":[{"href":"https:\/\/xiaoxirou.com\/en\/wp-json\/wp\/v2\/pages\/71","targetHints":{"allow":["GET"]}}],"collection":[{"href":"https:\/\/xiaoxirou.com\/en\/wp-json\/wp\/v2\/pages"}],"about":[{"href":"https:\/\/xiaoxirou.com\/en\/wp-json\/wp\/v2\/types\/page"}],"author":[{"embeddable":true,"href":"https:\/\/xiaoxirou.com\/en\/wp-json\/wp\/v2\/users\/2"}],"replies":[{"embeddable":true,"href":"https:\/\/xiaoxirou.com\/en\/wp-json\/wp\/v2\/comments?post=71"}],"version-history":[{"count":16,"href":"https:\/\/xiaoxirou.com\/en\/wp-json\/wp\/v2\/pages\/71\/revisions"}],"predecessor-version":[{"id":2734,"href":"https:\/\/xiaoxirou.com\/en\/wp-json\/wp\/v2\/pages\/71\/revisions\/2734"}],"up":[{"embeddable":true,"href":"https:\/\/xiaoxirou.com\/en\/wp-json\/wp\/v2\/pages\/63"}],"wp:attachment":[{"href":"https:\/\/xiaoxirou.com\/en\/wp-json\/wp\/v2\/media?parent=71"}],"curies":[{"name":"wp","href":"https:\/\/api.w.org\/{rel}","templated":true}]}}