{"id":75,"date":"2025-05-19T15:11:18","date_gmt":"2025-05-19T15:11:18","guid":{"rendered":"https:\/\/xiaoxirou.com\/?page_id=75"},"modified":"2025-08-07T05:11:26","modified_gmt":"2025-08-07T05:11:26","slug":"direccion","status":"publish","type":"page","link":"https:\/\/xiaoxirou.com\/en\/servicios\/direccion\/","title":{"rendered":"Address"},"content":{"rendered":"<div class=\"wp-block-uagb-container uagb-block-f42f1c46 alignfull uagb-is-root-container\"><div class=\"uagb-container-inner-blocks-wrap\">\n<h1 class=\"wp-block-heading\" style=\"margin-top:var(--wp--preset--spacing--80)\"><strong><strong>Direction and curatorship<\/strong><\/strong><\/h1>\n\n\n\n<p>Throughout my career, I have promoted and directed various cultural, artistic, and educational projects. I have worked as <strong>director of Cangrejo Pro<\/strong> and <strong>Tian Ma Xing Kong<\/strong>, as well as <strong>co-curator of the exhibition \u201cZH\u014cNGGU\u00d3. The Country of the Center\u201d.<\/strong><\/p>\n\n\n\n<p>My approach is characterized by a <strong>collaborative and creative methodology<\/strong>, which seeks to build solid, participatory and representative proposals, adapted to each context and community involved.<\/p>\n\n\n\n<h4 class=\"wp-block-heading\"><strong>Services<\/strong><\/h4>\n\n\n\n<ul class=\"wp-block-list\">\n<li><strong>Management of cultural and artistic projects<\/strong>, from conceptualization to implementation.<\/li>\n\n\n\n<li><strong>Curatorship of exhibitions and festivals<\/strong>, with sensitivity to cultural intersections, identities and non-Western perspectives.<\/li>\n<\/ul>\n\n\n\n<p>If you&#039;re looking for sensitive, creative, and committed leadership for your project, I&#039;d be happy to help you develop it.<\/p>\n\n\n\n<p>Below, I highlight some representative projects.<\/p>\n\n\n\n<div class=\"wp-block-uagb-container uagb-block-435e0246 alignfull uagb-is-root-container\"><div class=\"uagb-container-inner-blocks-wrap\">\n<div class=\"wp-block-uagb-content-timeline uagb-timeline__outer-wrap uagb-block-a50c08ac uagb-timeline__content-wrap uagb-timeline__center-block  uagb-timeline__arrow-center uagb-timeline publicaciones\">\n<article class=\"wp-block-uagb-content-timeline-child uagb-timeline__field uagb-timeline-child-470251e5 uagb-timeline__right\"><div class=\"uagb-timeline__marker out-view-uagb-timeline__icon\"><svg xmlns=\"https:\/\/www.w3.org\/2000\/svg\" viewbox=\"0 0 256 512\"><path d=\"M64 448c-8.188 0-16.38-3.125-22.62-9.375c-12.5-12.5-12.5-32.75 0-45.25L178.8 256L41.38 118.6c-12.5-12.5-12.5-32.75 0-45.25s32.75-12.5 45.25 0l160 160c12.5 12.5 12.5 32.75 0 45.25l-160 160C80.38 444.9 72.19 448 64 448z\"><\/path><\/svg><\/div><div class=\"uagb-timeline__day-new uagb-timeline__day-right uagb-timeline__events-inner-new\"><div class=\"uagb-timeline__events-inner--content\"><h4 class=\"uagb-timeline__heading\"><mark style=\"background-color:rgba(0, 0, 0, 0)\" class=\"has-inline-color has-ast-global-color-2-color\"><strong><strong><strong><strong><strong><strong><strong><strong><a href=\"https:\/\/xiaoxirou.com\/en\/proyectos\/colaborativos\/museos\/museo-nacional-de-antropologia\/\">Exhibition \u201cZH\u014cNGGU\u00d3. The Country of the Center\u201d at the National Museum of Anthropology (2024).<\/a><\/strong><\/strong><\/strong><\/strong><\/strong><\/strong><\/strong><\/strong><\/mark><\/h4><p class=\"uagb-timeline-desc-content\">I was invited from the <strong><a href=\"https:\/\/www.cultura.gob.es\/mnantropologia\/actividades\/agenda\/2024\/exposiciones-temporales2024\/zhongguo.html\" target=\"_blank\" rel=\"noreferrer noopener\">National Museum of Anthropology<\/a> <\/strong>(MNA) to collaborate in this exhibition as <strong>co-curator<\/strong>, which sought to delve into the ancient relationships between East and West, and specifically between China and Spain, as well as strengthen ties and showcase the Chinese diaspora. To this end, the exhibition consisted of several sections.<br><br><img loading=\"lazy\" decoding=\"async\" width=\"750\" height=\"1000\" class=\"wp-image-1518\" style=\"width: 750px;\" src=\"https:\/\/xiaoxirou.com\/wp-content\/uploads\/2025\/06\/museo-nacional-de-antropologia-1.webp\" alt=\"\" srcset=\"https:\/\/xiaoxirou.com\/wp-content\/uploads\/2025\/06\/museo-nacional-de-antropologia-1.webp 900w, https:\/\/xiaoxirou.com\/wp-content\/uploads\/2025\/06\/museo-nacional-de-antropologia-1-225x300.webp 225w, https:\/\/xiaoxirou.com\/wp-content\/uploads\/2025\/06\/museo-nacional-de-antropologia-1-768x1024.webp 768w\" sizes=\"auto, (max-width: 750px) 100vw, 750px\" \/><\/p><div class=\"uagb-timeline__arrow\"><\/div><\/div><\/div><div class=\"uagb-timeline__date-new\"><\/div><\/article>\n\n\n\n<article class=\"wp-block-uagb-content-timeline-child uagb-timeline__field uagb-timeline-child-edf391b4 uagb-timeline__left\"><div class=\"uagb-timeline__marker out-view-uagb-timeline__icon\"><svg xmlns=\"https:\/\/www.w3.org\/2000\/svg\" viewbox=\"0 0 256 512\"><path d=\"M64 448c-8.188 0-16.38-3.125-22.62-9.375c-12.5-12.5-12.5-32.75 0-45.25L178.8 256L41.38 118.6c-12.5-12.5-12.5-32.75 0-45.25s32.75-12.5 45.25 0l160 160c12.5 12.5 12.5 32.75 0 45.25l-160 160C80.38 444.9 72.19 448 64 448z\"><\/path><\/svg><\/div><div class=\"uagb-timeline__day-new uagb-timeline__day-left uagb-timeline__events-inner-new\"><div class=\"uagb-timeline__events-inner--content\"><h4 class=\"uagb-timeline__heading\"><mark style=\"background-color:rgba(0, 0, 0, 0)\" class=\"has-inline-color has-ast-global-color-2-color\"><strong><strong><strong><strong><strong><strong><strong><strong><strong><a href=\"https:\/\/xiaoxirou.com\/en\/proyectos\/personales\/cangrejo-pro\/\">\u201c+Neighborhood Dramas: Usera\u201d at the National Drama Center (2024).<\/a><\/strong><\/strong><\/strong><\/strong><\/strong><\/strong><\/strong><\/strong><\/strong><\/mark><\/h4><p class=\"uagb-timeline-desc-content\">As the director of the <a href=\"https:\/\/dramatico.mcu.es\/evento\/dramas-de-barrio-talleres-de-investigacion-en-usera-chueca-y-lavapies\/\">project<\/a>, in it <strong>Mar\u00eda Guerrero Theater<\/strong> It was the presentation of the results of the research workshops we conducted with the neighborhood&#039;s residents and a group of performing arts professionals. In this workshop, we offered a wide range of stories, perspectives, and complexities; we reflected on the language of the Chinese diaspora, savored memories, and explored the meeting points and streets of Usera.<br><br><img loading=\"lazy\" decoding=\"async\" width=\"750\" height=\"499\" class=\"wp-image-455\" style=\"width: 750px;\" src=\"https:\/\/xiaoxirou.com\/wp-content\/uploads\/2025\/05\/dramas-de-barrio-usera-1.webp\" alt=\"\" srcset=\"https:\/\/xiaoxirou.com\/wp-content\/uploads\/2025\/05\/dramas-de-barrio-usera-1.webp 800w, https:\/\/xiaoxirou.com\/wp-content\/uploads\/2025\/05\/dramas-de-barrio-usera-1-300x200.webp 300w, https:\/\/xiaoxirou.com\/wp-content\/uploads\/2025\/05\/dramas-de-barrio-usera-1-768x511.webp 768w\" sizes=\"auto, (max-width: 750px) 100vw, 750px\" \/><\/p><div class=\"uagb-timeline__arrow\"><\/div><\/div><\/div><div class=\"uagb-timeline__date-new\"><\/div><\/article>\n<div class=\"uagb-timeline__line\"><div class=\"uagb-timeline__line__inner\"><\/div><\/div><\/div>\n<\/div><\/div>\n<\/div><\/div>","protected":false},"excerpt":{"rendered":"<p>Direcci\u00f3n y comisariado A lo largo de mi trayectoria, he impulsado y dirigido diversos proyectos culturales, art\u00edsticos y educativos. He [&hellip;]<\/p>\n","protected":false},"author":2,"featured_media":0,"parent":63,"menu_order":0,"comment_status":"closed","ping_status":"closed","template":"","meta":{"_uag_custom_page_level_css":"","site-sidebar-layout":"default","site-content-layout":"","ast-site-content-layout":"default","site-content-style":"default","site-sidebar-style":"default","ast-global-header-display":"","ast-banner-title-visibility":"","ast-main-header-display":"","ast-hfb-above-header-display":"","ast-hfb-below-header-display":"","ast-hfb-mobile-header-display":"","site-post-title":"","ast-breadcrumbs-content":"","ast-featured-img":"","footer-sml-layout":"","ast-disable-related-posts":"","theme-transparent-header-meta":"","adv-header-id-meta":"","stick-header-meta":"","header-above-stick-meta":"","header-main-stick-meta":"","header-below-stick-meta":"","astra-migrate-meta-layouts":"default","ast-page-background-enabled":"default","ast-page-background-meta":{"desktop":{"background-color":"var(--ast-global-color-5)","background-image":"","background-repeat":"repeat","background-position":"center center","background-size":"auto","background-attachment":"scroll","background-type":"","background-media":"","overlay-type":"","overlay-color":"","overlay-opacity":"","overlay-gradient":""},"tablet":{"background-color":"","background-image":"","background-repeat":"repeat","background-position":"center center","background-size":"auto","background-attachment":"scroll","background-type":"","background-media":"","overlay-type":"","overlay-color":"","overlay-opacity":"","overlay-gradient":""},"mobile":{"background-color":"","background-image":"","background-repeat":"repeat","background-position":"center center","background-size":"auto","background-attachment":"scroll","background-type":"","background-media":"","overlay-type":"","overlay-color":"","overlay-opacity":"","overlay-gradient":""}},"ast-content-background-meta":{"desktop":{"background-color":"var(--ast-global-color-4)","background-image":"","background-repeat":"repeat","background-position":"center center","background-size":"auto","background-attachment":"scroll","background-type":"","background-media":"","overlay-type":"","overlay-color":"","overlay-opacity":"","overlay-gradient":""},"tablet":{"background-color":"var(--ast-global-color-4)","background-image":"","background-repeat":"repeat","background-position":"center center","background-size":"auto","background-attachment":"scroll","background-type":"","background-media":"","overlay-type":"","overlay-color":"","overlay-opacity":"","overlay-gradient":""},"mobile":{"background-color":"var(--ast-global-color-4)","background-image":"","background-repeat":"repeat","background-position":"center center","background-size":"auto","background-attachment":"scroll","background-type":"","background-media":"","overlay-type":"","overlay-color":"","overlay-opacity":"","overlay-gradient":""}},"footnotes":""},"class_list":["post-75","page","type-page","status-publish","hentry"],"yoast_head":"<!-- This site is optimized with the Yoast SEO Premium plugin v20.10 (Yoast SEO v27.4) - https:\/\/yoast.com\/product\/yoast-seo-premium-wordpress\/ -->\n<title>Direcci\u00f3n - Xiao Xirou<\/title>\n<meta name=\"robots\" content=\"index, follow, max-snippet:-1, max-image-preview:large, max-video-preview:-1\" \/>\n<link rel=\"canonical\" href=\"https:\/\/xiaoxirou.com\/en\/servicios\/direccion\/\" \/>\n<meta property=\"og:locale\" content=\"en_US\" \/>\n<meta property=\"og:type\" content=\"article\" \/>\n<meta property=\"og:title\" content=\"Direcci\u00f3n\" \/>\n<meta property=\"og:description\" content=\"Direcci\u00f3n y comisariado A lo largo de mi trayectoria, he impulsado y dirigido diversos proyectos culturales, art\u00edsticos y educativos. He [&hellip;]\" \/>\n<meta property=\"og:url\" content=\"https:\/\/xiaoxirou.com\/en\/servicios\/direccion\/\" \/>\n<meta property=\"og:site_name\" content=\"Xiao Xirou\" \/>\n<meta property=\"article:modified_time\" content=\"2025-08-07T05:11:26+00:00\" \/>\n<meta property=\"og:image\" content=\"https:\/\/xiaoxirou.com\/wp-content\/uploads\/2025\/06\/museo-nacional-de-antropologia-1.webp\" \/>\n\t<meta property=\"og:image:width\" content=\"900\" \/>\n\t<meta property=\"og:image:height\" content=\"1200\" \/>\n\t<meta property=\"og:image:type\" content=\"image\/webp\" \/>\n<meta name=\"twitter:card\" content=\"summary_large_image\" \/>\n<meta name=\"twitter:label1\" content=\"Est. reading time\" \/>\n\t<meta name=\"twitter:data1\" content=\"2 minutes\" \/>\n<script type=\"application\/ld+json\" class=\"yoast-schema-graph\">{\"@context\":\"https:\\\/\\\/schema.org\",\"@graph\":[{\"@type\":\"WebPage\",\"@id\":\"https:\\\/\\\/xiaoxirou.com\\\/servicios\\\/direccion\\\/\",\"url\":\"https:\\\/\\\/xiaoxirou.com\\\/servicios\\\/direccion\\\/\",\"name\":\"Direcci\u00f3n - Xiao Xirou\",\"isPartOf\":{\"@id\":\"https:\\\/\\\/xiaoxirou.com\\\/#website\"},\"primaryImageOfPage\":{\"@id\":\"https:\\\/\\\/xiaoxirou.com\\\/servicios\\\/direccion\\\/#primaryimage\"},\"image\":{\"@id\":\"https:\\\/\\\/xiaoxirou.com\\\/servicios\\\/direccion\\\/#primaryimage\"},\"thumbnailUrl\":\"https:\\\/\\\/xiaoxirou.com\\\/wp-content\\\/uploads\\\/2025\\\/06\\\/museo-nacional-de-antropologia-1.webp\",\"datePublished\":\"2025-05-19T15:11:18+00:00\",\"dateModified\":\"2025-08-07T05:11:26+00:00\",\"breadcrumb\":{\"@id\":\"https:\\\/\\\/xiaoxirou.com\\\/servicios\\\/direccion\\\/#breadcrumb\"},\"inLanguage\":\"en-US\",\"potentialAction\":[{\"@type\":\"ReadAction\",\"target\":[\"https:\\\/\\\/xiaoxirou.com\\\/servicios\\\/direccion\\\/\"]}]},{\"@type\":\"ImageObject\",\"inLanguage\":\"en-US\",\"@id\":\"https:\\\/\\\/xiaoxirou.com\\\/servicios\\\/direccion\\\/#primaryimage\",\"url\":\"https:\\\/\\\/xiaoxirou.com\\\/wp-content\\\/uploads\\\/2025\\\/06\\\/museo-nacional-de-antropologia-1.webp\",\"contentUrl\":\"https:\\\/\\\/xiaoxirou.com\\\/wp-content\\\/uploads\\\/2025\\\/06\\\/museo-nacional-de-antropologia-1.webp\"},{\"@type\":\"BreadcrumbList\",\"@id\":\"https:\\\/\\\/xiaoxirou.com\\\/servicios\\\/direccion\\\/#breadcrumb\",\"itemListElement\":[{\"@type\":\"ListItem\",\"position\":1,\"name\":\"Home\",\"item\":\"https:\\\/\\\/xiaoxirou.com\\\/\"},{\"@type\":\"ListItem\",\"position\":2,\"name\":\"Servicios\",\"item\":\"https:\\\/\\\/xiaoxirou-i9lxxjjv2d.live-website.com\\\/servicios\\\/\"},{\"@type\":\"ListItem\",\"position\":3,\"name\":\"Direcci\u00f3n\"}]},{\"@type\":\"WebSite\",\"@id\":\"https:\\\/\\\/xiaoxirou.com\\\/#website\",\"url\":\"https:\\\/\\\/xiaoxirou.com\\\/\",\"name\":\"Xiao Xirou\",\"description\":\"Just another WordPress site\",\"publisher\":{\"@id\":\"https:\\\/\\\/xiaoxirou.com\\\/#organization\"},\"potentialAction\":[{\"@type\":\"SearchAction\",\"target\":{\"@type\":\"EntryPoint\",\"urlTemplate\":\"https:\\\/\\\/xiaoxirou.com\\\/?s={search_term_string}\"},\"query-input\":{\"@type\":\"PropertyValueSpecification\",\"valueRequired\":true,\"valueName\":\"search_term_string\"}}],\"inLanguage\":\"en-US\"},{\"@type\":\"Organization\",\"@id\":\"https:\\\/\\\/xiaoxirou.com\\\/#organization\",\"name\":\"Xiao Xirou\",\"url\":\"https:\\\/\\\/xiaoxirou.com\\\/\",\"logo\":{\"@type\":\"ImageObject\",\"inLanguage\":\"en-US\",\"@id\":\"https:\\\/\\\/xiaoxirou.com\\\/#\\\/schema\\\/logo\\\/image\\\/\",\"url\":\"https:\\\/\\\/xiaoxirou.com\\\/wp-content\\\/uploads\\\/2025\\\/05\\\/cropped-Xiao-Xirou.png\",\"contentUrl\":\"https:\\\/\\\/xiaoxirou.com\\\/wp-content\\\/uploads\\\/2025\\\/05\\\/cropped-Xiao-Xirou.png\",\"width\":220,\"height\":148,\"caption\":\"Xiao Xirou\"},\"image\":{\"@id\":\"https:\\\/\\\/xiaoxirou.com\\\/#\\\/schema\\\/logo\\\/image\\\/\"}}]}<\/script>\n<!-- \/ Yoast SEO Premium plugin. -->","yoast_head_json":{"title":"Direcci\u00f3n - Xiao Xirou","robots":{"index":"index","follow":"follow","max-snippet":"max-snippet:-1","max-image-preview":"max-image-preview:large","max-video-preview":"max-video-preview:-1"},"canonical":"https:\/\/xiaoxirou.com\/en\/servicios\/direccion\/","og_locale":"en_US","og_type":"article","og_title":"Direcci\u00f3n","og_description":"Direcci\u00f3n y comisariado A lo largo de mi trayectoria, he impulsado y dirigido diversos proyectos culturales, art\u00edsticos y educativos. He [&hellip;]","og_url":"https:\/\/xiaoxirou.com\/en\/servicios\/direccion\/","og_site_name":"Xiao Xirou","article_modified_time":"2025-08-07T05:11:26+00:00","og_image":[{"width":900,"height":1200,"url":"https:\/\/xiaoxirou.com\/wp-content\/uploads\/2025\/06\/museo-nacional-de-antropologia-1.webp","type":"image\/webp"}],"twitter_card":"summary_large_image","twitter_misc":{"Est. reading time":"2 minutes"},"schema":{"@context":"https:\/\/schema.org","@graph":[{"@type":"WebPage","@id":"https:\/\/xiaoxirou.com\/servicios\/direccion\/","url":"https:\/\/xiaoxirou.com\/servicios\/direccion\/","name":"Direcci\u00f3n - Xiao Xirou","isPartOf":{"@id":"https:\/\/xiaoxirou.com\/#website"},"primaryImageOfPage":{"@id":"https:\/\/xiaoxirou.com\/servicios\/direccion\/#primaryimage"},"image":{"@id":"https:\/\/xiaoxirou.com\/servicios\/direccion\/#primaryimage"},"thumbnailUrl":"https:\/\/xiaoxirou.com\/wp-content\/uploads\/2025\/06\/museo-nacional-de-antropologia-1.webp","datePublished":"2025-05-19T15:11:18+00:00","dateModified":"2025-08-07T05:11:26+00:00","breadcrumb":{"@id":"https:\/\/xiaoxirou.com\/servicios\/direccion\/#breadcrumb"},"inLanguage":"en-US","potentialAction":[{"@type":"ReadAction","target":["https:\/\/xiaoxirou.com\/servicios\/direccion\/"]}]},{"@type":"ImageObject","inLanguage":"en-US","@id":"https:\/\/xiaoxirou.com\/servicios\/direccion\/#primaryimage","url":"https:\/\/xiaoxirou.com\/wp-content\/uploads\/2025\/06\/museo-nacional-de-antropologia-1.webp","contentUrl":"https:\/\/xiaoxirou.com\/wp-content\/uploads\/2025\/06\/museo-nacional-de-antropologia-1.webp"},{"@type":"BreadcrumbList","@id":"https:\/\/xiaoxirou.com\/servicios\/direccion\/#breadcrumb","itemListElement":[{"@type":"ListItem","position":1,"name":"Home","item":"https:\/\/xiaoxirou.com\/"},{"@type":"ListItem","position":2,"name":"Servicios","item":"https:\/\/xiaoxirou-i9lxxjjv2d.live-website.com\/servicios\/"},{"@type":"ListItem","position":3,"name":"Direcci\u00f3n"}]},{"@type":"WebSite","@id":"https:\/\/xiaoxirou.com\/#website","url":"https:\/\/xiaoxirou.com\/","name":"Xiao Xirou","description":"Just another WordPress site","publisher":{"@id":"https:\/\/xiaoxirou.com\/#organization"},"potentialAction":[{"@type":"SearchAction","target":{"@type":"EntryPoint","urlTemplate":"https:\/\/xiaoxirou.com\/?s={search_term_string}"},"query-input":{"@type":"PropertyValueSpecification","valueRequired":true,"valueName":"search_term_string"}}],"inLanguage":"en-US"},{"@type":"Organization","@id":"https:\/\/xiaoxirou.com\/#organization","name":"Xiao Xirou","url":"https:\/\/xiaoxirou.com\/","logo":{"@type":"ImageObject","inLanguage":"en-US","@id":"https:\/\/xiaoxirou.com\/#\/schema\/logo\/image\/","url":"https:\/\/xiaoxirou.com\/wp-content\/uploads\/2025\/05\/cropped-Xiao-Xirou.png","contentUrl":"https:\/\/xiaoxirou.com\/wp-content\/uploads\/2025\/05\/cropped-Xiao-Xirou.png","width":220,"height":148,"caption":"Xiao Xirou"},"image":{"@id":"https:\/\/xiaoxirou.com\/#\/schema\/logo\/image\/"}}]}},"uagb_featured_image_src":{"full":false,"thumbnail":false,"medium":false,"medium_large":false,"large":false,"1536x1536":false,"2048x2048":false,"trp-custom-language-flag":false},"uagb_author_info":{"display_name":"Naomi Pastor Flores","author_link":"https:\/\/xiaoxirou.com\/en\/author\/mondo\/"},"uagb_comment_info":0,"uagb_excerpt":"Direcci\u00f3n y comisariado A lo largo de mi trayectoria, he impulsado y dirigido diversos proyectos culturales, art\u00edsticos y educativos. He [&hellip;]","_links":{"self":[{"href":"https:\/\/xiaoxirou.com\/en\/wp-json\/wp\/v2\/pages\/75","targetHints":{"allow":["GET"]}}],"collection":[{"href":"https:\/\/xiaoxirou.com\/en\/wp-json\/wp\/v2\/pages"}],"about":[{"href":"https:\/\/xiaoxirou.com\/en\/wp-json\/wp\/v2\/types\/page"}],"author":[{"embeddable":true,"href":"https:\/\/xiaoxirou.com\/en\/wp-json\/wp\/v2\/users\/2"}],"replies":[{"embeddable":true,"href":"https:\/\/xiaoxirou.com\/en\/wp-json\/wp\/v2\/comments?post=75"}],"version-history":[{"count":5,"href":"https:\/\/xiaoxirou.com\/en\/wp-json\/wp\/v2\/pages\/75\/revisions"}],"predecessor-version":[{"id":2735,"href":"https:\/\/xiaoxirou.com\/en\/wp-json\/wp\/v2\/pages\/75\/revisions\/2735"}],"up":[{"embeddable":true,"href":"https:\/\/xiaoxirou.com\/en\/wp-json\/wp\/v2\/pages\/63"}],"wp:attachment":[{"href":"https:\/\/xiaoxirou.com\/en\/wp-json\/wp\/v2\/media?parent=75"}],"curies":[{"name":"wp","href":"https:\/\/api.w.org\/{rel}","templated":true}]}}