{"id":77,"date":"2025-05-19T15:12:11","date_gmt":"2025-05-19T15:12:11","guid":{"rendered":"https:\/\/xiaoxirou.com\/?page_id=77"},"modified":"2025-06-14T10:16:25","modified_gmt":"2025-06-14T10:16:25","slug":"investigacion","status":"publish","type":"page","link":"https:\/\/xiaoxirou.com\/en\/servicios\/investigacion\/","title":{"rendered":"Investigation"},"content":{"rendered":"<div class=\"wp-block-uagb-container uagb-block-f42f1c46 alignfull uagb-is-root-container\"><div class=\"uagb-container-inner-blocks-wrap\">\n<h1 class=\"wp-block-heading\" style=\"margin-top:var(--wp--preset--spacing--80)\"><strong><strong><strong>Investigation<\/strong><\/strong><\/strong><\/h1>\n\n\n\n<p>I also develop an active practice as <strong>researcher<\/strong>, both in the academic field and through the cultural projects in which I participate. I completed my doctoral thesis entitled: <strong><a href=\"https:\/\/xiaoxirou.com\/en\/cangrejo-pro-la-performance-colectiva-y-mujeres-jovenes-chinas-en-madrid\/\">Crab Pro: The <em>performance<\/em> collective and young Chinese women in Madrid<\/a><\/strong> where I explore the links between art, community and identity processes.<\/p>\n\n\n\n<p>My Master&#039;s Thesis was titled: <strong><a href=\"https:\/\/www.academia.edu\/34934340\/Arte_de_Acci%C3%B3n_como_herramienta_implicada_en_la_pr%C3%A1ctica_social_y_educativa_Un_estudio_de_caso_sobre_la_comunidad_china_en_Madrid_Trabajo_Fin_de_M%C3%A1ster_\">Performance art as a tool in social and educational practice: A case study of the Chinese community in Madrid<\/a>, <\/strong>Focusing on the possibilities of Performance Art involved in social and educational practice, the project has brought the Chinese community in the city of Madrid closer together through different performance practices and pedagogies.<\/p>\n\n\n\n<p>I have directed and participated in various<strong> research projects<\/strong>. In addition, I have participated in<strong> Teaching Innovation Projects at the Complutense University of Madrid during <\/strong>2018 and 2022. I have also collaborated with <strong>research platforms and initiatives<\/strong> as <em><a href=\"https:\/\/www.chinacult.es\/\">ChinaCul.es<\/a>, InterAsia, <a href=\"https:\/\/www.instagram.com\/diaspora______\/\">Diaspora<\/a><\/em>,<a href=\"https:\/\/dialnet.unirioja.es\/servlet\/articulo?codigo=9175229\"> <em>Dramatic Magazine: an original magazine from the National Dramatic Center<\/em><\/a>, and <em>Magazine In addition to.<\/em> <em>Online magazine of decorative arts and design <\/em>contributing to the production of knowledge from intercultural and transnational approaches.<\/p>\n\n\n\n<p>My<strong> lines of research <\/strong>They focus on the intersection of artistic practices, migration, and cultural criticism, using intersectional and intercultural approaches. Some of the themes that run through my work are:<\/p>\n\n\n\n<p><strong>Collective performance<\/strong><br><strong>Collective creation<br>Art education<br>Chinese immigration in Spain<br>Art of the Chinese diaspora<br>Art of Chinese women<br>Community art<br>Intercultural mediation<br>Non-Western Perspectives<br>Intersectional and anti-racist gender perspective<br>Decolonial approaches in museums and institutional spaces<\/strong><\/p>\n\n\n\n<h3 class=\"wp-block-heading\"><strong>Services<\/strong><\/h3>\n\n\n\n<ul class=\"wp-block-list\">\n<li><strong>Participation in projects or research groups.<\/strong><\/li>\n\n\n\n<li><strong>Preparation of articles for academic or popular journals.<\/strong><\/li>\n\n\n\n<li><strong>Conceptual and methodological advice on research with an intercultural, artistic, and educational focus.\u00a0<\/strong><\/li>\n<\/ul>\n<\/div><\/div>","protected":false},"excerpt":{"rendered":"<p>Investigaci\u00f3n Tambi\u00e9n desarrollo una pr\u00e1ctica activa como investigadora, tanto en el \u00e1mbito acad\u00e9mico como desde los propios proyectos culturales en [&hellip;]<\/p>\n","protected":false},"author":2,"featured_media":0,"parent":63,"menu_order":0,"comment_status":"closed","ping_status":"closed","template":"","meta":{"_uag_custom_page_level_css":"","site-sidebar-layout":"default","site-content-layout":"","ast-site-content-layout":"","site-content-style":"default","site-sidebar-style":"default","ast-global-header-display":"","ast-banner-title-visibility":"","ast-main-header-display":"","ast-hfb-above-header-display":"","ast-hfb-below-header-display":"","ast-hfb-mobile-header-display":"","site-post-title":"disabled","ast-breadcrumbs-content":"","ast-featured-img":"","footer-sml-layout":"","ast-disable-related-posts":"","theme-transparent-header-meta":"","adv-header-id-meta":"","stick-header-meta":"","header-above-stick-meta":"","header-main-stick-meta":"","header-below-stick-meta":"","astra-migrate-meta-layouts":"default","ast-page-background-enabled":"default","ast-page-background-meta":{"desktop":{"background-color":"var(--ast-global-color-5)","background-image":"","background-repeat":"repeat","background-position":"center center","background-size":"auto","background-attachment":"scroll","background-type":"","background-media":"","overlay-type":"","overlay-color":"","overlay-opacity":"","overlay-gradient":""},"tablet":{"background-color":"","background-image":"","background-repeat":"repeat","background-position":"center center","background-size":"auto","background-attachment":"scroll","background-type":"","background-media":"","overlay-type":"","overlay-color":"","overlay-opacity":"","overlay-gradient":""},"mobile":{"background-color":"","background-image":"","background-repeat":"repeat","background-position":"center center","background-size":"auto","background-attachment":"scroll","background-type":"","background-media":"","overlay-type":"","overlay-color":"","overlay-opacity":"","overlay-gradient":""}},"ast-content-background-meta":{"desktop":{"background-color":"var(--ast-global-color-4)","background-image":"","background-repeat":"repeat","background-position":"center center","background-size":"auto","background-attachment":"scroll","background-type":"","background-media":"","overlay-type":"","overlay-color":"","overlay-opacity":"","overlay-gradient":""},"tablet":{"background-color":"var(--ast-global-color-4)","background-image":"","background-repeat":"repeat","background-position":"center center","background-size":"auto","background-attachment":"scroll","background-type":"","background-media":"","overlay-type":"","overlay-color":"","overlay-opacity":"","overlay-gradient":""},"mobile":{"background-color":"var(--ast-global-color-4)","background-image":"","background-repeat":"repeat","background-position":"center center","background-size":"auto","background-attachment":"scroll","background-type":"","background-media":"","overlay-type":"","overlay-color":"","overlay-opacity":"","overlay-gradient":""}},"footnotes":""},"class_list":["post-77","page","type-page","status-publish","hentry"],"yoast_head":"<!-- This site is optimized with the Yoast SEO Premium plugin v20.10 (Yoast SEO v27.4) - https:\/\/yoast.com\/product\/yoast-seo-premium-wordpress\/ -->\n<title>Investigaci\u00f3n - Xiao Xirou<\/title>\n<meta name=\"robots\" content=\"index, follow, max-snippet:-1, max-image-preview:large, max-video-preview:-1\" \/>\n<link rel=\"canonical\" href=\"https:\/\/xiaoxirou-i9lxxjjv2d.live-website.com\/servicios\/investigacion\/\" \/>\n<meta property=\"og:locale\" content=\"en_US\" \/>\n<meta property=\"og:type\" content=\"article\" \/>\n<meta property=\"og:title\" content=\"Investigaci\u00f3n\" \/>\n<meta property=\"og:description\" content=\"Investigaci\u00f3n Tambi\u00e9n desarrollo una pr\u00e1ctica activa como investigadora, tanto en el \u00e1mbito acad\u00e9mico como desde los propios proyectos culturales en [&hellip;]\" \/>\n<meta property=\"og:url\" content=\"https:\/\/xiaoxirou-i9lxxjjv2d.live-website.com\/servicios\/investigacion\/\" \/>\n<meta property=\"og:site_name\" content=\"Xiao Xirou\" \/>\n<meta property=\"article:modified_time\" content=\"2025-06-14T10:16:25+00:00\" \/>\n<meta name=\"twitter:card\" content=\"summary_large_image\" \/>\n<meta name=\"twitter:label1\" content=\"Est. reading time\" \/>\n\t<meta name=\"twitter:data1\" content=\"2 minutes\" \/>\n<script type=\"application\/ld+json\" class=\"yoast-schema-graph\">{\"@context\":\"https:\\\/\\\/schema.org\",\"@graph\":[{\"@type\":\"WebPage\",\"@id\":\"https:\\\/\\\/xiaoxirou-i9lxxjjv2d.live-website.com\\\/servicios\\\/investigacion\\\/\",\"url\":\"https:\\\/\\\/xiaoxirou-i9lxxjjv2d.live-website.com\\\/servicios\\\/investigacion\\\/\",\"name\":\"Investigaci\u00f3n - Xiao Xirou\",\"isPartOf\":{\"@id\":\"https:\\\/\\\/xiaoxirou.com\\\/#website\"},\"datePublished\":\"2025-05-19T15:12:11+00:00\",\"dateModified\":\"2025-06-14T10:16:25+00:00\",\"breadcrumb\":{\"@id\":\"https:\\\/\\\/xiaoxirou-i9lxxjjv2d.live-website.com\\\/servicios\\\/investigacion\\\/#breadcrumb\"},\"inLanguage\":\"en-US\",\"potentialAction\":[{\"@type\":\"ReadAction\",\"target\":[\"https:\\\/\\\/xiaoxirou-i9lxxjjv2d.live-website.com\\\/servicios\\\/investigacion\\\/\"]}]},{\"@type\":\"BreadcrumbList\",\"@id\":\"https:\\\/\\\/xiaoxirou-i9lxxjjv2d.live-website.com\\\/servicios\\\/investigacion\\\/#breadcrumb\",\"itemListElement\":[{\"@type\":\"ListItem\",\"position\":1,\"name\":\"Home\",\"item\":\"https:\\\/\\\/xiaoxirou.com\\\/\"},{\"@type\":\"ListItem\",\"position\":2,\"name\":\"Servicios\",\"item\":\"https:\\\/\\\/xiaoxirou-i9lxxjjv2d.live-website.com\\\/servicios\\\/\"},{\"@type\":\"ListItem\",\"position\":3,\"name\":\"Investigaci\u00f3n\"}]},{\"@type\":\"WebSite\",\"@id\":\"https:\\\/\\\/xiaoxirou.com\\\/#website\",\"url\":\"https:\\\/\\\/xiaoxirou.com\\\/\",\"name\":\"Xiao Xirou\",\"description\":\"Just another WordPress site\",\"publisher\":{\"@id\":\"https:\\\/\\\/xiaoxirou.com\\\/#organization\"},\"potentialAction\":[{\"@type\":\"SearchAction\",\"target\":{\"@type\":\"EntryPoint\",\"urlTemplate\":\"https:\\\/\\\/xiaoxirou.com\\\/?s={search_term_string}\"},\"query-input\":{\"@type\":\"PropertyValueSpecification\",\"valueRequired\":true,\"valueName\":\"search_term_string\"}}],\"inLanguage\":\"en-US\"},{\"@type\":\"Organization\",\"@id\":\"https:\\\/\\\/xiaoxirou.com\\\/#organization\",\"name\":\"Xiao Xirou\",\"url\":\"https:\\\/\\\/xiaoxirou.com\\\/\",\"logo\":{\"@type\":\"ImageObject\",\"inLanguage\":\"en-US\",\"@id\":\"https:\\\/\\\/xiaoxirou.com\\\/#\\\/schema\\\/logo\\\/image\\\/\",\"url\":\"https:\\\/\\\/xiaoxirou.com\\\/wp-content\\\/uploads\\\/2025\\\/05\\\/cropped-Xiao-Xirou.png\",\"contentUrl\":\"https:\\\/\\\/xiaoxirou.com\\\/wp-content\\\/uploads\\\/2025\\\/05\\\/cropped-Xiao-Xirou.png\",\"width\":220,\"height\":148,\"caption\":\"Xiao Xirou\"},\"image\":{\"@id\":\"https:\\\/\\\/xiaoxirou.com\\\/#\\\/schema\\\/logo\\\/image\\\/\"}}]}<\/script>\n<!-- \/ Yoast SEO Premium plugin. -->","yoast_head_json":{"title":"Investigaci\u00f3n - Xiao Xirou","robots":{"index":"index","follow":"follow","max-snippet":"max-snippet:-1","max-image-preview":"max-image-preview:large","max-video-preview":"max-video-preview:-1"},"canonical":"https:\/\/xiaoxirou-i9lxxjjv2d.live-website.com\/servicios\/investigacion\/","og_locale":"en_US","og_type":"article","og_title":"Investigaci\u00f3n","og_description":"Investigaci\u00f3n Tambi\u00e9n desarrollo una pr\u00e1ctica activa como investigadora, tanto en el \u00e1mbito acad\u00e9mico como desde los propios proyectos culturales en [&hellip;]","og_url":"https:\/\/xiaoxirou-i9lxxjjv2d.live-website.com\/servicios\/investigacion\/","og_site_name":"Xiao Xirou","article_modified_time":"2025-06-14T10:16:25+00:00","twitter_card":"summary_large_image","twitter_misc":{"Est. reading time":"2 minutes"},"schema":{"@context":"https:\/\/schema.org","@graph":[{"@type":"WebPage","@id":"https:\/\/xiaoxirou-i9lxxjjv2d.live-website.com\/servicios\/investigacion\/","url":"https:\/\/xiaoxirou-i9lxxjjv2d.live-website.com\/servicios\/investigacion\/","name":"Investigaci\u00f3n - Xiao Xirou","isPartOf":{"@id":"https:\/\/xiaoxirou.com\/#website"},"datePublished":"2025-05-19T15:12:11+00:00","dateModified":"2025-06-14T10:16:25+00:00","breadcrumb":{"@id":"https:\/\/xiaoxirou-i9lxxjjv2d.live-website.com\/servicios\/investigacion\/#breadcrumb"},"inLanguage":"en-US","potentialAction":[{"@type":"ReadAction","target":["https:\/\/xiaoxirou-i9lxxjjv2d.live-website.com\/servicios\/investigacion\/"]}]},{"@type":"BreadcrumbList","@id":"https:\/\/xiaoxirou-i9lxxjjv2d.live-website.com\/servicios\/investigacion\/#breadcrumb","itemListElement":[{"@type":"ListItem","position":1,"name":"Home","item":"https:\/\/xiaoxirou.com\/"},{"@type":"ListItem","position":2,"name":"Servicios","item":"https:\/\/xiaoxirou-i9lxxjjv2d.live-website.com\/servicios\/"},{"@type":"ListItem","position":3,"name":"Investigaci\u00f3n"}]},{"@type":"WebSite","@id":"https:\/\/xiaoxirou.com\/#website","url":"https:\/\/xiaoxirou.com\/","name":"Xiao Xirou","description":"Just another WordPress site","publisher":{"@id":"https:\/\/xiaoxirou.com\/#organization"},"potentialAction":[{"@type":"SearchAction","target":{"@type":"EntryPoint","urlTemplate":"https:\/\/xiaoxirou.com\/?s={search_term_string}"},"query-input":{"@type":"PropertyValueSpecification","valueRequired":true,"valueName":"search_term_string"}}],"inLanguage":"en-US"},{"@type":"Organization","@id":"https:\/\/xiaoxirou.com\/#organization","name":"Xiao Xirou","url":"https:\/\/xiaoxirou.com\/","logo":{"@type":"ImageObject","inLanguage":"en-US","@id":"https:\/\/xiaoxirou.com\/#\/schema\/logo\/image\/","url":"https:\/\/xiaoxirou.com\/wp-content\/uploads\/2025\/05\/cropped-Xiao-Xirou.png","contentUrl":"https:\/\/xiaoxirou.com\/wp-content\/uploads\/2025\/05\/cropped-Xiao-Xirou.png","width":220,"height":148,"caption":"Xiao Xirou"},"image":{"@id":"https:\/\/xiaoxirou.com\/#\/schema\/logo\/image\/"}}]}},"uagb_featured_image_src":{"full":false,"thumbnail":false,"medium":false,"medium_large":false,"large":false,"1536x1536":false,"2048x2048":false,"trp-custom-language-flag":false},"uagb_author_info":{"display_name":"Naomi Pastor Flores","author_link":"https:\/\/xiaoxirou.com\/en\/author\/mondo\/"},"uagb_comment_info":0,"uagb_excerpt":"Investigaci\u00f3n Tambi\u00e9n desarrollo una pr\u00e1ctica activa como investigadora, tanto en el \u00e1mbito acad\u00e9mico como desde los propios proyectos culturales en [&hellip;]","_links":{"self":[{"href":"https:\/\/xiaoxirou.com\/en\/wp-json\/wp\/v2\/pages\/77","targetHints":{"allow":["GET"]}}],"collection":[{"href":"https:\/\/xiaoxirou.com\/en\/wp-json\/wp\/v2\/pages"}],"about":[{"href":"https:\/\/xiaoxirou.com\/en\/wp-json\/wp\/v2\/types\/page"}],"author":[{"embeddable":true,"href":"https:\/\/xiaoxirou.com\/en\/wp-json\/wp\/v2\/users\/2"}],"replies":[{"embeddable":true,"href":"https:\/\/xiaoxirou.com\/en\/wp-json\/wp\/v2\/comments?post=77"}],"version-history":[{"count":4,"href":"https:\/\/xiaoxirou.com\/en\/wp-json\/wp\/v2\/pages\/77\/revisions"}],"predecessor-version":[{"id":2087,"href":"https:\/\/xiaoxirou.com\/en\/wp-json\/wp\/v2\/pages\/77\/revisions\/2087"}],"up":[{"embeddable":true,"href":"https:\/\/xiaoxirou.com\/en\/wp-json\/wp\/v2\/pages\/63"}],"wp:attachment":[{"href":"https:\/\/xiaoxirou.com\/en\/wp-json\/wp\/v2\/media?parent=77"}],"curies":[{"name":"wp","href":"https:\/\/api.w.org\/{rel}","templated":true}]}}