{"id":69,"date":"2025-05-19T15:04:28","date_gmt":"2025-05-19T15:04:28","guid":{"rendered":"https:\/\/xiaoxirou.com\/?page_id=69"},"modified":"2025-06-14T08:47:50","modified_gmt":"2025-06-14T08:47:50","slug":"mediacion","status":"publish","type":"page","link":"https:\/\/xiaoxirou.com\/zh\/servicios\/mediacion\/","title":{"rendered":"\u8c03\u89e3"},"content":{"rendered":"<div class=\"wp-block-uagb-container uagb-block-f42f1c46 alignfull uagb-is-root-container\"><div class=\"uagb-container-inner-blocks-wrap\">\n<h1 class=\"wp-block-heading\" style=\"margin-top:var(--wp--preset--spacing--80)\"><strong><strong>\u827a\u672f\u3001\u6559\u80b2\u548c\u793e\u4f1a\u4e2d\u7684\u8de8\u6587\u5316\u8c03\u89e3<\/strong><\/strong><\/h1>\n\n\n\n<p>\u8c03\u89e3\u662f\u6211\u827a\u672f\u3001\u6559\u80b2\u548c\u793e\u4f1a\u5b9e\u8df5\u7684\u57fa\u77f3\uff0c\u5c24\u5176\u5173\u6ce8\u897f\u73ed\u7259\u7684\u534e\u4eba\u4fa8\u6c11\u53ca\u5176\u4e0e\u793e\u4f1a\u7684\u5173\u7cfb\u3002\u6211\u7684\u4f5c\u54c1\u5173\u6ce8\u8de8\u6587\u5316\u3001\u79fb\u6c11\u4ee5\u53ca\u5728\u793e\u533a\u4e4b\u95f4\u642d\u5efa\u6865\u6881\u3002<\/p>\n\n\n\n<p>\u6211\u662f <strong><a href=\"https:\/\/xiaoxirou.com\/zh\/proyectos\/personales\/liwai-accion-intercultural\/\">\u91cc\u5916\u8de8\u6587\u5316\u884c\u52a8\u534f\u4f1a<\/a><\/strong> \u6211\u66fe\u5728 <strong>\u793e\u4f1a\u9879\u76ee <em>\u6574\u5408\u4e2d\u5fc3<\/em><\/strong> Centro \u533a\uff0c\u4ee5\u53ca <strong>\u6559\u80b2\u8c03\u89e3<\/strong> \u5728\u9a6c\u5fb7\u91cc\u7684Usera\uff0c\u4ee5\u53ca\u4e0e\u5404\u79cd\u516c\u5171\u6587\u5316\u673a\u6784\u5408\u4f5c\u3002\u6211\u53ef\u4ee5\u63d0\u4f9b\u7684\u5de5\u4f5c\u5305\u62ec\uff1a<\/p>\n\n\n\n<ul class=\"wp-block-list\">\n<li><strong>\u535a\u7269\u9986\u548c\u827a\u672f\u4e2d\u5fc3\u7684\u8c03\u89e3<\/strong>\uff0c\u4e3a\u4e0d\u540c\u53d7\u4f17\u8bbe\u8ba1\u5305\u5bb9\u4e14\u6613\u4e8e\u8bbf\u95ee\u7684\u4f53\u9a8c\u3002<\/li>\n\n\n\n<li><strong>\u8c03\u89e3\u9879\u76ee\u7684\u5f00\u53d1\u548c\u6267\u884c<\/strong> \u9488\u5bf9\u534e\u4eba\u3001\u4e9a\u88d4\u4fa8\u6c11\u548c\u79cd\u65cf\u7fa4\u4f53\uff0c\u4e3a\u5bb6\u5ead\u3001\u9752\u5c11\u5e74\u548c\u6210\u5e74\u4eba\u63d0\u4f9b\u6d3b\u52a8\u3002<\/li>\n\n\n\n<li><strong>\u793e\u4f1a\u548c\u793e\u4f1a\u6559\u80b2\u9886\u57df\u7684\u8c03\u89e3\u548c\u89e3\u91ca<\/strong>\u4fc3\u8fdb\u5bf9\u8bdd\u548c\u8de8\u6587\u5316\u5171\u5b58\u3002<\/li>\n\n\n\n<li><strong>\u6559\u6750\u521b\u4f5c<\/strong> \u4e3a\u673a\u6784\u3001\u6559\u80b2\u5de5\u4f5c\u8005\u548c\u4e13\u4e1a\u4eba\u58eb\u63d0\u4f9b\u8de8\u6587\u5316\u8c03\u89e3\u3002<\/li>\n\n\n\n<li><strong>\u8de8\u6587\u5316\u8c03\u89e3\u7814\u7a76\u4e0e\u5efa\u8bae<\/strong>\uff0c\u5236\u5b9a\u5177\u4f53\u7684\u6559\u80b2\u548c\u827a\u672f\u65b9\u6cd5\u3002<\/li>\n\n\n\n<li><strong>\u57f9\u8bad\u4e0e\u6559\u5b66<\/strong> \u5728\u8de8\u6587\u5316\u8c03\u89e3\u4e2d\u3002\u00a0<\/li>\n<\/ul>\n\n\n\n<p>\u4e0b\u9762\uff0c\u6211\u91cd\u70b9\u4ecb\u7ecd\u6211\u7684\u57f9\u8bad\u8ba1\u5212\u4e2d\u6d89\u53ca\u7684\u4e00\u4e9b\u4e3b\u9898\u3002<\/p>\n\n\n\n<div class=\"wp-block-uagb-container uagb-block-435e0246 alignfull uagb-is-root-container\"><div class=\"uagb-container-inner-blocks-wrap\">\n<div class=\"wp-block-uagb-content-timeline uagb-timeline__outer-wrap uagb-block-a50c08ac uagb-timeline__content-wrap uagb-timeline__center-block  uagb-timeline__arrow-center uagb-timeline servicios\">\n<article class=\"wp-block-uagb-content-timeline-child uagb-timeline__field uagb-timeline-child-470251e5 uagb-timeline__right\"><div class=\"uagb-timeline__marker out-view-uagb-timeline__icon\"><svg xmlns=\"https:\/\/www.w3.org\/2000\/svg\" viewbox=\"0 0 256 512\"><path d=\"M64 448c-8.188 0-16.38-3.125-22.62-9.375c-12.5-12.5-12.5-32.75 0-45.25L178.8 256L41.38 118.6c-12.5-12.5-12.5-32.75 0-45.25s32.75-12.5 45.25 0l160 160c12.5 12.5 12.5 32.75 0 45.25l-160 160C80.38 444.9 72.19 448 64 448z\"><\/path><\/svg><\/div><div class=\"uagb-timeline__day-new uagb-timeline__day-right uagb-timeline__events-inner-new\"><div class=\"uagb-timeline__events-inner--content\"><h4 class=\"uagb-timeline__heading\"><mark style=\"background-color:rgba(0, 0, 0, 0)\" class=\"has-inline-color has-ast-global-color-2-color\"><strong><strong><strong><strong><strong><a href=\"https:\/\/xiaoxirou.com\/zh\/proyectos\/personales\/%e5%a4%a9%e9%a9%ac%e8%a1%8c%e7%a9%batian-ma-xing-kong\/\">\u5929\u9a6c\u884c\u7a7a<em>\u5929\u76ee\u661f\u7a7a<\/em><\/a><\/strong><\/strong><\/strong><\/strong><\/strong><\/mark><\/h4><p class=\"uagb-timeline-desc-content\">\u8fd9\u662f\u9a6c\u5fb7\u91cc\u7684\u4e00\u4e2a\u534e\u4eba\u5bb6\u5ead\u793e\u533a\uff0c\u81ea2019\u5e74\u4ee5\u6765\u901a\u8fc7\u4e0e\u5404\u79cd\u673a\u6784\u5408\u4f5c\u5f00\u5c55\u8de8\u6587\u5316\u3001\u827a\u672f\u548c\u5a31\u4e50\u8c03\u89e3\u6d3b\u52a8\u800c\u6210\u7acb\u3002\u8fd9\u662f\u4e00\u4e2a\u4e0e <a href=\"https:\/\/www.condeduquemadrid.es\/actividades\/tianmaxingkong-tian-ma-xing-kong-2021-2022\">\u9a6c\u5fb7\u91cc\u5b54\u5fb7\u675c\u514b\u4e2d\u5fc3<\/a> (2019-2021), <a href=\"https:\/\/www.museoreinasofia.es\/actividades\/savia-3-edicion-especial-tian-ma-xing-kong\">\u7d22\u83f2\u4e9a\u738b\u540e\u56fd\u5bb6\u827a\u672f\u4e2d\u5fc3\u535a\u7269\u9986<\/a> \uff082022-2025 \u5e74\uff09\u548c\u56fd\u5bb6\u4eba\u7c7b\u5b66\u535a\u7269\u9986\uff082024 \u5e74\uff09\u3002<br><br><img loading=\"lazy\" decoding=\"async\" width=\"750\" height=\"500\" class=\"wp-image-2018\" style=\"width: 750px;\" src=\"https:\/\/xiaoxirou.com\/wp-content\/uploads\/2025\/06\/mediacion-1.webp\" alt=\"\" srcset=\"https:\/\/xiaoxirou.com\/wp-content\/uploads\/2025\/06\/mediacion-1.webp 750w, https:\/\/xiaoxirou.com\/wp-content\/uploads\/2025\/06\/mediacion-1-300x200.webp 300w\" sizes=\"auto, (max-width: 750px) 100vw, 750px\" \/><\/p><div class=\"uagb-timeline__arrow\"><\/div><\/div><\/div><div class=\"uagb-timeline__date-new\"><\/div><\/article>\n\n\n\n<article class=\"wp-block-uagb-content-timeline-child uagb-timeline__field uagb-timeline-child-2f227eed uagb-timeline__left\"><div class=\"uagb-timeline__marker out-view-uagb-timeline__icon\"><svg xmlns=\"https:\/\/www.w3.org\/2000\/svg\" viewbox=\"0 0 256 512\"><path d=\"M64 448c-8.188 0-16.38-3.125-22.62-9.375c-12.5-12.5-12.5-32.75 0-45.25L178.8 256L41.38 118.6c-12.5-12.5-12.5-32.75 0-45.25s32.75-12.5 45.25 0l160 160c12.5 12.5 12.5 32.75 0 45.25l-160 160C80.38 444.9 72.19 448 64 448z\"><\/path><\/svg><\/div><div class=\"uagb-timeline__day-new uagb-timeline__day-left uagb-timeline__events-inner-new\"><div class=\"uagb-timeline__events-inner--content\"><h4 class=\"uagb-timeline__heading\"><mark style=\"background-color:rgba(0, 0, 0, 0)\" class=\"has-inline-color has-ast-global-color-2-color\"><strong><strong><strong><strong><strong><strong>\u5c55\u89c8\u534f\u8c03\u52a9\u7406<a href=\"https:\/\/xiaoxirou.com\/zh\/proyectos\/colaborativos\/museos\/museo-de-arte-contemporaneo-de-castilla-y-leon\/\"> \u300a\u827e\u672a\u672a\uff1a\u5802\u5409\u8bc3\u5fb7\u300b<\/a><\/strong><\/strong><\/strong><\/strong><\/strong><\/strong><\/mark><\/h4><p class=\"uagb-timeline-desc-content\">\u6211\u4f5c\u4e3a\u534f\u8c03\u52a9\u7406\u53c2\u4e0e\u4e86\u672c\u6b21\u5c55\u89c8\u7684\u642d\u5efa\u548c\u62c6\u9664\u5de5\u4f5c\u3002 <strong>\u5361\u65af\u8482\u5229\u4e9a-\u83b1\u6602\u5f53\u4ee3\u827a\u672f\u535a\u7269\u9986\uff08MUSAC\uff09<\/strong>\u6211\u7684\u804c\u8d23\u662f\u4fc3\u8fdb MUSAC \u56e2\u961f\u548c\u4e2d\u56fd\u827e\u672a\u672a\u7814\u7a76\u56e2\u961f\uff082024-2025 \u5e74\uff09\u4e4b\u95f4\u7684\u6c9f\u901a\u4e0e\u5408\u4f5c\u3002<br><br><img loading=\"lazy\" decoding=\"async\" width=\"750\" height=\"508\" class=\"wp-image-1605\" style=\"width: 750px;\" src=\"https:\/\/xiaoxirou.com\/wp-content\/uploads\/2025\/06\/museo-de-arte-contemporaneo-de-castilla-y-leon-1.webp\" alt=\"\" srcset=\"https:\/\/xiaoxirou.com\/wp-content\/uploads\/2025\/06\/museo-de-arte-contemporaneo-de-castilla-y-leon-1.webp 1512w, https:\/\/xiaoxirou.com\/wp-content\/uploads\/2025\/06\/museo-de-arte-contemporaneo-de-castilla-y-leon-1-300x203.webp 300w, https:\/\/xiaoxirou.com\/wp-content\/uploads\/2025\/06\/museo-de-arte-contemporaneo-de-castilla-y-leon-1-1024x694.webp 1024w, https:\/\/xiaoxirou.com\/wp-content\/uploads\/2025\/06\/museo-de-arte-contemporaneo-de-castilla-y-leon-1-768x520.webp 768w\" sizes=\"auto, (max-width: 750px) 100vw, 750px\" \/><\/p><div class=\"uagb-timeline__arrow\"><\/div><\/div><\/div><div class=\"uagb-timeline__date-new\"><\/div><\/article>\n\n\n\n<article class=\"wp-block-uagb-content-timeline-child uagb-timeline__field uagb-timeline-child-ba3b9723 uagb-timeline__right\"><div class=\"uagb-timeline__marker out-view-uagb-timeline__icon\"><svg xmlns=\"https:\/\/www.w3.org\/2000\/svg\" viewbox=\"0 0 256 512\"><path d=\"M64 448c-8.188 0-16.38-3.125-22.62-9.375c-12.5-12.5-12.5-32.75 0-45.25L178.8 256L41.38 118.6c-12.5-12.5-12.5-32.75 0-45.25s32.75-12.5 45.25 0l160 160c12.5 12.5 12.5 32.75 0 45.25l-160 160C80.38 444.9 72.19 448 64 448z\"><\/path><\/svg><\/div><div class=\"uagb-timeline__day-new uagb-timeline__day-right uagb-timeline__events-inner-new\"><div class=\"uagb-timeline__events-inner--content\"><h4 class=\"uagb-timeline__heading\"><mark style=\"background-color:rgba(0, 0, 0, 0)\" class=\"has-inline-color has-ast-global-color-2-color\">\u6545\u4e8b\u884c\u8005\uff1a\u4ece\u9752\u7530\u5230\u4e4c\u745f\u62c9\u7684\u6545\u4e8b\u4e0e\u4e2d\u95f4\u4eba<\/mark><\/h4><p class=\"uagb-timeline-desc-content\">\u6211\u662f\u8fd9\u4e2a\u9879\u76ee\u56e2\u961f\u7684\u4e00\u5458\uff0c\u8be5\u9879\u76ee\u5c06\u7eaa\u5f55\u7247\u3001\u793e\u533a\u5267\u573a\u4e0e\u65b0\u6280\u672f\u76f8\u7ed3\u5408\u3002\u6545\u4e8b\u56f4\u7ed5\u7740Usera\u7684\u534e\u4eba\u793e\u533a\u5c55\u5f00\uff0c\u65e8\u5728\u63ed\u793a\u9690\u85cf\u5728\u4e00\u4e2a\u4e0d\u65ad\u53d8\u5316\u548c\u8f6c\u578b\u7684\u793e\u533a\u80cc\u540e\u7684\u4eba\u6027\u6545\u4e8b\u3002\u5b83\u4e3b\u8981\u8bb0\u5f55\u4e86\u90a3\u4e9b\u51b3\u5b9a\u79bb\u5f00\u7956\u56fd\u3001\u6210\u4e3aUsera\u5c45\u6c11\u7684\u4eba\u4eec\u7684\u6545\u4e8b\u3002\u00a0<br>\u5bfc\u6f14\uff1a\u8d39\u5c14\u5357\u591a\u00b7\u6851\u5207\u65af-\u5361\u8d1d\u7956\u591a\u3002\u620f\u5267\u521b\u4f5c\uff1a\u9732\u897f\u5a05\u00b7\u5361\u5df4\u62c9\u5c14\u3002\u5973\u6f14\u5458\u517c\u8de8\u6587\u5316\u8c03\u89e3\u4eba\uff1a\u8096\u66e6\u67d4\u3002\u58f0\u97f3\u5236\u4f5c\uff1aSandra Vicente \u548c Mariano Garc\u00eda\u3002<br><br><img loading=\"lazy\" decoding=\"async\" width=\"750\" height=\"851\" class=\"wp-image-2024\" style=\"width: 750px;\" src=\"https:\/\/xiaoxirou.com\/wp-content\/uploads\/2025\/06\/mediacion-3.webp\" alt=\"\" srcset=\"https:\/\/xiaoxirou.com\/wp-content\/uploads\/2025\/06\/mediacion-3.webp 750w, https:\/\/xiaoxirou.com\/wp-content\/uploads\/2025\/06\/mediacion-3-264x300.webp 264w\" sizes=\"auto, (max-width: 750px) 100vw, 750px\" \/><\/p><div class=\"uagb-timeline__arrow\"><\/div><\/div><\/div><div class=\"uagb-timeline__date-new\"><\/div><\/article>\n\n\n\n<article class=\"wp-block-uagb-content-timeline-child uagb-timeline__field uagb-timeline-child-1725f8d4 uagb-timeline__left\"><div class=\"uagb-timeline__marker out-view-uagb-timeline__icon\"><svg xmlns=\"https:\/\/www.w3.org\/2000\/svg\" viewbox=\"0 0 256 512\"><path d=\"M64 448c-8.188 0-16.38-3.125-22.62-9.375c-12.5-12.5-12.5-32.75 0-45.25L178.8 256L41.38 118.6c-12.5-12.5-12.5-32.75 0-45.25s32.75-12.5 45.25 0l160 160c12.5 12.5 12.5 32.75 0 45.25l-160 160C80.38 444.9 72.19 448 64 448z\"><\/path><\/svg><\/div><div class=\"uagb-timeline__day-new uagb-timeline__day-left uagb-timeline__events-inner-new\"><div class=\"uagb-timeline__events-inner--content\"><h4 class=\"uagb-timeline__heading\"><mark style=\"background-color:rgba(0, 0, 0, 0)\" class=\"has-inline-color has-ast-global-color-2-color\"><strong><a href=\"https:\/\/xiaoxirou.com\/zh\/proyectos\/colaborativos\/artes-vivas-y-cine\/pelicula-chinas\/\">\u7535\u5f71\u300a\u4e2d\u56fd\u300b<\/a><\/strong><\/mark><\/h4><p class=\"uagb-timeline-desc-content\">\u6211\u662f\u7535\u5f71\u6444\u5236\u7ec4\u7684\u4e00\u5458<em> <a href=\"https:\/\/www.premiosgoya.com\/pelicula\/chinas\/\">\u4e2d\u56fd\u4eba<\/a><\/em> \uff08\u5bfc\u6f14\uff1aArantxa Echevarr\u00eda\uff0c2023\uff09 <strong>\u9009\u89d2\u5bfc\u6f14\u3001\u6587\u5316\u827a\u672f\u987e\u95ee\u3002<\/strong><br><br><img loading=\"lazy\" decoding=\"async\" width=\"750\" height=\"1072\" class=\"wp-image-1759\" style=\"width: 750px;\" src=\"https:\/\/xiaoxirou.com\/wp-content\/uploads\/2025\/06\/chinas-1.webp\" alt=\"\" srcset=\"https:\/\/xiaoxirou.com\/wp-content\/uploads\/2025\/06\/chinas-1.webp 900w, https:\/\/xiaoxirou.com\/wp-content\/uploads\/2025\/06\/chinas-1-210x300.webp 210w, https:\/\/xiaoxirou.com\/wp-content\/uploads\/2025\/06\/chinas-1-717x1024.webp 717w, https:\/\/xiaoxirou.com\/wp-content\/uploads\/2025\/06\/chinas-1-768x1097.webp 768w\" sizes=\"auto, (max-width: 750px) 100vw, 750px\" \/><\/p><div class=\"uagb-timeline__arrow\"><\/div><\/div><\/div><div class=\"uagb-timeline__date-new\"><\/div><\/article>\n<div class=\"uagb-timeline__line\"><div class=\"uagb-timeline__line__inner\"><\/div><\/div><\/div>\n<\/div><\/div>\n<\/div><\/div>","protected":false},"excerpt":{"rendered":"<p>Mediaci\u00f3n Intercultural en arte, educaci\u00f3n y sociedad La mediaci\u00f3n es un pilar fundamental en mis pr\u00e1cticas art\u00edsticas, educativas y sociales, [&hellip;]<\/p>\n","protected":false},"author":2,"featured_media":0,"parent":63,"menu_order":0,"comment_status":"closed","ping_status":"closed","template":"","meta":{"_uag_custom_page_level_css":"","site-sidebar-layout":"default","site-content-layout":"","ast-site-content-layout":"","site-content-style":"default","site-sidebar-style":"default","ast-global-header-display":"","ast-banner-title-visibility":"","ast-main-header-display":"","ast-hfb-above-header-display":"","ast-hfb-below-header-display":"","ast-hfb-mobile-header-display":"","site-post-title":"disabled","ast-breadcrumbs-content":"","ast-featured-img":"","footer-sml-layout":"","ast-disable-related-posts":"","theme-transparent-header-meta":"","adv-header-id-meta":"","stick-header-meta":"","header-above-stick-meta":"","header-main-stick-meta":"","header-below-stick-meta":"","astra-migrate-meta-layouts":"default","ast-page-background-enabled":"default","ast-page-background-meta":{"desktop":{"background-color":"var(--ast-global-color-5)","background-image":"","background-repeat":"repeat","background-position":"center center","background-size":"auto","background-attachment":"scroll","background-type":"","background-media":"","overlay-type":"","overlay-color":"","overlay-opacity":"","overlay-gradient":""},"tablet":{"background-color":"","background-image":"","background-repeat":"repeat","background-position":"center center","background-size":"auto","background-attachment":"scroll","background-type":"","background-media":"","overlay-type":"","overlay-color":"","overlay-opacity":"","overlay-gradient":""},"mobile":{"background-color":"","background-image":"","background-repeat":"repeat","background-position":"center center","background-size":"auto","background-attachment":"scroll","background-type":"","background-media":"","overlay-type":"","overlay-color":"","overlay-opacity":"","overlay-gradient":""}},"ast-content-background-meta":{"desktop":{"background-color":"var(--ast-global-color-4)","background-image":"","background-repeat":"repeat","background-position":"center center","background-size":"auto","background-attachment":"scroll","background-type":"","background-media":"","overlay-type":"","overlay-color":"","overlay-opacity":"","overlay-gradient":""},"tablet":{"background-color":"var(--ast-global-color-4)","background-image":"","background-repeat":"repeat","background-position":"center center","background-size":"auto","background-attachment":"scroll","background-type":"","background-media":"","overlay-type":"","overlay-color":"","overlay-opacity":"","overlay-gradient":""},"mobile":{"background-color":"var(--ast-global-color-4)","background-image":"","background-repeat":"repeat","background-position":"center center","background-size":"auto","background-attachment":"scroll","background-type":"","background-media":"","overlay-type":"","overlay-color":"","overlay-opacity":"","overlay-gradient":""}},"footnotes":""},"class_list":["post-69","page","type-page","status-publish","hentry"],"yoast_head":"<!-- This site is optimized with the Yoast SEO Premium plugin v20.10 (Yoast SEO v27.4) - https:\/\/yoast.com\/product\/yoast-seo-premium-wordpress\/ -->\n<title>Mediaci\u00f3n - Xiao Xirou<\/title>\n<meta name=\"robots\" content=\"index, follow, max-snippet:-1, max-image-preview:large, max-video-preview:-1\" \/>\n<link rel=\"canonical\" href=\"https:\/\/xiaoxirou-i9lxxjjv2d.live-website.com\/servicios\/mediacion\/\" \/>\n<meta property=\"og:locale\" content=\"zh_CN\" \/>\n<meta property=\"og:type\" content=\"article\" \/>\n<meta property=\"og:title\" content=\"Mediaci\u00f3n\" \/>\n<meta property=\"og:description\" content=\"Mediaci\u00f3n Intercultural en arte, educaci\u00f3n y sociedad La mediaci\u00f3n es un pilar fundamental en mis pr\u00e1cticas art\u00edsticas, educativas y sociales, [&hellip;]\" \/>\n<meta property=\"og:url\" content=\"https:\/\/xiaoxirou-i9lxxjjv2d.live-website.com\/servicios\/mediacion\/\" \/>\n<meta property=\"og:site_name\" content=\"Xiao Xirou\" \/>\n<meta property=\"article:modified_time\" content=\"2025-06-14T08:47:50+00:00\" \/>\n<meta property=\"og:image\" content=\"https:\/\/xiaoxirou.com\/wp-content\/uploads\/2025\/06\/mediacion-1.webp\" \/>\n\t<meta property=\"og:image:width\" content=\"750\" \/>\n\t<meta property=\"og:image:height\" content=\"500\" \/>\n\t<meta property=\"og:image:type\" content=\"image\/webp\" \/>\n<meta name=\"twitter:card\" content=\"summary_large_image\" \/>\n<meta name=\"twitter:label1\" content=\"\u9884\u8ba1\u9605\u8bfb\u65f6\u95f4\" \/>\n\t<meta name=\"twitter:data1\" content=\"3 \u5206\" \/>\n<script type=\"application\/ld+json\" class=\"yoast-schema-graph\">{\"@context\":\"https:\\\/\\\/schema.org\",\"@graph\":[{\"@type\":\"WebPage\",\"@id\":\"https:\\\/\\\/xiaoxirou-i9lxxjjv2d.live-website.com\\\/servicios\\\/mediacion\\\/\",\"url\":\"https:\\\/\\\/xiaoxirou-i9lxxjjv2d.live-website.com\\\/servicios\\\/mediacion\\\/\",\"name\":\"Mediaci\u00f3n - Xiao Xirou\",\"isPartOf\":{\"@id\":\"https:\\\/\\\/xiaoxirou.com\\\/#website\"},\"primaryImageOfPage\":{\"@id\":\"https:\\\/\\\/xiaoxirou-i9lxxjjv2d.live-website.com\\\/servicios\\\/mediacion\\\/#primaryimage\"},\"image\":{\"@id\":\"https:\\\/\\\/xiaoxirou-i9lxxjjv2d.live-website.com\\\/servicios\\\/mediacion\\\/#primaryimage\"},\"thumbnailUrl\":\"https:\\\/\\\/xiaoxirou.com\\\/wp-content\\\/uploads\\\/2025\\\/06\\\/mediacion-1.webp\",\"datePublished\":\"2025-05-19T15:04:28+00:00\",\"dateModified\":\"2025-06-14T08:47:50+00:00\",\"breadcrumb\":{\"@id\":\"https:\\\/\\\/xiaoxirou-i9lxxjjv2d.live-website.com\\\/servicios\\\/mediacion\\\/#breadcrumb\"},\"inLanguage\":\"zh-Hans\",\"potentialAction\":[{\"@type\":\"ReadAction\",\"target\":[\"https:\\\/\\\/xiaoxirou-i9lxxjjv2d.live-website.com\\\/servicios\\\/mediacion\\\/\"]}]},{\"@type\":\"ImageObject\",\"inLanguage\":\"zh-Hans\",\"@id\":\"https:\\\/\\\/xiaoxirou-i9lxxjjv2d.live-website.com\\\/servicios\\\/mediacion\\\/#primaryimage\",\"url\":\"https:\\\/\\\/xiaoxirou.com\\\/wp-content\\\/uploads\\\/2025\\\/06\\\/mediacion-1.webp\",\"contentUrl\":\"https:\\\/\\\/xiaoxirou.com\\\/wp-content\\\/uploads\\\/2025\\\/06\\\/mediacion-1.webp\"},{\"@type\":\"BreadcrumbList\",\"@id\":\"https:\\\/\\\/xiaoxirou-i9lxxjjv2d.live-website.com\\\/servicios\\\/mediacion\\\/#breadcrumb\",\"itemListElement\":[{\"@type\":\"ListItem\",\"position\":1,\"name\":\"Home\",\"item\":\"https:\\\/\\\/xiaoxirou.com\\\/\"},{\"@type\":\"ListItem\",\"position\":2,\"name\":\"Servicios\",\"item\":\"https:\\\/\\\/xiaoxirou-i9lxxjjv2d.live-website.com\\\/servicios\\\/\"},{\"@type\":\"ListItem\",\"position\":3,\"name\":\"Mediaci\u00f3n\"}]},{\"@type\":\"WebSite\",\"@id\":\"https:\\\/\\\/xiaoxirou.com\\\/#website\",\"url\":\"https:\\\/\\\/xiaoxirou.com\\\/\",\"name\":\"Xiao Xirou\",\"description\":\"Just another WordPress site\",\"publisher\":{\"@id\":\"https:\\\/\\\/xiaoxirou.com\\\/#organization\"},\"potentialAction\":[{\"@type\":\"SearchAction\",\"target\":{\"@type\":\"EntryPoint\",\"urlTemplate\":\"https:\\\/\\\/xiaoxirou.com\\\/?s={search_term_string}\"},\"query-input\":{\"@type\":\"PropertyValueSpecification\",\"valueRequired\":true,\"valueName\":\"search_term_string\"}}],\"inLanguage\":\"zh-Hans\"},{\"@type\":\"Organization\",\"@id\":\"https:\\\/\\\/xiaoxirou.com\\\/#organization\",\"name\":\"Xiao Xirou\",\"url\":\"https:\\\/\\\/xiaoxirou.com\\\/\",\"logo\":{\"@type\":\"ImageObject\",\"inLanguage\":\"zh-Hans\",\"@id\":\"https:\\\/\\\/xiaoxirou.com\\\/#\\\/schema\\\/logo\\\/image\\\/\",\"url\":\"https:\\\/\\\/xiaoxirou.com\\\/wp-content\\\/uploads\\\/2025\\\/05\\\/cropped-Xiao-Xirou.png\",\"contentUrl\":\"https:\\\/\\\/xiaoxirou.com\\\/wp-content\\\/uploads\\\/2025\\\/05\\\/cropped-Xiao-Xirou.png\",\"width\":220,\"height\":148,\"caption\":\"Xiao Xirou\"},\"image\":{\"@id\":\"https:\\\/\\\/xiaoxirou.com\\\/#\\\/schema\\\/logo\\\/image\\\/\"}}]}<\/script>\n<!-- \/ Yoast SEO Premium plugin. -->","yoast_head_json":{"title":"Mediaci\u00f3n - Xiao Xirou","robots":{"index":"index","follow":"follow","max-snippet":"max-snippet:-1","max-image-preview":"max-image-preview:large","max-video-preview":"max-video-preview:-1"},"canonical":"https:\/\/xiaoxirou-i9lxxjjv2d.live-website.com\/servicios\/mediacion\/","og_locale":"zh_CN","og_type":"article","og_title":"Mediaci\u00f3n","og_description":"Mediaci\u00f3n Intercultural en arte, educaci\u00f3n y sociedad La mediaci\u00f3n es un pilar fundamental en mis pr\u00e1cticas art\u00edsticas, educativas y sociales, [&hellip;]","og_url":"https:\/\/xiaoxirou-i9lxxjjv2d.live-website.com\/servicios\/mediacion\/","og_site_name":"Xiao Xirou","article_modified_time":"2025-06-14T08:47:50+00:00","og_image":[{"width":750,"height":500,"url":"https:\/\/xiaoxirou.com\/wp-content\/uploads\/2025\/06\/mediacion-1.webp","type":"image\/webp"}],"twitter_card":"summary_large_image","twitter_misc":{"\u9884\u8ba1\u9605\u8bfb\u65f6\u95f4":"3 \u5206"},"schema":{"@context":"https:\/\/schema.org","@graph":[{"@type":"WebPage","@id":"https:\/\/xiaoxirou-i9lxxjjv2d.live-website.com\/servicios\/mediacion\/","url":"https:\/\/xiaoxirou-i9lxxjjv2d.live-website.com\/servicios\/mediacion\/","name":"Mediaci\u00f3n - Xiao Xirou","isPartOf":{"@id":"https:\/\/xiaoxirou.com\/#website"},"primaryImageOfPage":{"@id":"https:\/\/xiaoxirou-i9lxxjjv2d.live-website.com\/servicios\/mediacion\/#primaryimage"},"image":{"@id":"https:\/\/xiaoxirou-i9lxxjjv2d.live-website.com\/servicios\/mediacion\/#primaryimage"},"thumbnailUrl":"https:\/\/xiaoxirou.com\/wp-content\/uploads\/2025\/06\/mediacion-1.webp","datePublished":"2025-05-19T15:04:28+00:00","dateModified":"2025-06-14T08:47:50+00:00","breadcrumb":{"@id":"https:\/\/xiaoxirou-i9lxxjjv2d.live-website.com\/servicios\/mediacion\/#breadcrumb"},"inLanguage":"zh-Hans","potentialAction":[{"@type":"ReadAction","target":["https:\/\/xiaoxirou-i9lxxjjv2d.live-website.com\/servicios\/mediacion\/"]}]},{"@type":"ImageObject","inLanguage":"zh-Hans","@id":"https:\/\/xiaoxirou-i9lxxjjv2d.live-website.com\/servicios\/mediacion\/#primaryimage","url":"https:\/\/xiaoxirou.com\/wp-content\/uploads\/2025\/06\/mediacion-1.webp","contentUrl":"https:\/\/xiaoxirou.com\/wp-content\/uploads\/2025\/06\/mediacion-1.webp"},{"@type":"BreadcrumbList","@id":"https:\/\/xiaoxirou-i9lxxjjv2d.live-website.com\/servicios\/mediacion\/#breadcrumb","itemListElement":[{"@type":"ListItem","position":1,"name":"Home","item":"https:\/\/xiaoxirou.com\/"},{"@type":"ListItem","position":2,"name":"Servicios","item":"https:\/\/xiaoxirou-i9lxxjjv2d.live-website.com\/servicios\/"},{"@type":"ListItem","position":3,"name":"Mediaci\u00f3n"}]},{"@type":"WebSite","@id":"https:\/\/xiaoxirou.com\/#website","url":"https:\/\/xiaoxirou.com\/","name":"\u8096\u60dc\u67d4","description":"\u53c8\u4e00\u4e2a WordPress \u7f51\u7ad9","publisher":{"@id":"https:\/\/xiaoxirou.com\/#organization"},"potentialAction":[{"@type":"SearchAction","target":{"@type":"EntryPoint","urlTemplate":"https:\/\/xiaoxirou.com\/?s={search_term_string}"},"query-input":{"@type":"PropertyValueSpecification","valueRequired":true,"valueName":"search_term_string"}}],"inLanguage":"zh-Hans"},{"@type":"Organization","@id":"https:\/\/xiaoxirou.com\/#organization","name":"\u8096\u60dc\u67d4","url":"https:\/\/xiaoxirou.com\/","logo":{"@type":"ImageObject","inLanguage":"zh-Hans","@id":"https:\/\/xiaoxirou.com\/#\/schema\/logo\/image\/","url":"https:\/\/xiaoxirou.com\/wp-content\/uploads\/2025\/05\/cropped-Xiao-Xirou.png","contentUrl":"https:\/\/xiaoxirou.com\/wp-content\/uploads\/2025\/05\/cropped-Xiao-Xirou.png","width":220,"height":148,"caption":"Xiao Xirou"},"image":{"@id":"https:\/\/xiaoxirou.com\/#\/schema\/logo\/image\/"}}]}},"uagb_featured_image_src":{"full":false,"thumbnail":false,"medium":false,"medium_large":false,"large":false,"1536x1536":false,"2048x2048":false,"trp-custom-language-flag":false},"uagb_author_info":{"display_name":"Naomi Pastor Flores","author_link":"https:\/\/xiaoxirou.com\/zh\/author\/mondo\/"},"uagb_comment_info":0,"uagb_excerpt":"Mediaci\u00f3n Intercultural en arte, educaci\u00f3n y sociedad La mediaci\u00f3n es un pilar fundamental en mis pr\u00e1cticas art\u00edsticas, educativas y sociales, [&hellip;]","_links":{"self":[{"href":"https:\/\/xiaoxirou.com\/zh\/wp-json\/wp\/v2\/pages\/69","targetHints":{"allow":["GET"]}}],"collection":[{"href":"https:\/\/xiaoxirou.com\/zh\/wp-json\/wp\/v2\/pages"}],"about":[{"href":"https:\/\/xiaoxirou.com\/zh\/wp-json\/wp\/v2\/types\/page"}],"author":[{"embeddable":true,"href":"https:\/\/xiaoxirou.com\/zh\/wp-json\/wp\/v2\/users\/2"}],"replies":[{"embeddable":true,"href":"https:\/\/xiaoxirou.com\/zh\/wp-json\/wp\/v2\/comments?post=69"}],"version-history":[{"count":8,"href":"https:\/\/xiaoxirou.com\/zh\/wp-json\/wp\/v2\/pages\/69\/revisions"}],"predecessor-version":[{"id":2029,"href":"https:\/\/xiaoxirou.com\/zh\/wp-json\/wp\/v2\/pages\/69\/revisions\/2029"}],"up":[{"embeddable":true,"href":"https:\/\/xiaoxirou.com\/zh\/wp-json\/wp\/v2\/pages\/63"}],"wp:attachment":[{"href":"https:\/\/xiaoxirou.com\/zh\/wp-json\/wp\/v2\/media?parent=69"}],"curies":[{"name":"\u53ef\u6e7f\u6027\u7c89\u5242","href":"https:\/\/api.w.org\/{rel}","templated":true}]}}