{"id":71,"date":"2025-05-19T15:06:01","date_gmt":"2025-05-19T15:06:01","guid":{"rendered":"https:\/\/xiaoxirou.com\/?page_id=71"},"modified":"2025-08-07T05:09:52","modified_gmt":"2025-08-07T05:09:52","slug":"creacion","status":"publish","type":"page","link":"https:\/\/xiaoxirou.com\/zh\/servicios\/creacion\/","title":{"rendered":"\u521b\u5efa"},"content":{"rendered":"<div class=\"wp-block-uagb-container uagb-block-f42f1c46 alignfull uagb-is-root-container\"><div class=\"uagb-container-inner-blocks-wrap\">\n<h1 class=\"wp-block-heading\" style=\"margin-top:var(--wp--preset--spacing--80)\"><strong><strong>\u827a\u672f\u548c\u96c6\u4f53\u521b\u4f5c<\/strong><\/strong><\/h1>\n\n\n\n<p>\u827a\u672f\u521b\u4f5c\u662f\u6211\u5de5\u4f5c\u7684\u652f\u67f1\u4e4b\u4e00\uff0c\u7279\u522b\u6ce8\u91cd <strong>\u96c6\u4f53\u548c\u793e\u533a\u521b\u4f5c<\/strong>\u8fd1\u5e74\u6765\uff0c\u6211\u7684\u5b9e\u8df5\u4e0d\u4ec5\u4e0e\u534e\u4eba\u4fa8\u6c11\u606f\u606f\u76f8\u5173\uff0c\u4e5f\u4e0e\u591a\u5143\u5316\u793e\u533a\u606f\u606f\u76f8\u5173\uff0c\u4f8b\u5982\u9a6c\u5fb7\u91cc\u7684Usera\u793e\u533a\u548c\u5df4\u585e\u7f57\u90a3\u7684Fort Pienc\u793e\u533a\u3002\u5728\u6211\u7684\u804c\u4e1a\u751f\u6daf\u4e2d\uff0c\u6211\u5f00\u53d1\u7684\u9879\u76ee\u4e13\u6ce8\u4e8e\u5efa\u8bbe <strong>\u5171\u4eab\u827a\u672f\u4f53\u9a8c<\/strong>\uff0c \u4f5c\u4e3a <strong>\u8783\u87f9\u4e13\u5bb6<\/strong> \u548c <strong>\u5706\u684c\u4f1a\u8bae<\/strong>.<\/p>\n\n\n\n<p>\u867d\u7136 <strong>\u884c\u4e3a\u827a\u672f<\/strong> \u4e00\u76f4\u662f\u6211\u7684\u51fa\u53d1\u70b9\uff0c\u6211\u7684\u5b9e\u8df5\u6269\u5c55\u5230\u5176\u4ed6\u5b66\u79d1\uff0c\u4f8b\u5982 <strong>\u793e\u533a\u4e0e\u8de8\u5b66\u79d1\u821e\u53f0\u521b\u4f5c<\/strong>\u3002\u6211\u66fe\u4e0e <strong>\u56fd\u5bb6\u620f\u5267\u4e2d\u5fc3\u3001\u9a6c\u5fb7\u91cc\u5c60\u5bb0\u573a\u548c\u897f\u73ed\u7259\u50a8\u84c4\u94f6\u884c\u57fa\u91d1\u4f1a\u7b49\u6587\u5316\u673a\u6784<\/strong>\uff0c\u63a2\u7d22\u96c6\u4f53\u827a\u672f\u8868\u8fbe\u7684\u65b0\u5f62\u5f0f\u3002<\/p>\n\n\n\n<div class=\"wp-block-uagb-advanced-heading uagb-block-2bbd3423\"><h3 class=\"uagb-heading-text\">\u670d\u52a1<\/h3><\/div>\n\n\n\n<ul class=\"wp-block-list\">\n<li><strong>\u793e\u533a\u548c\u96c6\u4f53\u827a\u672f\u521b\u4f5c<\/strong>\uff0c\u9f13\u52b1\u53c2\u4e0e\u548c\u6784\u5efa\u5171\u540c\u7684\u53d9\u8ff0\u3002<\/li>\n\n\n\n<li><strong>\u5177\u6709\u6027\u522b\u548c\u79cd\u65cf\u89c6\u89d2\u7684\u827a\u672f\u9879\u76ee<\/strong>\uff0c\u4fc3\u8fdb\u591a\u6837\u6027\u548c\u5f02\u8d28\u6027\u3002<\/li>\n\n\n\n<li><strong>\u521b\u610f\u9879\u76ee\u7684\u6307\u5bfc\u548c\u534f\u8c03<\/strong>\uff0c\u4ece\u6700\u521d\u7684\u60f3\u6cd5\u5230\u5176\u5f00\u53d1\u548c\u6267\u884c\u3002<\/li>\n\n\n\n<li><strong>\u7814\u7a76\u548c\u521b\u4f5c\u8fc7\u7a0b\u7814\u8ba8\u4f1a<\/strong>\uff0c\u5c06\u827a\u672f\u5b9e\u8df5\u4e0e\u6279\u5224\u6027\u53cd\u601d\u76f8\u7ed3\u5408\u3002<\/li>\n\n\n\n<li><strong>\u65b9\u6cd5\u8bba\u6750\u6599\u7684\u51c6\u5907<\/strong> \u7528\u4e8e\u8bbe\u8ba1\u548c\u5b9e\u65bd\u96c6\u4f53\u521b\u4f5c\u8fc7\u7a0b\u3002<\/li>\n\n\n\n<li><strong>\u4e0e\u5176\u4ed6\u4ee3\u7406\u5546\u548c\u9879\u76ee\u7684\u5408\u4f5c<\/strong>\uff0c\u5728\u4e0d\u540c\u7684\u6587\u5316\u548c\u793e\u4f1a\u9886\u57df\u4e4b\u95f4\u4ea7\u751f\u534f\u540c\u6548\u5e94\u3002<\/li>\n<\/ul>\n\n\n\n<p>\u5982\u679c\u60a8\u6b63\u5728\u5bfb\u6c42\u5f00\u53d1\u57fa\u4e8e\u96c6\u4f53\u548c\u793e\u533a\u521b\u4f5c\u7684\u827a\u672f\u9879\u76ee\uff0c\u6211\u5f88\u4e50\u610f\u966a\u4f34\u60a8\u5b8c\u6210\u8fd9\u4e2a\u8fc7\u7a0b\u3002<\/p>\n\n\n\n<div class=\"wp-block-uagb-container uagb-block-435e0246 alignfull uagb-is-root-container\"><div class=\"uagb-container-inner-blocks-wrap\">\n<div class=\"wp-block-uagb-advanced-heading uagb-block-d6f6f85f\"><h3 class=\"uagb-heading-text\">\u9879\u76ee<\/h3><\/div>\n\n\n\n<div class=\"wp-block-uagb-content-timeline uagb-timeline__outer-wrap uagb-block-a50c08ac uagb-timeline__content-wrap uagb-timeline__center-block  uagb-timeline__arrow-center uagb-timeline servicios\">\n<article class=\"wp-block-uagb-content-timeline-child uagb-timeline__field uagb-timeline-child-a519042e uagb-timeline__right\"><div class=\"uagb-timeline__marker out-view-uagb-timeline__icon\"><svg xmlns=\"https:\/\/www.w3.org\/2000\/svg\" viewbox=\"0 0 256 512\"><path d=\"M64 448c-8.188 0-16.38-3.125-22.62-9.375c-12.5-12.5-12.5-32.75 0-45.25L178.8 256L41.38 118.6c-12.5-12.5-12.5-32.75 0-45.25s32.75-12.5 45.25 0l160 160c12.5 12.5 12.5 32.75 0 45.25l-160 160C80.38 444.9 72.19 448 64 448z\"><\/path><\/svg><\/div><div class=\"uagb-timeline__day-new uagb-timeline__day-right uagb-timeline__events-inner-new\"><div class=\"uagb-timeline__events-inner--content\"><h4 class=\"uagb-timeline__heading\"><mark style=\"background-color:rgba(0, 0, 0, 0)\" class=\"has-inline-color has-ast-global-color-2-color\"><strong><strong><strong><strong><strong><strong><em><a href=\"https:\/\/xiaoxirou.com\/zh\/proyectos\/personales\/cangrejo-pro\/#mas-de-barrio:-Usera\">\u90bb\u91cc\u5267\uff1aUsera<\/a><\/em><\/strong> <a href=\"https:\/\/xiaoxirou.com\/zh\/proyectos\/personales\/%e5%a4%a9%e9%a9%ac%e8%a1%8c%e7%a9%batian-ma-xing-kong\/\">(2024)<\/a><\/strong><\/strong><\/strong><\/strong><\/strong><\/mark><\/h4><p class=\"uagb-timeline-desc-content\">\uff082024\uff09\u3002\u5728\u739b\u4e3d\u4e9a\u00b7\u683c\u96f7\u7f57\u5267\u9662\u8fdb\u884c\u8868\u6f14 <strong><a href=\"https:\/\/dramatico.mcu.es\/evento\/dramas-de-barrio-talleres-de-investigacion-en-usera-chueca-y-lavapies\/\">\u56fd\u5bb6\u620f\u5267\u4e2d\u5fc3<\/a><\/strong>.<br><br><strong>+\u620f\u5267<\/strong> \u662f\u4e00\u4e2a#Dram\u00e1tico\u9879\u76ee\uff0c\u5b83\u5728\u7814\u7a76\u4e0e\u821e\u53f0\u4e4b\u95f4\u6e38\u8d70\uff0c\u662f\u4e00\u4e2a\u4e0e\u516c\u4f17\u4ea4\u6d41\u7684\u5f00\u653e\u7a7a\u95f4\uff0c\u63a2\u7d22\u5c06\u521b\u610f\u8f6c\u5316\u4e3a\u5ba1\u7f8e\u4f53\u9a8c\u7684\u9014\u5f84\u3002\u6211\u4eec\u7684\u9879\u76ee <strong>\u90bb\u91cc\u5267\uff1aUsera<\/strong> \u6211\u4eec\u63d0\u4f9b\u4e86\u5e7f\u6cdb\u7684\u6545\u4e8b\u3001\u89c2\u70b9\u548c\u590d\u6742\u6027\uff0c\u53cd\u601d\u4e86\u534e\u4fa8\u7684\u8bed\u8a00\uff0c\u56de\u5473\u4e86\u56de\u5fc6\uff0c\u5e76\u63a2\u7d22\u4e86\u4e4c\u585e\u62c9\u7684\u805a\u4f1a\u70b9\u548c\u8857\u9053\u3002\u00a0<br><br>\u7814\u7a76\u7814\u8ba8\u4f1a\u7684\u6210\u679c\u5c55\u793a\u5728\u739b\u4e3d\u4e9a\u683c\u96f7\u7f57\u5267\u9662\u4e3e\u884c\u3002<br><br><img loading=\"lazy\" decoding=\"async\" width=\"750\" height=\"675\" class=\"wp-image-456\" style=\"width: 750px;\" src=\"https:\/\/xiaoxirou.com\/wp-content\/uploads\/2025\/05\/dramas-de-barrio-usera-2.webp\" alt=\"\" srcset=\"https:\/\/xiaoxirou.com\/wp-content\/uploads\/2025\/05\/dramas-de-barrio-usera-2.webp 800w, https:\/\/xiaoxirou.com\/wp-content\/uploads\/2025\/05\/dramas-de-barrio-usera-2-300x270.webp 300w, https:\/\/xiaoxirou.com\/wp-content\/uploads\/2025\/05\/dramas-de-barrio-usera-2-768x691.webp 768w\" sizes=\"auto, (max-width: 750px) 100vw, 750px\" \/><\/p><div class=\"uagb-timeline__arrow\"><\/div><\/div><\/div><div class=\"uagb-timeline__date-new\"><\/div><\/article>\n\n\n\n<article class=\"wp-block-uagb-content-timeline-child uagb-timeline__field uagb-timeline-child-0d33f50d uagb-timeline__left\"><div class=\"uagb-timeline__marker out-view-uagb-timeline__icon\"><svg xmlns=\"https:\/\/www.w3.org\/2000\/svg\" viewbox=\"0 0 256 512\"><path d=\"M64 448c-8.188 0-16.38-3.125-22.62-9.375c-12.5-12.5-12.5-32.75 0-45.25L178.8 256L41.38 118.6c-12.5-12.5-12.5-32.75 0-45.25s32.75-12.5 45.25 0l160 160c12.5 12.5 12.5 32.75 0 45.25l-160 160C80.38 444.9 72.19 448 64 448z\"><\/path><\/svg><\/div><div class=\"uagb-timeline__day-new uagb-timeline__day-left uagb-timeline__events-inner-new\"><div class=\"uagb-timeline__events-inner--content\"><h4 class=\"uagb-timeline__heading\"><mark style=\"background-color:rgba(0, 0, 0, 0)\" class=\"has-inline-color has-ast-global-color-2-color\"><strong><strong><strong><strong><strong><strong><a href=\"https:\/\/xiaoxirou.com\/zh\/proyectos\/colaborativos\/artes-vivas-y-cine\/creacion-escenica-y-comunitaria-sin-%ef%bd%a5%e6%b2%a1%e6%9c%89-%ef%bd%a5-sense-%ef%bd%a5-%d1%81%d0%b8%d0%bd-cece-aquario-barcelona\/\"><strong>\u4e0e MOVE \u548c COMUart \u5408\u4f5c\u7684\u201cSIN \uff65\u6ca1\u6709 \uff65 SENSE \uff65 \u0421\u0418\u041d. CEC\u00c9. \u5df4\u585e\u7f57\u90a3\u6c34\u65cf\u9986\u201d <\/strong>(2018-2019)<\/a><\/strong><\/strong><\/strong><\/strong><\/strong><\/strong><\/mark><\/h4><p class=\"uagb-timeline-desc-content\">\u6211\u4e0e\u57c3\u7433\u5a1c\u00b7\u6d1b\u4f69\u5179\uff08Elena L\u00f3pez\uff0cMOVE\uff09\u5171\u540c\u6267\u5bfc\u4e86\u8fd9\u4e2a\u9879\u76ee\u3002\u8fd9\u662f\u4e00\u4e2a\u9762\u5411\u5df4\u585e\u7f57\u90a3\u4e0d\u540c\u80cc\u666f\u5c45\u6c11\u7684\u793e\u533a\u8868\u6f14\u9879\u76ee\u3002\u9879\u76ee\u7531\u201c\u53d8\u9769\u827a\u672f\u201d\uff08Art for Change\uff09\u3001\u5df4\u585e\u7f57\u90a3\u94f6\u884c\u57fa\u91d1\u4f1a\uff08Fundaci\u00f3 Bancaixa\uff09\u3001\u5df4\u585e\u7f57\u90a3\u5e02\u8bae\u4f1a\u548c\u5df4\u585e\u7f57\u90a3\u73af\u5883\u59d4\u5458\u4f1a\uff08CEC\uff09\u8d44\u52a9\u3002\u9879\u76ee\u5408\u4f5c\u65b9\u5305\u62ec\u5361\u8428\u5c14\u00b7\u53d8\u5f62\u91d1\u521a\uff08CaixaForum\uff09\u548c CaixaForum\u3002<br><br><img loading=\"lazy\" decoding=\"async\" width=\"750\" height=\"321\" class=\"wp-image-1692\" style=\"width: 750px;\" src=\"https:\/\/xiaoxirou.com\/wp-content\/uploads\/2025\/06\/creacion-escenica-y-comunitaria-1-1.webp\" alt=\"\" srcset=\"https:\/\/xiaoxirou.com\/wp-content\/uploads\/2025\/06\/creacion-escenica-y-comunitaria-1-1.webp 2048w, https:\/\/xiaoxirou.com\/wp-content\/uploads\/2025\/06\/creacion-escenica-y-comunitaria-1-1-300x128.webp 300w, https:\/\/xiaoxirou.com\/wp-content\/uploads\/2025\/06\/creacion-escenica-y-comunitaria-1-1-1024x439.webp 1024w, https:\/\/xiaoxirou.com\/wp-content\/uploads\/2025\/06\/creacion-escenica-y-comunitaria-1-1-768x329.webp 768w, https:\/\/xiaoxirou.com\/wp-content\/uploads\/2025\/06\/creacion-escenica-y-comunitaria-1-1-1536x658.webp 1536w\" sizes=\"auto, (max-width: 750px) 100vw, 750px\" \/><\/p><div class=\"uagb-timeline__arrow\"><\/div><\/div><\/div><div class=\"uagb-timeline__date-new\"><\/div><\/article>\n\n\n\n<article class=\"wp-block-uagb-content-timeline-child uagb-timeline__field uagb-timeline-child-ec334727 uagb-timeline__right\"><div class=\"uagb-timeline__marker out-view-uagb-timeline__icon\"><svg xmlns=\"https:\/\/www.w3.org\/2000\/svg\" viewbox=\"0 0 256 512\"><path d=\"M64 448c-8.188 0-16.38-3.125-22.62-9.375c-12.5-12.5-12.5-32.75 0-45.25L178.8 256L41.38 118.6c-12.5-12.5-12.5-32.75 0-45.25s32.75-12.5 45.25 0l160 160c12.5 12.5 12.5 32.75 0 45.25l-160 160C80.38 444.9 72.19 448 64 448z\"><\/path><\/svg><\/div><div class=\"uagb-timeline__day-new uagb-timeline__day-right uagb-timeline__events-inner-new\"><div class=\"uagb-timeline__events-inner--content\"><h4 class=\"uagb-timeline__heading\"><mark style=\"background-color:rgba(0, 0, 0, 0)\" class=\"has-inline-color has-ast-global-color-2-color\"><strong><strong><strong><strong><strong><strong><strong><a href=\"https:\/\/xiaoxirou.com\/zh\/proyectos\/colaborativos\/museos\/museo-nacional-de-prado\/\"><strong>\u9879\u76ee\u5e7b\u706f\u7247\uff1a <em>\u6765\u56de\u7684\u821e\u8e48<\/em><\/strong> \uff082020-2021\uff09<strong> \u4ed6<\/strong> <strong>\u56fd\u5bb6\u666e\u62c9\u591a\u535a\u7269\u9986\u3002<\/strong><\/a><\/strong><\/strong><\/strong><\/strong><\/strong><\/strong><\/strong><\/mark><\/h4><p class=\"uagb-timeline-desc-content\">\u6211\u662f\u827a\u672f\u5bb6\u517c\u6559\u80b2\u5bb6\uff0c\u5728\u6211\u7684\u63d0\u8bae\u4e2d <strong>\u6c11\u65cf\u6559\u80b2\u4e0e\u6027\u522b<\/strong>\uff0c\u6211\u4eec\u6839\u636e IES Vallecas I \u4e03\u4f4d\u6559\u5e08\u7684\u58f0\u97f3\u548c\u671f\u671b\uff0c\u5236\u5b9a\u4e86\u6559\u80b2\u8d44\u6e90\u548c\u6570\u5b57\u5de5\u5177\u7684\u5171\u540c\u8bbe\u8ba1\u6d41\u7a0b\u3002\u00a0<br><br>\u8fd9\u4e2a\u9879\u76ee\u7684\u52a8\u6001\u5c31\u50cf\u4e00\u4e2a <em><a href=\"https:\/\/www.museodelprado.es\/recurso\/proyecto-un-baile-de-vaiven-dentro-y-fuera-de\/7f89ec73-e646-4223-9537-293b01aef237\">\u6765\u56de\u821e\u8e48<\/a><\/em>\uff1a\u5728\u666e\u62c9\u591a\u535a\u7269\u9986\u7684\u7cbe\u9009\u85cf\u54c1\u5185\u5916\uff0c\u4ee5\u53ca\u5b66\u6821\u7a7a\u95f4\u5185\uff0c\u8eab\u4efd\u7684\u5851\u9020\u4e0e\u6d88\u89e3\u3002\u5b66\u6821\u5173\u7cfb\uff0c\u5f52\u6839\u7ed3\u5e95\uff0c\u662f\u6765\u4e0e\u53bb\u3001\u7ed9\u4e88\u4e0e\u63a5\u53d7\u3001\u8fdb\u5165\u4e0e\u79bb\u5f00\u3001\u4f60\u597d\u4e0e\u518d\u89c1\u3001\u6b22\u8fce\u4e0e\u544a\u522b\u2026\u2026<br><br><a href=\"https:\/\/view.genially.com\/60cce0d8ad54880d4953d12e\"><img loading=\"lazy\" decoding=\"async\" width=\"750\" height=\"405\" class=\"wp-image-2048\" style=\"width: 750px;\" src=\"https:\/\/xiaoxirou.com\/wp-content\/uploads\/2025\/06\/creacion-3.webp\" alt=\"\" srcset=\"https:\/\/xiaoxirou.com\/wp-content\/uploads\/2025\/06\/creacion-3.webp 750w, https:\/\/xiaoxirou.com\/wp-content\/uploads\/2025\/06\/creacion-3-300x162.webp 300w\" sizes=\"auto, (max-width: 750px) 100vw, 750px\" \/><\/a><\/p><div class=\"uagb-timeline__arrow\"><\/div><\/div><\/div><div class=\"uagb-timeline__date-new\"><\/div><\/article>\n<div class=\"uagb-timeline__line\"><div class=\"uagb-timeline__line__inner\"><\/div><\/div><\/div>\n<\/div><\/div>\n\n\n\n<h3 class=\"wp-block-heading\"><\/h3>\n<\/div><\/div>","protected":false},"excerpt":{"rendered":"<p>Creaci\u00f3n art\u00edstica y colectiva La creaci\u00f3n art\u00edstica es uno de los pilares de mi trabajo, con un enfoque especial en [&hellip;]<\/p>\n","protected":false},"author":2,"featured_media":0,"parent":63,"menu_order":0,"comment_status":"closed","ping_status":"closed","template":"","meta":{"_uag_custom_page_level_css":"","site-sidebar-layout":"default","site-content-layout":"","ast-site-content-layout":"","site-content-style":"default","site-sidebar-style":"default","ast-global-header-display":"","ast-banner-title-visibility":"","ast-main-header-display":"","ast-hfb-above-header-display":"","ast-hfb-below-header-display":"","ast-hfb-mobile-header-display":"","site-post-title":"disabled","ast-breadcrumbs-content":"","ast-featured-img":"","footer-sml-layout":"","ast-disable-related-posts":"","theme-transparent-header-meta":"","adv-header-id-meta":"","stick-header-meta":"","header-above-stick-meta":"","header-main-stick-meta":"","header-below-stick-meta":"","astra-migrate-meta-layouts":"default","ast-page-background-enabled":"default","ast-page-background-meta":{"desktop":{"background-color":"var(--ast-global-color-5)","background-image":"","background-repeat":"repeat","background-position":"center center","background-size":"auto","background-attachment":"scroll","background-type":"","background-media":"","overlay-type":"","overlay-color":"","overlay-opacity":"","overlay-gradient":""},"tablet":{"background-color":"","background-image":"","background-repeat":"repeat","background-position":"center center","background-size":"auto","background-attachment":"scroll","background-type":"","background-media":"","overlay-type":"","overlay-color":"","overlay-opacity":"","overlay-gradient":""},"mobile":{"background-color":"","background-image":"","background-repeat":"repeat","background-position":"center center","background-size":"auto","background-attachment":"scroll","background-type":"","background-media":"","overlay-type":"","overlay-color":"","overlay-opacity":"","overlay-gradient":""}},"ast-content-background-meta":{"desktop":{"background-color":"var(--ast-global-color-4)","background-image":"","background-repeat":"repeat","background-position":"center center","background-size":"auto","background-attachment":"scroll","background-type":"","background-media":"","overlay-type":"","overlay-color":"","overlay-opacity":"","overlay-gradient":""},"tablet":{"background-color":"var(--ast-global-color-4)","background-image":"","background-repeat":"repeat","background-position":"center center","background-size":"auto","background-attachment":"scroll","background-type":"","background-media":"","overlay-type":"","overlay-color":"","overlay-opacity":"","overlay-gradient":""},"mobile":{"background-color":"var(--ast-global-color-4)","background-image":"","background-repeat":"repeat","background-position":"center center","background-size":"auto","background-attachment":"scroll","background-type":"","background-media":"","overlay-type":"","overlay-color":"","overlay-opacity":"","overlay-gradient":""}},"footnotes":""},"class_list":["post-71","page","type-page","status-publish","hentry"],"yoast_head":"<!-- This site is optimized with the Yoast SEO Premium plugin v20.10 (Yoast SEO v27.4) - https:\/\/yoast.com\/product\/yoast-seo-premium-wordpress\/ -->\n<title>Creaci\u00f3n - Xiao Xirou<\/title>\n<meta name=\"robots\" content=\"index, follow, max-snippet:-1, max-image-preview:large, max-video-preview:-1\" \/>\n<link rel=\"canonical\" href=\"https:\/\/xiaoxirou.com\/zh\/servicios\/creacion\/\" \/>\n<meta property=\"og:locale\" content=\"zh_CN\" \/>\n<meta property=\"og:type\" content=\"article\" \/>\n<meta property=\"og:title\" content=\"Creaci\u00f3n\" \/>\n<meta property=\"og:description\" content=\"Creaci\u00f3n art\u00edstica y colectiva La creaci\u00f3n art\u00edstica es uno de los pilares de mi trabajo, con un enfoque especial en [&hellip;]\" \/>\n<meta property=\"og:url\" content=\"https:\/\/xiaoxirou.com\/zh\/servicios\/creacion\/\" \/>\n<meta property=\"og:site_name\" content=\"Xiao Xirou\" \/>\n<meta property=\"article:modified_time\" content=\"2025-08-07T05:09:52+00:00\" \/>\n<meta property=\"og:image\" content=\"https:\/\/xiaoxirou.com\/wp-content\/uploads\/2025\/05\/dramas-de-barrio-usera-2.webp\" \/>\n\t<meta property=\"og:image:width\" content=\"800\" \/>\n\t<meta property=\"og:image:height\" content=\"720\" \/>\n\t<meta property=\"og:image:type\" content=\"image\/webp\" \/>\n<meta name=\"twitter:card\" content=\"summary_large_image\" \/>\n<meta name=\"twitter:label1\" content=\"\u9884\u8ba1\u9605\u8bfb\u65f6\u95f4\" \/>\n\t<meta name=\"twitter:data1\" content=\"3 \u5206\" \/>\n<script type=\"application\/ld+json\" class=\"yoast-schema-graph\">{\"@context\":\"https:\\\/\\\/schema.org\",\"@graph\":[{\"@type\":\"WebPage\",\"@id\":\"https:\\\/\\\/xiaoxirou.com\\\/servicios\\\/creacion\\\/\",\"url\":\"https:\\\/\\\/xiaoxirou.com\\\/servicios\\\/creacion\\\/\",\"name\":\"Creaci\u00f3n - Xiao Xirou\",\"isPartOf\":{\"@id\":\"https:\\\/\\\/xiaoxirou.com\\\/#website\"},\"primaryImageOfPage\":{\"@id\":\"https:\\\/\\\/xiaoxirou.com\\\/servicios\\\/creacion\\\/#primaryimage\"},\"image\":{\"@id\":\"https:\\\/\\\/xiaoxirou.com\\\/servicios\\\/creacion\\\/#primaryimage\"},\"thumbnailUrl\":\"https:\\\/\\\/xiaoxirou.com\\\/wp-content\\\/uploads\\\/2025\\\/05\\\/dramas-de-barrio-usera-2.webp\",\"datePublished\":\"2025-05-19T15:06:01+00:00\",\"dateModified\":\"2025-08-07T05:09:52+00:00\",\"breadcrumb\":{\"@id\":\"https:\\\/\\\/xiaoxirou.com\\\/servicios\\\/creacion\\\/#breadcrumb\"},\"inLanguage\":\"zh-Hans\",\"potentialAction\":[{\"@type\":\"ReadAction\",\"target\":[\"https:\\\/\\\/xiaoxirou.com\\\/servicios\\\/creacion\\\/\"]}]},{\"@type\":\"ImageObject\",\"inLanguage\":\"zh-Hans\",\"@id\":\"https:\\\/\\\/xiaoxirou.com\\\/servicios\\\/creacion\\\/#primaryimage\",\"url\":\"https:\\\/\\\/xiaoxirou.com\\\/wp-content\\\/uploads\\\/2025\\\/05\\\/dramas-de-barrio-usera-2.webp\",\"contentUrl\":\"https:\\\/\\\/xiaoxirou.com\\\/wp-content\\\/uploads\\\/2025\\\/05\\\/dramas-de-barrio-usera-2.webp\"},{\"@type\":\"BreadcrumbList\",\"@id\":\"https:\\\/\\\/xiaoxirou.com\\\/servicios\\\/creacion\\\/#breadcrumb\",\"itemListElement\":[{\"@type\":\"ListItem\",\"position\":1,\"name\":\"Home\",\"item\":\"https:\\\/\\\/xiaoxirou.com\\\/\"},{\"@type\":\"ListItem\",\"position\":2,\"name\":\"Servicios\",\"item\":\"https:\\\/\\\/xiaoxirou-i9lxxjjv2d.live-website.com\\\/servicios\\\/\"},{\"@type\":\"ListItem\",\"position\":3,\"name\":\"Creaci\u00f3n\"}]},{\"@type\":\"WebSite\",\"@id\":\"https:\\\/\\\/xiaoxirou.com\\\/#website\",\"url\":\"https:\\\/\\\/xiaoxirou.com\\\/\",\"name\":\"Xiao Xirou\",\"description\":\"Just another WordPress site\",\"publisher\":{\"@id\":\"https:\\\/\\\/xiaoxirou.com\\\/#organization\"},\"potentialAction\":[{\"@type\":\"SearchAction\",\"target\":{\"@type\":\"EntryPoint\",\"urlTemplate\":\"https:\\\/\\\/xiaoxirou.com\\\/?s={search_term_string}\"},\"query-input\":{\"@type\":\"PropertyValueSpecification\",\"valueRequired\":true,\"valueName\":\"search_term_string\"}}],\"inLanguage\":\"zh-Hans\"},{\"@type\":\"Organization\",\"@id\":\"https:\\\/\\\/xiaoxirou.com\\\/#organization\",\"name\":\"Xiao Xirou\",\"url\":\"https:\\\/\\\/xiaoxirou.com\\\/\",\"logo\":{\"@type\":\"ImageObject\",\"inLanguage\":\"zh-Hans\",\"@id\":\"https:\\\/\\\/xiaoxirou.com\\\/#\\\/schema\\\/logo\\\/image\\\/\",\"url\":\"https:\\\/\\\/xiaoxirou.com\\\/wp-content\\\/uploads\\\/2025\\\/05\\\/cropped-Xiao-Xirou.png\",\"contentUrl\":\"https:\\\/\\\/xiaoxirou.com\\\/wp-content\\\/uploads\\\/2025\\\/05\\\/cropped-Xiao-Xirou.png\",\"width\":220,\"height\":148,\"caption\":\"Xiao Xirou\"},\"image\":{\"@id\":\"https:\\\/\\\/xiaoxirou.com\\\/#\\\/schema\\\/logo\\\/image\\\/\"}}]}<\/script>\n<!-- \/ Yoast SEO Premium plugin. -->","yoast_head_json":{"title":"Creaci\u00f3n - Xiao Xirou","robots":{"index":"index","follow":"follow","max-snippet":"max-snippet:-1","max-image-preview":"max-image-preview:large","max-video-preview":"max-video-preview:-1"},"canonical":"https:\/\/xiaoxirou.com\/zh\/servicios\/creacion\/","og_locale":"zh_CN","og_type":"article","og_title":"Creaci\u00f3n","og_description":"Creaci\u00f3n art\u00edstica y colectiva La creaci\u00f3n art\u00edstica es uno de los pilares de mi trabajo, con un enfoque especial en [&hellip;]","og_url":"https:\/\/xiaoxirou.com\/zh\/servicios\/creacion\/","og_site_name":"Xiao Xirou","article_modified_time":"2025-08-07T05:09:52+00:00","og_image":[{"width":800,"height":720,"url":"https:\/\/xiaoxirou.com\/wp-content\/uploads\/2025\/05\/dramas-de-barrio-usera-2.webp","type":"image\/webp"}],"twitter_card":"summary_large_image","twitter_misc":{"\u9884\u8ba1\u9605\u8bfb\u65f6\u95f4":"3 \u5206"},"schema":{"@context":"https:\/\/schema.org","@graph":[{"@type":"WebPage","@id":"https:\/\/xiaoxirou.com\/servicios\/creacion\/","url":"https:\/\/xiaoxirou.com\/servicios\/creacion\/","name":"Creaci\u00f3n - Xiao Xirou","isPartOf":{"@id":"https:\/\/xiaoxirou.com\/#website"},"primaryImageOfPage":{"@id":"https:\/\/xiaoxirou.com\/servicios\/creacion\/#primaryimage"},"image":{"@id":"https:\/\/xiaoxirou.com\/servicios\/creacion\/#primaryimage"},"thumbnailUrl":"https:\/\/xiaoxirou.com\/wp-content\/uploads\/2025\/05\/dramas-de-barrio-usera-2.webp","datePublished":"2025-05-19T15:06:01+00:00","dateModified":"2025-08-07T05:09:52+00:00","breadcrumb":{"@id":"https:\/\/xiaoxirou.com\/servicios\/creacion\/#breadcrumb"},"inLanguage":"zh-Hans","potentialAction":[{"@type":"ReadAction","target":["https:\/\/xiaoxirou.com\/servicios\/creacion\/"]}]},{"@type":"ImageObject","inLanguage":"zh-Hans","@id":"https:\/\/xiaoxirou.com\/servicios\/creacion\/#primaryimage","url":"https:\/\/xiaoxirou.com\/wp-content\/uploads\/2025\/05\/dramas-de-barrio-usera-2.webp","contentUrl":"https:\/\/xiaoxirou.com\/wp-content\/uploads\/2025\/05\/dramas-de-barrio-usera-2.webp"},{"@type":"BreadcrumbList","@id":"https:\/\/xiaoxirou.com\/servicios\/creacion\/#breadcrumb","itemListElement":[{"@type":"ListItem","position":1,"name":"Home","item":"https:\/\/xiaoxirou.com\/"},{"@type":"ListItem","position":2,"name":"Servicios","item":"https:\/\/xiaoxirou-i9lxxjjv2d.live-website.com\/servicios\/"},{"@type":"ListItem","position":3,"name":"Creaci\u00f3n"}]},{"@type":"WebSite","@id":"https:\/\/xiaoxirou.com\/#website","url":"https:\/\/xiaoxirou.com\/","name":"\u8096\u60dc\u67d4","description":"\u53c8\u4e00\u4e2a WordPress \u7f51\u7ad9","publisher":{"@id":"https:\/\/xiaoxirou.com\/#organization"},"potentialAction":[{"@type":"SearchAction","target":{"@type":"EntryPoint","urlTemplate":"https:\/\/xiaoxirou.com\/?s={search_term_string}"},"query-input":{"@type":"PropertyValueSpecification","valueRequired":true,"valueName":"search_term_string"}}],"inLanguage":"zh-Hans"},{"@type":"Organization","@id":"https:\/\/xiaoxirou.com\/#organization","name":"\u8096\u60dc\u67d4","url":"https:\/\/xiaoxirou.com\/","logo":{"@type":"ImageObject","inLanguage":"zh-Hans","@id":"https:\/\/xiaoxirou.com\/#\/schema\/logo\/image\/","url":"https:\/\/xiaoxirou.com\/wp-content\/uploads\/2025\/05\/cropped-Xiao-Xirou.png","contentUrl":"https:\/\/xiaoxirou.com\/wp-content\/uploads\/2025\/05\/cropped-Xiao-Xirou.png","width":220,"height":148,"caption":"Xiao Xirou"},"image":{"@id":"https:\/\/xiaoxirou.com\/#\/schema\/logo\/image\/"}}]}},"uagb_featured_image_src":{"full":false,"thumbnail":false,"medium":false,"medium_large":false,"large":false,"1536x1536":false,"2048x2048":false,"trp-custom-language-flag":false},"uagb_author_info":{"display_name":"Naomi Pastor Flores","author_link":"https:\/\/xiaoxirou.com\/zh\/author\/mondo\/"},"uagb_comment_info":0,"uagb_excerpt":"Creaci\u00f3n art\u00edstica y colectiva La creaci\u00f3n art\u00edstica es uno de los pilares de mi trabajo, con un enfoque especial en [&hellip;]","_links":{"self":[{"href":"https:\/\/xiaoxirou.com\/zh\/wp-json\/wp\/v2\/pages\/71","targetHints":{"allow":["GET"]}}],"collection":[{"href":"https:\/\/xiaoxirou.com\/zh\/wp-json\/wp\/v2\/pages"}],"about":[{"href":"https:\/\/xiaoxirou.com\/zh\/wp-json\/wp\/v2\/types\/page"}],"author":[{"embeddable":true,"href":"https:\/\/xiaoxirou.com\/zh\/wp-json\/wp\/v2\/users\/2"}],"replies":[{"embeddable":true,"href":"https:\/\/xiaoxirou.com\/zh\/wp-json\/wp\/v2\/comments?post=71"}],"version-history":[{"count":16,"href":"https:\/\/xiaoxirou.com\/zh\/wp-json\/wp\/v2\/pages\/71\/revisions"}],"predecessor-version":[{"id":2734,"href":"https:\/\/xiaoxirou.com\/zh\/wp-json\/wp\/v2\/pages\/71\/revisions\/2734"}],"up":[{"embeddable":true,"href":"https:\/\/xiaoxirou.com\/zh\/wp-json\/wp\/v2\/pages\/63"}],"wp:attachment":[{"href":"https:\/\/xiaoxirou.com\/zh\/wp-json\/wp\/v2\/media?parent=71"}],"curies":[{"name":"\u53ef\u6e7f\u6027\u7c89\u5242","href":"https:\/\/api.w.org\/{rel}","templated":true}]}}