{"id":75,"date":"2025-05-19T15:11:18","date_gmt":"2025-05-19T15:11:18","guid":{"rendered":"https:\/\/xiaoxirou.com\/?page_id=75"},"modified":"2025-08-07T05:11:26","modified_gmt":"2025-08-07T05:11:26","slug":"direccion","status":"publish","type":"page","link":"https:\/\/xiaoxirou.com\/zh\/servicios\/direccion\/","title":{"rendered":"\u5730\u5740"},"content":{"rendered":"<div class=\"wp-block-uagb-container uagb-block-f42f1c46 alignfull uagb-is-root-container\"><div class=\"uagb-container-inner-blocks-wrap\">\n<h1 class=\"wp-block-heading\" style=\"margin-top:var(--wp--preset--spacing--80)\"><strong><strong>\u6307\u5bfc\u548c\u7b56\u5c55<\/strong><\/strong><\/h1>\n\n\n\n<p>\u5728\u6211\u7684\u804c\u4e1a\u751f\u6daf\u4e2d\uff0c\u6211\u63a8\u52a8\u5e76\u6307\u5bfc\u4e86\u5404\u79cd\u6587\u5316\u3001\u827a\u672f\u548c\u6559\u80b2\u9879\u76ee\u3002\u6211\u66fe\u62c5\u4efb <strong>Cangrejo Pro \u603b\u76d1<\/strong> \u548c <strong>\u5929\u9a6c\u661f\u7a7a<\/strong>\uff0c \u4e5f <strong>\u201c\u4e2d\u570b\u2014\u2014\u4e2d\u5fc3\u4e4b\u570b\u201d\u5c55\u7684\u8054\u5408\u7b56\u5c55\u4eba\u3002<\/strong><\/p>\n\n\n\n<p>\u6211\u7684\u65b9\u6cd5\u7279\u70b9\u662f <strong>\u534f\u4f5c\u548c\u521b\u9020\u6027\u65b9\u6cd5<\/strong>\uff0c\u65e8\u5728\u5236\u5b9a\u9002\u5408\u6bcf\u4e2a\u5177\u4f53\u60c5\u51b5\u548c\u793e\u533a\u7684\u575a\u5b9e\u3001\u53c2\u4e0e\u6027\u548c\u4ee3\u8868\u6027\u7684\u63d0\u6848\u3002<\/p>\n\n\n\n<h4 class=\"wp-block-heading\"><strong>\u670d\u52a1<\/strong><\/h4>\n\n\n\n<ul class=\"wp-block-list\">\n<li><strong>\u6587\u5316\u827a\u672f\u9879\u76ee\u7ba1\u7406<\/strong>\uff0c\u4ece\u6982\u5ff5\u5316\u5230\u5b9e\u65bd\u3002<\/li>\n\n\n\n<li><strong>\u5c55\u89c8\u548c\u8282\u65e5\u7684\u7b56\u5c55<\/strong>\uff0c\u5bf9\u6587\u5316\u4ea4\u6c47\u3001\u8eab\u4efd\u8ba4\u540c\u548c\u975e\u897f\u65b9\u89c2\u70b9\u5341\u5206\u654f\u611f\u3002<\/li>\n<\/ul>\n\n\n\n<p>\u5982\u679c\u60a8\u6b63\u5728\u4e3a\u60a8\u7684\u9879\u76ee\u5bfb\u627e\u654f\u611f\u3001\u5bcc\u6709\u521b\u9020\u529b\u548c\u5949\u732e\u7cbe\u795e\u7684\u9886\u5bfc\u8005\uff0c\u6211\u5f88\u4e50\u610f\u5e2e\u52a9\u60a8\u57f9\u517b\u3002<\/p>\n\n\n\n<p>\u4e0b\u9762\u6211\u91cd\u70b9\u4ecb\u7ecd\u4e00\u4e9b\u5177\u6709\u4ee3\u8868\u6027\u7684\u9879\u76ee\u3002<\/p>\n\n\n\n<div class=\"wp-block-uagb-container uagb-block-435e0246 alignfull uagb-is-root-container\"><div class=\"uagb-container-inner-blocks-wrap\">\n<div class=\"wp-block-uagb-content-timeline uagb-timeline__outer-wrap uagb-block-a50c08ac uagb-timeline__content-wrap uagb-timeline__center-block  uagb-timeline__arrow-center uagb-timeline publicaciones\">\n<article class=\"wp-block-uagb-content-timeline-child uagb-timeline__field uagb-timeline-child-470251e5 uagb-timeline__right\"><div class=\"uagb-timeline__marker out-view-uagb-timeline__icon\"><svg xmlns=\"https:\/\/www.w3.org\/2000\/svg\" viewbox=\"0 0 256 512\"><path d=\"M64 448c-8.188 0-16.38-3.125-22.62-9.375c-12.5-12.5-12.5-32.75 0-45.25L178.8 256L41.38 118.6c-12.5-12.5-12.5-32.75 0-45.25s32.75-12.5 45.25 0l160 160c12.5 12.5 12.5 32.75 0 45.25l-160 160C80.38 444.9 72.19 448 64 448z\"><\/path><\/svg><\/div><div class=\"uagb-timeline__day-new uagb-timeline__day-right uagb-timeline__events-inner-new\"><div class=\"uagb-timeline__events-inner--content\"><h4 class=\"uagb-timeline__heading\"><mark style=\"background-color:rgba(0, 0, 0, 0)\" class=\"has-inline-color has-ast-global-color-2-color\"><strong><strong><strong><strong><strong><strong><strong><strong><a href=\"https:\/\/xiaoxirou.com\/zh\/proyectos\/colaborativos\/museos\/museo-nacional-de-antropologia\/\">\u56fd\u5bb6\u4eba\u7c7b\u5b66\u535a\u7269\u9986\u4e3e\u529e\u201c\u4e2d\u56fd\u3002\u4e2d\u5fc3\u4e4b\u56fd\u201d\u5c55\u89c8\uff082024 \u5e74\uff09\u3002<\/a><\/strong><\/strong><\/strong><\/strong><\/strong><\/strong><\/strong><\/strong><\/mark><\/h4><p class=\"uagb-timeline-desc-content\">\u6211\u88ab\u9080\u8bf7 <strong><a href=\"https:\/\/www.cultura.gob.es\/mnantropologia\/actividades\/agenda\/2024\/exposiciones-temporales2024\/zhongguo.html\" target=\"_blank\" rel=\"noreferrer noopener\">\u56fd\u5bb6\u4eba\u7c7b\u5b66\u535a\u7269\u9986<\/a> <\/strong>\uff08MNA\uff09\u5728\u672c\u6b21\u5c55\u89c8\u4e2d\u5408\u4f5c <strong>\u8054\u5408\u7b56\u5c55\u4eba<\/strong>\u5c55\u89c8\u65e8\u5728\u6df1\u5165\u63a2\u8ba8\u4e1c\u897f\u65b9\uff0c\u7279\u522b\u662f\u4e2d\u56fd\u4e0e\u897f\u73ed\u7259\u4e4b\u95f4\u7684\u53e4\u8001\u5173\u7cfb\uff0c\u5e76\u52a0\u5f3a\u53cc\u65b9\u8054\u7cfb\uff0c\u5c55\u793a\u534e\u4fa8\u534e\u4eba\u3002\u4e3a\u6b64\uff0c\u5c55\u89c8\u7531\u591a\u4e2a\u90e8\u5206\u7ec4\u6210\u3002<br><br><img loading=\"lazy\" decoding=\"async\" width=\"750\" height=\"1000\" class=\"wp-image-1518\" style=\"width: 750px;\" src=\"https:\/\/xiaoxirou.com\/wp-content\/uploads\/2025\/06\/museo-nacional-de-antropologia-1.webp\" alt=\"\" srcset=\"https:\/\/xiaoxirou.com\/wp-content\/uploads\/2025\/06\/museo-nacional-de-antropologia-1.webp 900w, https:\/\/xiaoxirou.com\/wp-content\/uploads\/2025\/06\/museo-nacional-de-antropologia-1-225x300.webp 225w, https:\/\/xiaoxirou.com\/wp-content\/uploads\/2025\/06\/museo-nacional-de-antropologia-1-768x1024.webp 768w\" sizes=\"auto, (max-width: 750px) 100vw, 750px\" \/><\/p><div class=\"uagb-timeline__arrow\"><\/div><\/div><\/div><div class=\"uagb-timeline__date-new\"><\/div><\/article>\n\n\n\n<article class=\"wp-block-uagb-content-timeline-child uagb-timeline__field uagb-timeline-child-edf391b4 uagb-timeline__left\"><div class=\"uagb-timeline__marker out-view-uagb-timeline__icon\"><svg xmlns=\"https:\/\/www.w3.org\/2000\/svg\" viewbox=\"0 0 256 512\"><path d=\"M64 448c-8.188 0-16.38-3.125-22.62-9.375c-12.5-12.5-12.5-32.75 0-45.25L178.8 256L41.38 118.6c-12.5-12.5-12.5-32.75 0-45.25s32.75-12.5 45.25 0l160 160c12.5 12.5 12.5 32.75 0 45.25l-160 160C80.38 444.9 72.19 448 64 448z\"><\/path><\/svg><\/div><div class=\"uagb-timeline__day-new uagb-timeline__day-left uagb-timeline__events-inner-new\"><div class=\"uagb-timeline__events-inner--content\"><h4 class=\"uagb-timeline__heading\"><mark style=\"background-color:rgba(0, 0, 0, 0)\" class=\"has-inline-color has-ast-global-color-2-color\"><strong><strong><strong><strong><strong><strong><strong><strong><strong><a href=\"https:\/\/xiaoxirou.com\/zh\/proyectos\/personales\/cangrejo-pro\/\">\u56fd\u5bb6\u620f\u5267\u4e2d\u5fc3\u7684\u201c+\u90bb\u91cc\u5267\uff1aUsera\u201d\uff082024 \u5e74\uff09\u3002<\/a><\/strong><\/strong><\/strong><\/strong><\/strong><\/strong><\/strong><\/strong><\/strong><\/mark><\/h4><p class=\"uagb-timeline-desc-content\">\u4f5c\u4e3a <a href=\"https:\/\/dramatico.mcu.es\/evento\/dramas-de-barrio-talleres-de-investigacion-en-usera-chueca-y-lavapies\/\">\u9879\u76ee<\/a>\uff0c\u5728\u5176\u4e2d <strong>\u739b\u4e3d\u4e9a\u00b7\u683c\u96f7\u7f57\u5267\u9662<\/strong> \u8fd9\u662f\u6211\u4eec\u4e0e\u793e\u533a\u5c45\u6c11\u548c\u4e00\u7fa4\u8868\u6f14\u827a\u672f\u4e13\u4e1a\u4eba\u58eb\u5171\u540c\u4e3e\u529e\u7684\u7814\u7a76\u5de5\u4f5c\u574a\u7684\u6210\u679c\u5c55\u793a\u3002\u5728\u5de5\u4f5c\u574a\u4e2d\uff0c\u6211\u4eec\u8bb2\u8ff0\u4e86\u5404\u79cd\u5404\u6837\u7684\u6545\u4e8b\u3001\u89c2\u70b9\u548c\u590d\u6742\u95ee\u9898\uff0c\u53cd\u601d\u4e86\u534e\u4fa8\u7684\u8bed\u8a00\uff0c\u56de\u5473\u4e86\u5f7c\u6b64\u7684\u8bb0\u5fc6\uff0c\u5e76\u63a2\u7d22\u4e86\u4e4c\u585e\u62c9\u8857\u533a\u7684\u4ea4\u6c47\u70b9\u548c\u8857\u9053\u3002<br><br><img loading=\"lazy\" decoding=\"async\" width=\"750\" height=\"499\" class=\"wp-image-455\" style=\"width: 750px;\" src=\"https:\/\/xiaoxirou.com\/wp-content\/uploads\/2025\/05\/dramas-de-barrio-usera-1.webp\" alt=\"\" srcset=\"https:\/\/xiaoxirou.com\/wp-content\/uploads\/2025\/05\/dramas-de-barrio-usera-1.webp 800w, https:\/\/xiaoxirou.com\/wp-content\/uploads\/2025\/05\/dramas-de-barrio-usera-1-300x200.webp 300w, https:\/\/xiaoxirou.com\/wp-content\/uploads\/2025\/05\/dramas-de-barrio-usera-1-768x511.webp 768w\" sizes=\"auto, (max-width: 750px) 100vw, 750px\" \/><\/p><div class=\"uagb-timeline__arrow\"><\/div><\/div><\/div><div class=\"uagb-timeline__date-new\"><\/div><\/article>\n<div class=\"uagb-timeline__line\"><div class=\"uagb-timeline__line__inner\"><\/div><\/div><\/div>\n<\/div><\/div>\n<\/div><\/div>","protected":false},"excerpt":{"rendered":"<p>Direcci\u00f3n y comisariado A lo largo de mi trayectoria, he impulsado y dirigido diversos proyectos culturales, art\u00edsticos y educativos. He [&hellip;]<\/p>\n","protected":false},"author":2,"featured_media":0,"parent":63,"menu_order":0,"comment_status":"closed","ping_status":"closed","template":"","meta":{"_uag_custom_page_level_css":"","site-sidebar-layout":"default","site-content-layout":"","ast-site-content-layout":"default","site-content-style":"default","site-sidebar-style":"default","ast-global-header-display":"","ast-banner-title-visibility":"","ast-main-header-display":"","ast-hfb-above-header-display":"","ast-hfb-below-header-display":"","ast-hfb-mobile-header-display":"","site-post-title":"","ast-breadcrumbs-content":"","ast-featured-img":"","footer-sml-layout":"","ast-disable-related-posts":"","theme-transparent-header-meta":"","adv-header-id-meta":"","stick-header-meta":"","header-above-stick-meta":"","header-main-stick-meta":"","header-below-stick-meta":"","astra-migrate-meta-layouts":"default","ast-page-background-enabled":"default","ast-page-background-meta":{"desktop":{"background-color":"var(--ast-global-color-5)","background-image":"","background-repeat":"repeat","background-position":"center center","background-size":"auto","background-attachment":"scroll","background-type":"","background-media":"","overlay-type":"","overlay-color":"","overlay-opacity":"","overlay-gradient":""},"tablet":{"background-color":"","background-image":"","background-repeat":"repeat","background-position":"center center","background-size":"auto","background-attachment":"scroll","background-type":"","background-media":"","overlay-type":"","overlay-color":"","overlay-opacity":"","overlay-gradient":""},"mobile":{"background-color":"","background-image":"","background-repeat":"repeat","background-position":"center center","background-size":"auto","background-attachment":"scroll","background-type":"","background-media":"","overlay-type":"","overlay-color":"","overlay-opacity":"","overlay-gradient":""}},"ast-content-background-meta":{"desktop":{"background-color":"var(--ast-global-color-4)","background-image":"","background-repeat":"repeat","background-position":"center center","background-size":"auto","background-attachment":"scroll","background-type":"","background-media":"","overlay-type":"","overlay-color":"","overlay-opacity":"","overlay-gradient":""},"tablet":{"background-color":"var(--ast-global-color-4)","background-image":"","background-repeat":"repeat","background-position":"center center","background-size":"auto","background-attachment":"scroll","background-type":"","background-media":"","overlay-type":"","overlay-color":"","overlay-opacity":"","overlay-gradient":""},"mobile":{"background-color":"var(--ast-global-color-4)","background-image":"","background-repeat":"repeat","background-position":"center center","background-size":"auto","background-attachment":"scroll","background-type":"","background-media":"","overlay-type":"","overlay-color":"","overlay-opacity":"","overlay-gradient":""}},"footnotes":""},"class_list":["post-75","page","type-page","status-publish","hentry"],"yoast_head":"<!-- This site is optimized with the Yoast SEO Premium plugin v20.10 (Yoast SEO v27.4) - https:\/\/yoast.com\/product\/yoast-seo-premium-wordpress\/ -->\n<title>Direcci\u00f3n - Xiao Xirou<\/title>\n<meta name=\"robots\" content=\"index, follow, max-snippet:-1, max-image-preview:large, max-video-preview:-1\" \/>\n<link rel=\"canonical\" href=\"https:\/\/xiaoxirou.com\/zh\/servicios\/direccion\/\" \/>\n<meta property=\"og:locale\" content=\"zh_CN\" \/>\n<meta property=\"og:type\" content=\"article\" \/>\n<meta property=\"og:title\" content=\"Direcci\u00f3n\" \/>\n<meta property=\"og:description\" content=\"Direcci\u00f3n y comisariado A lo largo de mi trayectoria, he impulsado y dirigido diversos proyectos culturales, art\u00edsticos y educativos. He [&hellip;]\" \/>\n<meta property=\"og:url\" content=\"https:\/\/xiaoxirou.com\/zh\/servicios\/direccion\/\" \/>\n<meta property=\"og:site_name\" content=\"Xiao Xirou\" \/>\n<meta property=\"article:modified_time\" content=\"2025-08-07T05:11:26+00:00\" \/>\n<meta property=\"og:image\" content=\"https:\/\/xiaoxirou.com\/wp-content\/uploads\/2025\/06\/museo-nacional-de-antropologia-1.webp\" \/>\n\t<meta property=\"og:image:width\" content=\"900\" \/>\n\t<meta property=\"og:image:height\" content=\"1200\" \/>\n\t<meta property=\"og:image:type\" content=\"image\/webp\" \/>\n<meta name=\"twitter:card\" content=\"summary_large_image\" \/>\n<meta name=\"twitter:label1\" content=\"\u9884\u8ba1\u9605\u8bfb\u65f6\u95f4\" \/>\n\t<meta name=\"twitter:data1\" content=\"2 \u5206\" \/>\n<script type=\"application\/ld+json\" class=\"yoast-schema-graph\">{\"@context\":\"https:\\\/\\\/schema.org\",\"@graph\":[{\"@type\":\"WebPage\",\"@id\":\"https:\\\/\\\/xiaoxirou.com\\\/servicios\\\/direccion\\\/\",\"url\":\"https:\\\/\\\/xiaoxirou.com\\\/servicios\\\/direccion\\\/\",\"name\":\"Direcci\u00f3n - Xiao Xirou\",\"isPartOf\":{\"@id\":\"https:\\\/\\\/xiaoxirou.com\\\/#website\"},\"primaryImageOfPage\":{\"@id\":\"https:\\\/\\\/xiaoxirou.com\\\/servicios\\\/direccion\\\/#primaryimage\"},\"image\":{\"@id\":\"https:\\\/\\\/xiaoxirou.com\\\/servicios\\\/direccion\\\/#primaryimage\"},\"thumbnailUrl\":\"https:\\\/\\\/xiaoxirou.com\\\/wp-content\\\/uploads\\\/2025\\\/06\\\/museo-nacional-de-antropologia-1.webp\",\"datePublished\":\"2025-05-19T15:11:18+00:00\",\"dateModified\":\"2025-08-07T05:11:26+00:00\",\"breadcrumb\":{\"@id\":\"https:\\\/\\\/xiaoxirou.com\\\/servicios\\\/direccion\\\/#breadcrumb\"},\"inLanguage\":\"zh-Hans\",\"potentialAction\":[{\"@type\":\"ReadAction\",\"target\":[\"https:\\\/\\\/xiaoxirou.com\\\/servicios\\\/direccion\\\/\"]}]},{\"@type\":\"ImageObject\",\"inLanguage\":\"zh-Hans\",\"@id\":\"https:\\\/\\\/xiaoxirou.com\\\/servicios\\\/direccion\\\/#primaryimage\",\"url\":\"https:\\\/\\\/xiaoxirou.com\\\/wp-content\\\/uploads\\\/2025\\\/06\\\/museo-nacional-de-antropologia-1.webp\",\"contentUrl\":\"https:\\\/\\\/xiaoxirou.com\\\/wp-content\\\/uploads\\\/2025\\\/06\\\/museo-nacional-de-antropologia-1.webp\"},{\"@type\":\"BreadcrumbList\",\"@id\":\"https:\\\/\\\/xiaoxirou.com\\\/servicios\\\/direccion\\\/#breadcrumb\",\"itemListElement\":[{\"@type\":\"ListItem\",\"position\":1,\"name\":\"Home\",\"item\":\"https:\\\/\\\/xiaoxirou.com\\\/\"},{\"@type\":\"ListItem\",\"position\":2,\"name\":\"Servicios\",\"item\":\"https:\\\/\\\/xiaoxirou-i9lxxjjv2d.live-website.com\\\/servicios\\\/\"},{\"@type\":\"ListItem\",\"position\":3,\"name\":\"Direcci\u00f3n\"}]},{\"@type\":\"WebSite\",\"@id\":\"https:\\\/\\\/xiaoxirou.com\\\/#website\",\"url\":\"https:\\\/\\\/xiaoxirou.com\\\/\",\"name\":\"Xiao Xirou\",\"description\":\"Just another WordPress site\",\"publisher\":{\"@id\":\"https:\\\/\\\/xiaoxirou.com\\\/#organization\"},\"potentialAction\":[{\"@type\":\"SearchAction\",\"target\":{\"@type\":\"EntryPoint\",\"urlTemplate\":\"https:\\\/\\\/xiaoxirou.com\\\/?s={search_term_string}\"},\"query-input\":{\"@type\":\"PropertyValueSpecification\",\"valueRequired\":true,\"valueName\":\"search_term_string\"}}],\"inLanguage\":\"zh-Hans\"},{\"@type\":\"Organization\",\"@id\":\"https:\\\/\\\/xiaoxirou.com\\\/#organization\",\"name\":\"Xiao Xirou\",\"url\":\"https:\\\/\\\/xiaoxirou.com\\\/\",\"logo\":{\"@type\":\"ImageObject\",\"inLanguage\":\"zh-Hans\",\"@id\":\"https:\\\/\\\/xiaoxirou.com\\\/#\\\/schema\\\/logo\\\/image\\\/\",\"url\":\"https:\\\/\\\/xiaoxirou.com\\\/wp-content\\\/uploads\\\/2025\\\/05\\\/cropped-Xiao-Xirou.png\",\"contentUrl\":\"https:\\\/\\\/xiaoxirou.com\\\/wp-content\\\/uploads\\\/2025\\\/05\\\/cropped-Xiao-Xirou.png\",\"width\":220,\"height\":148,\"caption\":\"Xiao Xirou\"},\"image\":{\"@id\":\"https:\\\/\\\/xiaoxirou.com\\\/#\\\/schema\\\/logo\\\/image\\\/\"}}]}<\/script>\n<!-- \/ Yoast SEO Premium plugin. -->","yoast_head_json":{"title":"Direcci\u00f3n - Xiao Xirou","robots":{"index":"index","follow":"follow","max-snippet":"max-snippet:-1","max-image-preview":"max-image-preview:large","max-video-preview":"max-video-preview:-1"},"canonical":"https:\/\/xiaoxirou.com\/zh\/servicios\/direccion\/","og_locale":"zh_CN","og_type":"article","og_title":"Direcci\u00f3n","og_description":"Direcci\u00f3n y comisariado A lo largo de mi trayectoria, he impulsado y dirigido diversos proyectos culturales, art\u00edsticos y educativos. He [&hellip;]","og_url":"https:\/\/xiaoxirou.com\/zh\/servicios\/direccion\/","og_site_name":"Xiao Xirou","article_modified_time":"2025-08-07T05:11:26+00:00","og_image":[{"width":900,"height":1200,"url":"https:\/\/xiaoxirou.com\/wp-content\/uploads\/2025\/06\/museo-nacional-de-antropologia-1.webp","type":"image\/webp"}],"twitter_card":"summary_large_image","twitter_misc":{"\u9884\u8ba1\u9605\u8bfb\u65f6\u95f4":"2 \u5206"},"schema":{"@context":"https:\/\/schema.org","@graph":[{"@type":"WebPage","@id":"https:\/\/xiaoxirou.com\/servicios\/direccion\/","url":"https:\/\/xiaoxirou.com\/servicios\/direccion\/","name":"Direcci\u00f3n - Xiao Xirou","isPartOf":{"@id":"https:\/\/xiaoxirou.com\/#website"},"primaryImageOfPage":{"@id":"https:\/\/xiaoxirou.com\/servicios\/direccion\/#primaryimage"},"image":{"@id":"https:\/\/xiaoxirou.com\/servicios\/direccion\/#primaryimage"},"thumbnailUrl":"https:\/\/xiaoxirou.com\/wp-content\/uploads\/2025\/06\/museo-nacional-de-antropologia-1.webp","datePublished":"2025-05-19T15:11:18+00:00","dateModified":"2025-08-07T05:11:26+00:00","breadcrumb":{"@id":"https:\/\/xiaoxirou.com\/servicios\/direccion\/#breadcrumb"},"inLanguage":"zh-Hans","potentialAction":[{"@type":"ReadAction","target":["https:\/\/xiaoxirou.com\/servicios\/direccion\/"]}]},{"@type":"ImageObject","inLanguage":"zh-Hans","@id":"https:\/\/xiaoxirou.com\/servicios\/direccion\/#primaryimage","url":"https:\/\/xiaoxirou.com\/wp-content\/uploads\/2025\/06\/museo-nacional-de-antropologia-1.webp","contentUrl":"https:\/\/xiaoxirou.com\/wp-content\/uploads\/2025\/06\/museo-nacional-de-antropologia-1.webp"},{"@type":"BreadcrumbList","@id":"https:\/\/xiaoxirou.com\/servicios\/direccion\/#breadcrumb","itemListElement":[{"@type":"ListItem","position":1,"name":"Home","item":"https:\/\/xiaoxirou.com\/"},{"@type":"ListItem","position":2,"name":"Servicios","item":"https:\/\/xiaoxirou-i9lxxjjv2d.live-website.com\/servicios\/"},{"@type":"ListItem","position":3,"name":"Direcci\u00f3n"}]},{"@type":"WebSite","@id":"https:\/\/xiaoxirou.com\/#website","url":"https:\/\/xiaoxirou.com\/","name":"\u8096\u60dc\u67d4","description":"\u53c8\u4e00\u4e2a WordPress \u7f51\u7ad9","publisher":{"@id":"https:\/\/xiaoxirou.com\/#organization"},"potentialAction":[{"@type":"SearchAction","target":{"@type":"EntryPoint","urlTemplate":"https:\/\/xiaoxirou.com\/?s={search_term_string}"},"query-input":{"@type":"PropertyValueSpecification","valueRequired":true,"valueName":"search_term_string"}}],"inLanguage":"zh-Hans"},{"@type":"Organization","@id":"https:\/\/xiaoxirou.com\/#organization","name":"\u8096\u60dc\u67d4","url":"https:\/\/xiaoxirou.com\/","logo":{"@type":"ImageObject","inLanguage":"zh-Hans","@id":"https:\/\/xiaoxirou.com\/#\/schema\/logo\/image\/","url":"https:\/\/xiaoxirou.com\/wp-content\/uploads\/2025\/05\/cropped-Xiao-Xirou.png","contentUrl":"https:\/\/xiaoxirou.com\/wp-content\/uploads\/2025\/05\/cropped-Xiao-Xirou.png","width":220,"height":148,"caption":"Xiao Xirou"},"image":{"@id":"https:\/\/xiaoxirou.com\/#\/schema\/logo\/image\/"}}]}},"uagb_featured_image_src":{"full":false,"thumbnail":false,"medium":false,"medium_large":false,"large":false,"1536x1536":false,"2048x2048":false,"trp-custom-language-flag":false},"uagb_author_info":{"display_name":"Naomi Pastor Flores","author_link":"https:\/\/xiaoxirou.com\/zh\/author\/mondo\/"},"uagb_comment_info":0,"uagb_excerpt":"Direcci\u00f3n y comisariado A lo largo de mi trayectoria, he impulsado y dirigido diversos proyectos culturales, art\u00edsticos y educativos. He [&hellip;]","_links":{"self":[{"href":"https:\/\/xiaoxirou.com\/zh\/wp-json\/wp\/v2\/pages\/75","targetHints":{"allow":["GET"]}}],"collection":[{"href":"https:\/\/xiaoxirou.com\/zh\/wp-json\/wp\/v2\/pages"}],"about":[{"href":"https:\/\/xiaoxirou.com\/zh\/wp-json\/wp\/v2\/types\/page"}],"author":[{"embeddable":true,"href":"https:\/\/xiaoxirou.com\/zh\/wp-json\/wp\/v2\/users\/2"}],"replies":[{"embeddable":true,"href":"https:\/\/xiaoxirou.com\/zh\/wp-json\/wp\/v2\/comments?post=75"}],"version-history":[{"count":5,"href":"https:\/\/xiaoxirou.com\/zh\/wp-json\/wp\/v2\/pages\/75\/revisions"}],"predecessor-version":[{"id":2735,"href":"https:\/\/xiaoxirou.com\/zh\/wp-json\/wp\/v2\/pages\/75\/revisions\/2735"}],"up":[{"embeddable":true,"href":"https:\/\/xiaoxirou.com\/zh\/wp-json\/wp\/v2\/pages\/63"}],"wp:attachment":[{"href":"https:\/\/xiaoxirou.com\/zh\/wp-json\/wp\/v2\/media?parent=75"}],"curies":[{"name":"\u53ef\u6e7f\u6027\u7c89\u5242","href":"https:\/\/api.w.org\/{rel}","templated":true}]}}