{"id":79,"date":"2025-05-19T15:12:57","date_gmt":"2025-05-19T15:12:57","guid":{"rendered":"https:\/\/xiaoxirou.com\/?page_id=79"},"modified":"2025-06-14T10:19:50","modified_gmt":"2025-06-14T10:19:50","slug":"coach","status":"publish","type":"page","link":"https:\/\/xiaoxirou.com\/zh\/servicios\/coach\/","title":{"rendered":"\u6559\u7ec3"},"content":{"rendered":"<div class=\"wp-block-uagb-container uagb-block-f42f1c46 alignfull uagb-is-root-container\"><div class=\"uagb-container-inner-blocks-wrap\">\n<h1 class=\"wp-block-heading\" style=\"margin-top:var(--wp--preset--spacing--80)\"><strong><strong><strong>\u6587\u5316\u827a\u672f\u9879\u76ee\u6559\u7ec3<\/strong><\/strong><\/strong><\/h1>\n\n\n\n<p>\u9879\u76ee\u8f85\u5bfc\u662f\u4e00\u79cd\u6218\u7565\u65b9\u6cd5\uff0c\u65e8\u5728\u5e2e\u52a9\u60a8\u5728\u6587\u5316\u6216\u827a\u672f\u9879\u76ee\u53d1\u5c55\u7684\u6bcf\u4e2a\u9636\u6bb5\u90fd\u80fd\u83b7\u5f97\u5e2e\u52a9\u3002\u65e0\u8bba\u662f\u521d\u5177\u96cf\u5f62\u7684\u60f3\u6cd5\u8fd8\u662f\u6b63\u5728\u8fdb\u884c\u7684\u8ba1\u5212\uff0c\u6211\u90fd\u80fd\u5e2e\u52a9\u60a8\u89c4\u5212\u3001\u6267\u884c\u548c\u76d1\u7763\uff0c\u8ba9\u60a8\u6e05\u6670\u800c\u4e13\u6ce8\u5730\u63a8\u8fdb\u9879\u76ee\u3002<\/p>\n\n\n\n<h2 class=\"wp-block-heading\"><strong>\u5b83\u662f\u5982\u4f55\u5de5\u4f5c\u7684\uff1f<\/strong><\/h2>\n\n\n\n<ul class=\"wp-block-list\">\n<li><strong>\u521d\u6b65\u8bca\u65ad\uff1a<\/strong> \u6211\u542c\u53d6\u4e86\u60a8\u7684\u9879\u76ee\u5e76\u5206\u6790\u4e86\u5176\u4e2d\u9762\u4e34\u7684\u6311\u6218\u3002<\/li>\n\n\n\n<li><strong>\u76ee\u6807\u5b9a\u4e49\uff1a<\/strong> \u6211\u4eec\u8bbe\u5b9a\u4e86\u660e\u786e\u4e14\u53ef\u5b9e\u73b0\u7684\u76ee\u6807\u3002<\/li>\n\n\n\n<li><strong>\u884c\u52a8\u8ba1\u5212\uff1a<\/strong> \u6211\u4eec\u6839\u636e\u60a8\u7684\u9700\u6c42\u548c\u65f6\u95f4\u8303\u56f4\u8bbe\u8ba1\u76f8\u5e94\u7684\u7b56\u7565\u3002<\/li>\n\n\n\n<li><strong>\u540e\u7eed\u884c\u52a8\uff1a<\/strong> \u6211\u4f1a\u5728\u6574\u4e2a\u8fc7\u7a0b\u4e2d\u966a\u4f34\u60a8\uff0c\u5e76\u8fdb\u884c\u5fc5\u8981\u7684\u8c03\u6574\u3002<\/li>\n\n\n\n<li><strong>\u6700\u7ec8\u8bc4\u4f30\uff1a<\/strong> \u6211\u4eec\u53cd\u601d\u6240\u5b66\u5230\u7684\u77e5\u8bc6\u548c\u53d6\u5f97\u7684\u6210\u679c\u3002<\/li>\n<\/ul>\n\n\n\n<h2 class=\"wp-block-heading\"><strong>\u4e3a\u4ec0\u4e48\u9009\u62e9\u8fd9\u4e2a\u4f34\u594f\uff1f<\/strong><\/h2>\n\n\n\n<ul class=\"wp-block-list\">\n<li><strong>\u6e05\u6670\u5ea6\u548c\u91cd\u70b9\uff1a<\/strong> \u6211\u5e2e\u52a9\u4f60\u6574\u7406\u4f60\u7684\u60f3\u6cd5\u5e76\u4fdd\u6301\u6b63\u8f68\u3002<\/li>\n\n\n\n<li><strong>\u6301\u7eed\u53d1\u5c55\uff1a<\/strong> \u60a8\u5c06\u589e\u5f3a\u60a8\u7684\u51b3\u7b56\u548c\u7ba1\u7406\u6280\u80fd\u3002<\/li>\n\n\n\n<li><strong>\u4e2a\u6027\u5316\u4f34\u594f\uff1a<\/strong> \u4ece\u6784\u601d\u5230\u5b9e\u65bd\uff0c\u6211\u90fd\u4f1a\u966a\u4f34\u5728\u60a8\u8eab\u8fb9\u3002<\/li>\n<\/ul>\n\n\n\n<h2 class=\"wp-block-heading\"><strong>\u5b83\u9488\u5bf9\u7684\u662f\u54ea\u4e9b\u4eba\uff1f<\/strong><\/h2>\n\n\n\n<p>\u5bf9\u4e8e\u60f3\u8981\u5c06\u60f3\u6cd5\u8f6c\u5316\u4e3a\u9879\u76ee\u6216\u5c06\u9879\u76ee\u8f6c\u5316\u4e3a\u73b0\u5b9e\u7684\u827a\u672f\u5bb6\u3001\u7ecf\u7406\u3001\u5236\u4f5c\u4eba\u3001\u7b56\u5c55\u4eba\u6216\u521b\u610f\u4eba\u5458\u6765\u8bf4\u3002<\/p>\n\n\n\n<p><strong>\u6211\u9080\u8bf7\u60a8\u53c2\u52a0\u514d\u8d39\u7684\u7b2c\u4e00\u6b21\u4f1a\u8bae\u3002<\/strong> <a href=\"https:\/\/xiaoxirou.com\/zh\/contacto\/\">\u8ba9\u6211\u4eec\u5f00\u59cb\u5851\u9020\u4f60\u60f3\u8981\u521b\u9020\u7684\u4e1c\u897f<\/a>.<br><\/p>\n<\/div><\/div>","protected":false},"excerpt":{"rendered":"<p>Coach de Proyecto Cultural y Art\u00edstico El coaching de proyecto es un acompa\u00f1amiento estrat\u00e9gico pensado para ayudarte en cada etapa [&hellip;]<\/p>\n","protected":false},"author":2,"featured_media":0,"parent":63,"menu_order":0,"comment_status":"closed","ping_status":"closed","template":"","meta":{"_uag_custom_page_level_css":"","site-sidebar-layout":"default","site-content-layout":"","ast-site-content-layout":"","site-content-style":"default","site-sidebar-style":"default","ast-global-header-display":"","ast-banner-title-visibility":"","ast-main-header-display":"","ast-hfb-above-header-display":"","ast-hfb-below-header-display":"","ast-hfb-mobile-header-display":"","site-post-title":"disabled","ast-breadcrumbs-content":"","ast-featured-img":"","footer-sml-layout":"","ast-disable-related-posts":"","theme-transparent-header-meta":"","adv-header-id-meta":"","stick-header-meta":"","header-above-stick-meta":"","header-main-stick-meta":"","header-below-stick-meta":"","astra-migrate-meta-layouts":"default","ast-page-background-enabled":"default","ast-page-background-meta":{"desktop":{"background-color":"var(--ast-global-color-5)","background-image":"","background-repeat":"repeat","background-position":"center center","background-size":"auto","background-attachment":"scroll","background-type":"","background-media":"","overlay-type":"","overlay-color":"","overlay-opacity":"","overlay-gradient":""},"tablet":{"background-color":"","background-image":"","background-repeat":"repeat","background-position":"center center","background-size":"auto","background-attachment":"scroll","background-type":"","background-media":"","overlay-type":"","overlay-color":"","overlay-opacity":"","overlay-gradient":""},"mobile":{"background-color":"","background-image":"","background-repeat":"repeat","background-position":"center center","background-size":"auto","background-attachment":"scroll","background-type":"","background-media":"","overlay-type":"","overlay-color":"","overlay-opacity":"","overlay-gradient":""}},"ast-content-background-meta":{"desktop":{"background-color":"var(--ast-global-color-4)","background-image":"","background-repeat":"repeat","background-position":"center center","background-size":"auto","background-attachment":"scroll","background-type":"","background-media":"","overlay-type":"","overlay-color":"","overlay-opacity":"","overlay-gradient":""},"tablet":{"background-color":"var(--ast-global-color-4)","background-image":"","background-repeat":"repeat","background-position":"center center","background-size":"auto","background-attachment":"scroll","background-type":"","background-media":"","overlay-type":"","overlay-color":"","overlay-opacity":"","overlay-gradient":""},"mobile":{"background-color":"var(--ast-global-color-4)","background-image":"","background-repeat":"repeat","background-position":"center center","background-size":"auto","background-attachment":"scroll","background-type":"","background-media":"","overlay-type":"","overlay-color":"","overlay-opacity":"","overlay-gradient":""}},"footnotes":""},"class_list":["post-79","page","type-page","status-publish","hentry"],"yoast_head":"<!-- This site is optimized with the Yoast SEO Premium plugin v20.10 (Yoast SEO v27.4) - https:\/\/yoast.com\/product\/yoast-seo-premium-wordpress\/ -->\n<title>Coach - Xiao Xirou<\/title>\n<meta name=\"robots\" content=\"index, follow, max-snippet:-1, max-image-preview:large, max-video-preview:-1\" \/>\n<link rel=\"canonical\" href=\"https:\/\/xiaoxirou-i9lxxjjv2d.live-website.com\/servicios\/coach\/\" \/>\n<meta property=\"og:locale\" content=\"zh_CN\" \/>\n<meta property=\"og:type\" content=\"article\" \/>\n<meta property=\"og:title\" content=\"Coach\" \/>\n<meta property=\"og:description\" content=\"Coach de Proyecto Cultural y Art\u00edstico El coaching de proyecto es un acompa\u00f1amiento estrat\u00e9gico pensado para ayudarte en cada etapa [&hellip;]\" \/>\n<meta property=\"og:url\" content=\"https:\/\/xiaoxirou-i9lxxjjv2d.live-website.com\/servicios\/coach\/\" \/>\n<meta property=\"og:site_name\" content=\"Xiao Xirou\" \/>\n<meta property=\"article:modified_time\" content=\"2025-06-14T10:19:50+00:00\" \/>\n<meta name=\"twitter:card\" content=\"summary_large_image\" \/>\n<meta name=\"twitter:label1\" content=\"\u9884\u8ba1\u9605\u8bfb\u65f6\u95f4\" \/>\n\t<meta name=\"twitter:data1\" content=\"1 \u5206\" \/>\n<script type=\"application\/ld+json\" class=\"yoast-schema-graph\">{\"@context\":\"https:\\\/\\\/schema.org\",\"@graph\":[{\"@type\":\"WebPage\",\"@id\":\"https:\\\/\\\/xiaoxirou-i9lxxjjv2d.live-website.com\\\/servicios\\\/coach\\\/\",\"url\":\"https:\\\/\\\/xiaoxirou-i9lxxjjv2d.live-website.com\\\/servicios\\\/coach\\\/\",\"name\":\"Coach - Xiao Xirou\",\"isPartOf\":{\"@id\":\"https:\\\/\\\/xiaoxirou.com\\\/#website\"},\"datePublished\":\"2025-05-19T15:12:57+00:00\",\"dateModified\":\"2025-06-14T10:19:50+00:00\",\"breadcrumb\":{\"@id\":\"https:\\\/\\\/xiaoxirou-i9lxxjjv2d.live-website.com\\\/servicios\\\/coach\\\/#breadcrumb\"},\"inLanguage\":\"zh-Hans\",\"potentialAction\":[{\"@type\":\"ReadAction\",\"target\":[\"https:\\\/\\\/xiaoxirou-i9lxxjjv2d.live-website.com\\\/servicios\\\/coach\\\/\"]}]},{\"@type\":\"BreadcrumbList\",\"@id\":\"https:\\\/\\\/xiaoxirou-i9lxxjjv2d.live-website.com\\\/servicios\\\/coach\\\/#breadcrumb\",\"itemListElement\":[{\"@type\":\"ListItem\",\"position\":1,\"name\":\"Home\",\"item\":\"https:\\\/\\\/xiaoxirou.com\\\/\"},{\"@type\":\"ListItem\",\"position\":2,\"name\":\"Servicios\",\"item\":\"https:\\\/\\\/xiaoxirou-i9lxxjjv2d.live-website.com\\\/servicios\\\/\"},{\"@type\":\"ListItem\",\"position\":3,\"name\":\"Coach\"}]},{\"@type\":\"WebSite\",\"@id\":\"https:\\\/\\\/xiaoxirou.com\\\/#website\",\"url\":\"https:\\\/\\\/xiaoxirou.com\\\/\",\"name\":\"Xiao Xirou\",\"description\":\"Just another WordPress site\",\"publisher\":{\"@id\":\"https:\\\/\\\/xiaoxirou.com\\\/#organization\"},\"potentialAction\":[{\"@type\":\"SearchAction\",\"target\":{\"@type\":\"EntryPoint\",\"urlTemplate\":\"https:\\\/\\\/xiaoxirou.com\\\/?s={search_term_string}\"},\"query-input\":{\"@type\":\"PropertyValueSpecification\",\"valueRequired\":true,\"valueName\":\"search_term_string\"}}],\"inLanguage\":\"zh-Hans\"},{\"@type\":\"Organization\",\"@id\":\"https:\\\/\\\/xiaoxirou.com\\\/#organization\",\"name\":\"Xiao Xirou\",\"url\":\"https:\\\/\\\/xiaoxirou.com\\\/\",\"logo\":{\"@type\":\"ImageObject\",\"inLanguage\":\"zh-Hans\",\"@id\":\"https:\\\/\\\/xiaoxirou.com\\\/#\\\/schema\\\/logo\\\/image\\\/\",\"url\":\"https:\\\/\\\/xiaoxirou.com\\\/wp-content\\\/uploads\\\/2025\\\/05\\\/cropped-Xiao-Xirou.png\",\"contentUrl\":\"https:\\\/\\\/xiaoxirou.com\\\/wp-content\\\/uploads\\\/2025\\\/05\\\/cropped-Xiao-Xirou.png\",\"width\":220,\"height\":148,\"caption\":\"Xiao Xirou\"},\"image\":{\"@id\":\"https:\\\/\\\/xiaoxirou.com\\\/#\\\/schema\\\/logo\\\/image\\\/\"}}]}<\/script>\n<!-- \/ Yoast SEO Premium plugin. -->","yoast_head_json":{"title":"Coach - Xiao Xirou","robots":{"index":"index","follow":"follow","max-snippet":"max-snippet:-1","max-image-preview":"max-image-preview:large","max-video-preview":"max-video-preview:-1"},"canonical":"https:\/\/xiaoxirou-i9lxxjjv2d.live-website.com\/servicios\/coach\/","og_locale":"zh_CN","og_type":"article","og_title":"Coach","og_description":"Coach de Proyecto Cultural y Art\u00edstico El coaching de proyecto es un acompa\u00f1amiento estrat\u00e9gico pensado para ayudarte en cada etapa [&hellip;]","og_url":"https:\/\/xiaoxirou-i9lxxjjv2d.live-website.com\/servicios\/coach\/","og_site_name":"Xiao Xirou","article_modified_time":"2025-06-14T10:19:50+00:00","twitter_card":"summary_large_image","twitter_misc":{"\u9884\u8ba1\u9605\u8bfb\u65f6\u95f4":"1 \u5206"},"schema":{"@context":"https:\/\/schema.org","@graph":[{"@type":"WebPage","@id":"https:\/\/xiaoxirou-i9lxxjjv2d.live-website.com\/servicios\/coach\/","url":"https:\/\/xiaoxirou-i9lxxjjv2d.live-website.com\/servicios\/coach\/","name":"Coach - Xiao Xirou","isPartOf":{"@id":"https:\/\/xiaoxirou.com\/#website"},"datePublished":"2025-05-19T15:12:57+00:00","dateModified":"2025-06-14T10:19:50+00:00","breadcrumb":{"@id":"https:\/\/xiaoxirou-i9lxxjjv2d.live-website.com\/servicios\/coach\/#breadcrumb"},"inLanguage":"zh-Hans","potentialAction":[{"@type":"ReadAction","target":["https:\/\/xiaoxirou-i9lxxjjv2d.live-website.com\/servicios\/coach\/"]}]},{"@type":"BreadcrumbList","@id":"https:\/\/xiaoxirou-i9lxxjjv2d.live-website.com\/servicios\/coach\/#breadcrumb","itemListElement":[{"@type":"ListItem","position":1,"name":"Home","item":"https:\/\/xiaoxirou.com\/"},{"@type":"ListItem","position":2,"name":"Servicios","item":"https:\/\/xiaoxirou-i9lxxjjv2d.live-website.com\/servicios\/"},{"@type":"ListItem","position":3,"name":"Coach"}]},{"@type":"WebSite","@id":"https:\/\/xiaoxirou.com\/#website","url":"https:\/\/xiaoxirou.com\/","name":"\u8096\u60dc\u67d4","description":"\u53c8\u4e00\u4e2a WordPress \u7f51\u7ad9","publisher":{"@id":"https:\/\/xiaoxirou.com\/#organization"},"potentialAction":[{"@type":"SearchAction","target":{"@type":"EntryPoint","urlTemplate":"https:\/\/xiaoxirou.com\/?s={search_term_string}"},"query-input":{"@type":"PropertyValueSpecification","valueRequired":true,"valueName":"search_term_string"}}],"inLanguage":"zh-Hans"},{"@type":"Organization","@id":"https:\/\/xiaoxirou.com\/#organization","name":"\u8096\u60dc\u67d4","url":"https:\/\/xiaoxirou.com\/","logo":{"@type":"ImageObject","inLanguage":"zh-Hans","@id":"https:\/\/xiaoxirou.com\/#\/schema\/logo\/image\/","url":"https:\/\/xiaoxirou.com\/wp-content\/uploads\/2025\/05\/cropped-Xiao-Xirou.png","contentUrl":"https:\/\/xiaoxirou.com\/wp-content\/uploads\/2025\/05\/cropped-Xiao-Xirou.png","width":220,"height":148,"caption":"Xiao Xirou"},"image":{"@id":"https:\/\/xiaoxirou.com\/#\/schema\/logo\/image\/"}}]}},"uagb_featured_image_src":{"full":false,"thumbnail":false,"medium":false,"medium_large":false,"large":false,"1536x1536":false,"2048x2048":false,"trp-custom-language-flag":false},"uagb_author_info":{"display_name":"Naomi Pastor Flores","author_link":"https:\/\/xiaoxirou.com\/zh\/author\/mondo\/"},"uagb_comment_info":0,"uagb_excerpt":"Coach de Proyecto Cultural y Art\u00edstico El coaching de proyecto es un acompa\u00f1amiento estrat\u00e9gico pensado para ayudarte en cada etapa [&hellip;]","_links":{"self":[{"href":"https:\/\/xiaoxirou.com\/zh\/wp-json\/wp\/v2\/pages\/79","targetHints":{"allow":["GET"]}}],"collection":[{"href":"https:\/\/xiaoxirou.com\/zh\/wp-json\/wp\/v2\/pages"}],"about":[{"href":"https:\/\/xiaoxirou.com\/zh\/wp-json\/wp\/v2\/types\/page"}],"author":[{"embeddable":true,"href":"https:\/\/xiaoxirou.com\/zh\/wp-json\/wp\/v2\/users\/2"}],"replies":[{"embeddable":true,"href":"https:\/\/xiaoxirou.com\/zh\/wp-json\/wp\/v2\/comments?post=79"}],"version-history":[{"count":4,"href":"https:\/\/xiaoxirou.com\/zh\/wp-json\/wp\/v2\/pages\/79\/revisions"}],"predecessor-version":[{"id":2091,"href":"https:\/\/xiaoxirou.com\/zh\/wp-json\/wp\/v2\/pages\/79\/revisions\/2091"}],"up":[{"embeddable":true,"href":"https:\/\/xiaoxirou.com\/zh\/wp-json\/wp\/v2\/pages\/63"}],"wp:attachment":[{"href":"https:\/\/xiaoxirou.com\/zh\/wp-json\/wp\/v2\/media?parent=79"}],"curies":[{"name":"\u53ef\u6e7f\u6027\u7c89\u5242","href":"https:\/\/api.w.org\/{rel}","templated":true}]}}